{"id":971,"date":"2014-11-24T07:30:40","date_gmt":"2014-11-24T06:30:40","guid":{"rendered":"http:\/\/wp.elmasove.com\/product\/desengraixant-energic-pist\/"},"modified":"2020-02-07T12:47:02","modified_gmt":"2020-02-07T11:47:02","slug":"desengraixant-energic-pist","status":"publish","type":"product","link":"https:\/\/tenda.elmasove.com\/es\/tienda\/neteja\/altres-complements\/desengraixant-energic-pist\/","title":{"rendered":"Desengrasante \u201cCillit Bang\u201d"},"content":{"rendered":"<p>Cillit Bang Quitagrasas es un potente limpiador que elimina la grasa incluso incrustada, la grasa requemada y los restos de comida. Su f\u00f3rmula mejorada es perfecta para limpiar y eliminar eficazmente incluso el graso m\u00e1s dif\u00edcil, en m\u00faltiples lugares como la vajilla y cuberter\u00eda, ollas y sartenes, campanas extractoras, encimeras, nevera, la cocina en general y otras zonas de la casa, la bici, las llantas del coche o incluso el garaje.<\/p>","protected":false},"excerpt":{"rendered":"<p>Potente limpiador quitagrasas que elimina la grasa incluso incrustada o requemada y los restos de comida gracias a su potente f\u00f3rmula mejorada.<\/p>","protected":false},"featured_media":970,"template":"","meta":[],"pwb-brand":[390],"product_brand":[],"product_cat":[22,78],"product_tag":[],"class_list":{"0":"post-971","1":"product","2":"type-product","3":"status-publish","4":"has-post-thumbnail","6":"pwb-brand-cillit-bang","7":"product_cat-neteja","8":"product_cat-altres-complements","10":"first","11":"instock","12":"taxable","13":"shipping-taxable","14":"purchasable","15":"product-type-simple"},"brands":[{"id":390,"name":"Cillit Bang","slug":"cillit-bang"}],"_links":{"self":[{"href":"https:\/\/tenda.elmasove.com\/es\/wp-json\/wp\/v2\/product\/971","targetHints":{"allow":["GET"]}}],"collection":[{"href":"https:\/\/tenda.elmasove.com\/es\/wp-json\/wp\/v2\/product"}],"about":[{"href":"https:\/\/tenda.elmasove.com\/es\/wp-json\/wp\/v2\/types\/product"}],"wp:featuredmedia":[{"embeddable":true,"href":"https:\/\/tenda.elmasove.com\/es\/wp-json\/wp\/v2\/media\/970"}],"wp:attachment":[{"href":"https:\/\/tenda.elmasove.com\/es\/wp-json\/wp\/v2\/media?parent=971"}],"wp:term":[{"taxonomy":"pwb-brand","embeddable":true,"href":"https:\/\/tenda.elmasove.com\/es\/wp-json\/wp\/v2\/pwb-brand?post=971"},{"taxonomy":"product_brand","embeddable":true,"href":"https:\/\/tenda.elmasove.com\/es\/wp-json\/wp\/v2\/product_brand?post=971"},{"taxonomy":"product_cat","embeddable":true,"href":"https:\/\/tenda.elmasove.com\/es\/wp-json\/wp\/v2\/product_cat?post=971"},{"taxonomy":"product_tag","embeddable":true,"href":"https:\/\/tenda.elmasove.com\/es\/wp-json\/wp\/v2\/product_tag?post=971"}],"curies":[{"name":"wp","href":"https:\/\/api.w.org\/{rel}","templated":true}]}}