{"id":97,"date":"2014-11-24T07:30:21","date_gmt":"2014-11-24T06:30:21","guid":{"rendered":"http:\/\/wp.elmasove.com\/product\/ampolla-3-4l-vi-blanc-agulla-marina\/"},"modified":"2020-01-29T13:57:13","modified_gmt":"2020-01-29T12:57:13","slug":"ampolla-3-4l-vi-blanc-agulla-marina","status":"publish","type":"product","link":"https:\/\/tenda.elmasove.com\/es\/tienda\/begudes\/vins-i-caves\/vinos\/vins-embotellats\/vins-blancs-1\/ampolla-3-4l-vi-blanc-agulla-marina\/","title":{"rendered":"Vino Blanco Aguja Marina DO Pened\u00e8s \u201cVallformosa\u201d"},"content":{"rendered":"<p>Vino de aguja color amarillo claro con variedades Xarel.lo y Parellada. Ideal para acompa\u00f1ar marisco de todo tipo, frescos o en la parrilla.Tambi\u00e9n acompa\u00f1a muy bien cualquier variedad de arroces y sopas. Graduaci\u00f3n alcoh\u00f3lica 11,5 \u00ba.<\/p>","protected":false},"excerpt":{"rendered":"<p>Vino de aguja color amarillo claro con variedades Xarel.lo y Parellada.<\/p>","protected":false},"featured_media":96,"template":"","meta":[],"pwb-brand":[194],"product_brand":[],"product_cat":[33,126,17],"product_tag":[],"class_list":{"0":"post-97","1":"product","2":"type-product","3":"status-publish","4":"has-post-thumbnail","6":"pwb-brand-vallformosa","7":"product_cat-vinos","8":"product_cat-vins-blancs-1","9":"product_cat-begudes","11":"first","12":"instock","13":"taxable","14":"shipping-taxable","15":"purchasable","16":"product-type-simple"},"brands":[{"id":194,"name":"Vallformosa","slug":"vallformosa"}],"_links":{"self":[{"href":"https:\/\/tenda.elmasove.com\/es\/wp-json\/wp\/v2\/product\/97","targetHints":{"allow":["GET"]}}],"collection":[{"href":"https:\/\/tenda.elmasove.com\/es\/wp-json\/wp\/v2\/product"}],"about":[{"href":"https:\/\/tenda.elmasove.com\/es\/wp-json\/wp\/v2\/types\/product"}],"wp:featuredmedia":[{"embeddable":true,"href":"https:\/\/tenda.elmasove.com\/es\/wp-json\/wp\/v2\/media\/96"}],"wp:attachment":[{"href":"https:\/\/tenda.elmasove.com\/es\/wp-json\/wp\/v2\/media?parent=97"}],"wp:term":[{"taxonomy":"pwb-brand","embeddable":true,"href":"https:\/\/tenda.elmasove.com\/es\/wp-json\/wp\/v2\/pwb-brand?post=97"},{"taxonomy":"product_brand","embeddable":true,"href":"https:\/\/tenda.elmasove.com\/es\/wp-json\/wp\/v2\/product_brand?post=97"},{"taxonomy":"product_cat","embeddable":true,"href":"https:\/\/tenda.elmasove.com\/es\/wp-json\/wp\/v2\/product_cat?post=97"},{"taxonomy":"product_tag","embeddable":true,"href":"https:\/\/tenda.elmasove.com\/es\/wp-json\/wp\/v2\/product_tag?post=97"}],"curies":[{"name":"wp","href":"https:\/\/api.w.org\/{rel}","templated":true}]}}