{"id":956,"date":"2014-11-24T07:30:39","date_gmt":"2014-11-24T06:30:39","guid":{"rendered":"http:\/\/wp.elmasove.com\/product\/paquet-15-un-bosses-brossa-resistents\/"},"modified":"2023-04-14T10:58:40","modified_gmt":"2023-04-14T08:58:40","slug":"bosses-escombraries-handy-bag-15u-30l","status":"publish","type":"product","link":"https:\/\/tenda.elmasove.com\/es\/tienda\/neteja\/altres-complements\/bosses-escombraries-handy-bag-15u-30l\/","title":{"rendered":"Bolsas Basura Handy Bag (15u x 30L)"},"content":{"rendered":"<p>Bolsa basura Handy Bag con un agradable perfume floral para neutralizar los malos olores y ahora con un agradable color violeta que alegrar\u00e1 tu cocina.<\/p>\n<p>Un m\u00e1ximo sellado gracias a su fondo antigoteo no deja escapar ni una gota y est\u00e1 fabricada en pl\u00e1stico resistente.<\/p>\n<p><em>15 unidades de Bolsas de basura Handy Bag de 30L<\/em><\/p>\n<h3>Informaci\u00f3n b\u00e1sica de las Handy Bag<\/h3>\n<table>\n<tbody>\n<tr>\n<td><strong>Capacidad<\/strong><\/td>\n<td>30 L<\/td>\n<\/tr>\n<tr>\n<td><strong>Uso adecuado para<\/strong><\/td>\n<td>Cubo Tradicional<\/td>\n<\/tr>\n<tr>\n<td><strong>Tipo<\/strong><\/td>\n<td>Bolsas de basura<\/td>\n<\/tr>\n<tr>\n<td><strong>Forma<\/strong><\/td>\n<td>Rectangular<\/td>\n<\/tr>\n<tr>\n<td><strong>Tipo de cierre<\/strong><\/td>\n<td>Autocierre<\/td>\n<\/tr>\n<tr>\n<td><strong>Medida alta<\/strong>, sin packaging (cm)<\/td>\n<td>55 cm<\/td>\n<\/tr>\n<tr>\n<td><strong>Medida ancha<\/strong>, sin packaging (cm)<\/td>\n<td>60 cm<\/td>\n<\/tr>\n<tr>\n<td><strong>Color<\/strong><\/td>\n<td>Violeta<\/td>\n<\/tr>\n<tr>\n<td><strong>Composici\u00f3n\/Material<\/strong><\/td>\n<td>Pl\u00e1stico<\/td>\n<\/tr>\n<tr>\n<td><strong>Especiales<\/strong><\/td>\n<td>Perfumada<\/td>\n<\/tr>\n<\/tbody>\n<\/table>","protected":false},"excerpt":{"rendered":"<p>Bolsas Brossa Handy Bag con un agradable perfume floral para neutralizar los malos olores y ahora con un agradable color violeta que alegrar\u00e1 tu cocina.<\/p>\n<p><em>15 unidades de Bolsas de Brossa Handy Bag de 30L<\/em><\/p>","protected":false},"featured_media":2450,"template":"","meta":[],"pwb-brand":[294],"product_brand":[],"product_cat":[22,78],"product_tag":[],"class_list":{"0":"post-956","1":"product","2":"type-product","3":"status-publish","4":"has-post-thumbnail","6":"pwb-brand-handy-bag","7":"product_cat-neteja","8":"product_cat-altres-complements","10":"first","11":"instock","12":"taxable","13":"shipping-taxable","14":"purchasable","15":"product-type-simple"},"brands":[{"id":294,"name":"Handy Bag","slug":"handy-bag"}],"_links":{"self":[{"href":"https:\/\/tenda.elmasove.com\/es\/wp-json\/wp\/v2\/product\/956","targetHints":{"allow":["GET"]}}],"collection":[{"href":"https:\/\/tenda.elmasove.com\/es\/wp-json\/wp\/v2\/product"}],"about":[{"href":"https:\/\/tenda.elmasove.com\/es\/wp-json\/wp\/v2\/types\/product"}],"wp:featuredmedia":[{"embeddable":true,"href":"https:\/\/tenda.elmasove.com\/es\/wp-json\/wp\/v2\/media\/2450"}],"wp:attachment":[{"href":"https:\/\/tenda.elmasove.com\/es\/wp-json\/wp\/v2\/media?parent=956"}],"wp:term":[{"taxonomy":"pwb-brand","embeddable":true,"href":"https:\/\/tenda.elmasove.com\/es\/wp-json\/wp\/v2\/pwb-brand?post=956"},{"taxonomy":"product_brand","embeddable":true,"href":"https:\/\/tenda.elmasove.com\/es\/wp-json\/wp\/v2\/product_brand?post=956"},{"taxonomy":"product_cat","embeddable":true,"href":"https:\/\/tenda.elmasove.com\/es\/wp-json\/wp\/v2\/product_cat?post=956"},{"taxonomy":"product_tag","embeddable":true,"href":"https:\/\/tenda.elmasove.com\/es\/wp-json\/wp\/v2\/product_tag?post=956"}],"curies":[{"name":"wp","href":"https:\/\/api.w.org\/{rel}","templated":true}]}}