{"id":95,"date":"2014-11-24T07:30:21","date_gmt":"2014-11-24T06:30:21","guid":{"rendered":"http:\/\/wp.elmasove.com\/product\/box-5l-vi-rosat-13\/"},"modified":"2020-01-29T13:09:05","modified_gmt":"2020-01-29T12:09:05","slug":"box-5l-vi-rosat-13","status":"publish","type":"product","link":"https:\/\/tenda.elmasove.com\/es\/tienda\/begudes\/vins-i-caves\/vinos\/vins-a-granel\/vins-rosats\/box-5l-vi-rosat-13\/","title":{"rendered":"Vino rosado 13\u00ba &quot;El Masove&quot; (5L)"},"content":{"rendered":"<p>Box de 5 L. de vino rosado con grifo incorporado para mayor comodidad. Vino rosado seco de mesa superior. Vino joven de color rojo cereza con tonos granatosos. Vino suave muy afrutado que desprende un agradable aroma en boca, se trata de un vino muy equilibrado y persistente con agradable postgusto. Recomendado para todo tipo de carnes y pasta. Tambi\u00e9n para quesos frescos y semis. Graduaci\u00f3n alcoh\u00f3lica 13\u00ba.<\/p>","protected":false},"excerpt":{"rendered":"<p>Box de 5 L.de vino rosado 13\u00ba con grifo incorporado para mayor comodidad.<\/p>","protected":false},"featured_media":94,"template":"","meta":[],"pwb-brand":[191],"product_brand":[],"product_cat":[33,85,17,130],"product_tag":[],"class_list":{"0":"post-95","1":"product","2":"type-product","3":"status-publish","4":"has-post-thumbnail","6":"pwb-brand-el-masove","7":"product_cat-vinos","8":"product_cat-vins-a-granel","9":"product_cat-begudes","10":"product_cat-vins-rosats","12":"first","13":"instock","14":"taxable","15":"shipping-taxable","16":"purchasable","17":"product-type-simple"},"brands":[{"id":191,"name":"El Masove","slug":"el-masove"}],"_links":{"self":[{"href":"https:\/\/tenda.elmasove.com\/es\/wp-json\/wp\/v2\/product\/95","targetHints":{"allow":["GET"]}}],"collection":[{"href":"https:\/\/tenda.elmasove.com\/es\/wp-json\/wp\/v2\/product"}],"about":[{"href":"https:\/\/tenda.elmasove.com\/es\/wp-json\/wp\/v2\/types\/product"}],"wp:featuredmedia":[{"embeddable":true,"href":"https:\/\/tenda.elmasove.com\/es\/wp-json\/wp\/v2\/media\/94"}],"wp:attachment":[{"href":"https:\/\/tenda.elmasove.com\/es\/wp-json\/wp\/v2\/media?parent=95"}],"wp:term":[{"taxonomy":"pwb-brand","embeddable":true,"href":"https:\/\/tenda.elmasove.com\/es\/wp-json\/wp\/v2\/pwb-brand?post=95"},{"taxonomy":"product_brand","embeddable":true,"href":"https:\/\/tenda.elmasove.com\/es\/wp-json\/wp\/v2\/product_brand?post=95"},{"taxonomy":"product_cat","embeddable":true,"href":"https:\/\/tenda.elmasove.com\/es\/wp-json\/wp\/v2\/product_cat?post=95"},{"taxonomy":"product_tag","embeddable":true,"href":"https:\/\/tenda.elmasove.com\/es\/wp-json\/wp\/v2\/product_tag?post=95"}],"curies":[{"name":"wp","href":"https:\/\/api.w.org\/{rel}","templated":true}]}}