{"id":928,"date":"2014-11-24T07:30:38","date_gmt":"2014-11-24T06:30:38","guid":{"rendered":"http:\/\/wp.elmasove.com\/product\/pack-6-bot-1-5-l-lanjaron\/"},"modified":"2026-03-05T12:35:03","modified_gmt":"2026-03-05T11:35:03","slug":"aigua-lanjaron-6x15l","status":"publish","type":"product","link":"https:\/\/tenda.elmasove.com\/es\/tienda\/begudes\/agua\/aigua-mineral-natural\/aigua-lanjaron-6x15l\/","title":{"rendered":"Agua Lanjar\u00f3n (6\u00d71,5L)"},"content":{"rendered":"<p>El agua Lanjar\u00f3n traslada la pureza de Sierra Nevada hasta su casa. Un agua mineral natural \u00fanica por su origen privilegiado.<\/p>\n<p>La pureza del Agua mineral natural Lanjar\u00f3n tiene su origen en un proceso natural que le otorga una excelente calidad. Este proceso es sencillamente la preservaci\u00f3n de cada cima, cada roca y de cada copo de nieve que se funde poco a poco y filtra a trav\u00e9s de la tierra adquiriendo su composici\u00f3n \u00fanica para convertirse en agua en el coraz\u00f3n de Sierra Nevada.<\/p>\n<p><em>6 botellas de agua Lanjar\u00f3n de 1,5 litros<\/em><\/p>\n<h3>Composici\u00f3n del Agua Lanjar\u00f3n (en mg\/l)<\/h3>\n<p>No todas las aguas son iguales aunque lo parezcan, los minerales en su composici\u00f3n hacen que sean distintos. Su origen y su viaje a trav\u00e9s de la tierra les dota de una composici\u00f3n de minerales que las hace \u00fanicas y distintas entre s\u00ed. El agua Lanjar\u00f3n se enriquece a lo largo de su recorrido por el interior de Sierra Nevada captando los minerales de las rocas a su paso. Son estos minerales los que la diferencian de otras aguas y la hacen \u00fanica. Los minerales son importantes para la salud porque nosotros no podemos vivir sin ellos y nuestro cuerpo no los fabrica pero los gasta a diario: provienen de nuestra alimentaci\u00f3n y bebida. Con frecuencia se olvida que el agua mineral natural contiene una cantidad fija y conocida de minerales.<\/p>\n<table>\n<tbody>\n<tr>\n<td>Bicarbonatos<\/td>\n<td>108 mg\/l<\/td>\n<\/tr>\n<tr>\n<td>Calcio<\/td>\n<td>28,9 mg\/l<\/td>\n<\/tr>\n<tr>\n<td>Magnesio<\/td>\n<td>11,4 mg\/l<\/td>\n<\/tr>\n<tr>\n<td>Sodio<\/td>\n<td>5,9 mg\/l<\/td>\n<\/tr>\n<\/tbody>\n<\/table>\n<p>Conductividad (uso\/cm) 200<\/p>\n<h3>Instrucciones<\/h3>\n<p>Conservar en lugar limpio, fresco y seco. Proteger de la luz solar y de olores agresivos. Evitar contacto directo con el suelo. Exija que se abra la botella en su presencia. Por su seguridad, no reutilizar este envase. Una vez abierto el envase mantenerlo en fr\u00edo y consumirlo en los 2-3 d\u00edas siguientes a su apertura. Evitar contacto directo con el suelo. No reutilizar ese envase. Consumir preferentemente antes de la fecha indicada en el lote (ver botella).<\/p>\n<h3>Forma de uso<\/h3>\n<p>El agua contribuye a mantener las funciones f\u00edsicas y cognitivas normales con una ingesta diaria de al menos 2L de agua al d\u00eda, procedente de cualquier fuente. Es importante una dieta variada y equilibrada y un estilo de vida saludable.<\/p>\n<p>Exija que se abra la botella en su presencia. Por su seguridad, no reutilizar este envase.<\/p>","protected":false},"excerpt":{"rendered":"<p>Agua Lanjar\u00f3n (6\u00d71,5L)<\/p>","protected":false},"featured_media":927,"template":"","meta":[],"pwb-brand":[286],"product_brand":[],"product_cat":[35,91,17],"product_tag":[],"class_list":{"0":"post-928","1":"product","2":"type-product","3":"status-publish","4":"has-post-thumbnail","6":"pwb-brand-lanjaron","7":"product_cat-agua","8":"product_cat-aigua-mineral-natural","9":"product_cat-begudes","11":"first","12":"instock","13":"taxable","14":"shipping-taxable","15":"purchasable","16":"product-type-simple"},"brands":[{"id":286,"name":"Lanjar\u00f3n","slug":"lanjaron"}],"_links":{"self":[{"href":"https:\/\/tenda.elmasove.com\/es\/wp-json\/wp\/v2\/product\/928","targetHints":{"allow":["GET"]}}],"collection":[{"href":"https:\/\/tenda.elmasove.com\/es\/wp-json\/wp\/v2\/product"}],"about":[{"href":"https:\/\/tenda.elmasove.com\/es\/wp-json\/wp\/v2\/types\/product"}],"wp:featuredmedia":[{"embeddable":true,"href":"https:\/\/tenda.elmasove.com\/es\/wp-json\/wp\/v2\/media\/927"}],"wp:attachment":[{"href":"https:\/\/tenda.elmasove.com\/es\/wp-json\/wp\/v2\/media?parent=928"}],"wp:term":[{"taxonomy":"pwb-brand","embeddable":true,"href":"https:\/\/tenda.elmasove.com\/es\/wp-json\/wp\/v2\/pwb-brand?post=928"},{"taxonomy":"product_brand","embeddable":true,"href":"https:\/\/tenda.elmasove.com\/es\/wp-json\/wp\/v2\/product_brand?post=928"},{"taxonomy":"product_cat","embeddable":true,"href":"https:\/\/tenda.elmasove.com\/es\/wp-json\/wp\/v2\/product_cat?post=928"},{"taxonomy":"product_tag","embeddable":true,"href":"https:\/\/tenda.elmasove.com\/es\/wp-json\/wp\/v2\/product_tag?post=928"}],"curies":[{"name":"wp","href":"https:\/\/api.w.org\/{rel}","templated":true}]}}