{"id":924,"date":"2014-11-24T07:30:38","date_gmt":"2014-11-24T06:30:38","guid":{"rendered":"http:\/\/wp.elmasove.com\/product\/aigua-benassal-5l\/"},"modified":"2026-03-05T11:21:24","modified_gmt":"2026-03-05T10:21:24","slug":"aigua-benassal-5l","status":"publish","type":"product","link":"https:\/\/tenda.elmasove.com\/es\/tienda\/begudes\/agua\/aigua-mineral-natural\/aigua-benassal-5l\/","title":{"rendered":"Agua Benasal (5L) X 3 UNI"},"content":{"rendered":"<p>El Agua Benassal procede del diez Font En Segures situado en la comarca del Alt Maestrat en Castell\u00f3n. Font en Segures es un nacimiento de agua natural que, debido al filtrado por los diversos estratos de material, da origen a una singular composici\u00f3n que le merece la etiqueta de agua minero medicinal desde el a\u00f1o 1928. Desde entonces Benassal es destino de visitantes que, adem\u00e1s de agua minero medicinal, tambi\u00e9n encuentran una poblaci\u00f3n de origen prehist\u00f3rico enclavada en un entorno natural de gran belleza.<\/p>\n<p>Agua mineral natural de Benassal es un referente de salud, calidad y sabor, cuya marca tiene como objetivo mantener y mejorar sus estanderas, por este motivo, se presenta peri\u00f3dicamente a cert\u00e1menes profesionales que tienen por objeto destacar y distinguir los mejores productos.<\/p>\n<p><em>Garrafa de 5 litros. caja de 3 unidades<\/em><\/p>\n<h3><strong>Propiedades del Agua Benassal<\/strong><\/h3>\n<p><strong>Oligomet\u00e1lica y de mineralizaci\u00f3n d\u00e9bil.<\/strong><br \/>\nComponentes mayoritarios bicarbonato, calcio y bajo contenido en sodio.<br \/>\n<strong>Ideal para conseguir una hidrataci\u00f3n saludable, incluso para grupos sensibles como embarazadas, ni\u00f1os y ancianos.<\/strong><br \/>\nConcentraciones bajas en nitritos, aluminio, ars\u00e9nico y otros componentes minoritarios que podr\u00edan dar lugar a toxicidad a largo plazo.<br \/>\nComposici\u00f3n ideal para no aumentar la presi\u00f3n arterial y protegerla as\u00ed ante problemas renales y cardiovasculares.<br \/>\n\u00d3ptima composici\u00f3n para minimizar la formaci\u00f3n de c\u00e1lculos renales m\u00e1s frecuentes (oxalato c\u00e1lcico, cistina, \u00e1cido \u00farico).<br \/>\nEfectos digestivos positivos, as\u00ed como efectos diur\u00e9ticos que pueden contribuir a optimizar la p\u00e9rdida de peso en dietas de adelgazamiento.<\/p>\n<h3>Composici\u00f3n qu\u00edmica<\/h3>\n<p>COMPOSICI\u00d3N QU\u00cdMICA: (en mg\/L)<\/p>\n<table>\n<tbody>\n<tr>\n<td>Residuo seco a 180\u00baC<\/td>\n<td>265<\/td>\n<\/tr>\n<tr>\n<td>Bicarbonato (HCO3)<\/td>\n<td>264<\/td>\n<\/tr>\n<tr>\n<td>Sulfato (SO4)<\/td>\n<td>21,3<\/td>\n<\/tr>\n<tr>\n<td>Cloro (Cl)<\/td>\n<td>4,9<\/td>\n<\/tr>\n<tr>\n<td>Calcio (Ca)<\/td>\n<td>89,9<\/td>\n<\/tr>\n<tr>\n<td>Magnesio (Mg)<\/td>\n<td>2,96<\/td>\n<\/tr>\n<tr>\n<td>Sodio (Na)<\/td>\n<td>2,6<\/td>\n<\/tr>\n<tr>\n<td>S\u00edlice (SiO2)<\/td>\n<td>4,8<\/td>\n<\/tr>\n<\/tbody>\n<\/table>\n<h3>Ficha t\u00e9cnica<\/h3>\n<p>Agua mineral medicinal por RO de 4 de julio de 1928. Procedente del Manantial Font en Segures. Benasal (Castell\u00f3n).<br \/>\nAgua muy brillante, cristalina y poco densa.<br \/>\nOlor de mineral muy suave y otros aromas casi inapreciables.<br \/>\nEn boca tiene una entrada equilibrada, amable, con notas dulces casi inapreciables, nivel muy bajo de salinidad, pr\u00e1cticamente inexistente, suave acidez y una ligera nota amable y elegante, aunque de corta duraci\u00f3n.<br \/>\nEs suave, delicada y equilibrada aunque sin descartar el sabor agradable y una estructura bien definida, con una intensidad moderada y elegante.<br \/>\nPostgusto moderado con agradable sensaci\u00f3n a final de boca.<br \/>\nAgua compleja, sabrosa y rica en matices en perfecta armon\u00eda.<\/p>","protected":false},"excerpt":{"rendered":"<p>El Agua mineral natural de Benassal es un referente de salud, calidad y sabor de mineralizaci\u00f3n d\u00e9bil ideal para conseguir una saludable hidrataci\u00f3n.<\/p>\n<p><em style=\"font-family: -apple-system, BlinkMacSystemFont, 'Segoe UI', Roboto, Oxygen-Sans, Ubuntu, Cantarell, 'Helvetica Neue', sans-serif;\">Garrafa de 5 litros.<\/em><\/p>","protected":false},"featured_media":2370,"template":"","meta":[],"pwb-brand":[287],"product_brand":[],"product_cat":[35,91,17],"product_tag":[],"class_list":{"0":"post-924","1":"product","2":"type-product","3":"status-publish","4":"has-post-thumbnail","6":"pwb-brand-benassal","7":"product_cat-agua","8":"product_cat-aigua-mineral-natural","9":"product_cat-begudes","11":"first","12":"instock","13":"taxable","14":"shipping-taxable","15":"purchasable","16":"product-type-simple"},"brands":[{"id":287,"name":"Benasal","slug":"benassal"}],"_links":{"self":[{"href":"https:\/\/tenda.elmasove.com\/es\/wp-json\/wp\/v2\/product\/924","targetHints":{"allow":["GET"]}}],"collection":[{"href":"https:\/\/tenda.elmasove.com\/es\/wp-json\/wp\/v2\/product"}],"about":[{"href":"https:\/\/tenda.elmasove.com\/es\/wp-json\/wp\/v2\/types\/product"}],"wp:featuredmedia":[{"embeddable":true,"href":"https:\/\/tenda.elmasove.com\/es\/wp-json\/wp\/v2\/media\/2370"}],"wp:attachment":[{"href":"https:\/\/tenda.elmasove.com\/es\/wp-json\/wp\/v2\/media?parent=924"}],"wp:term":[{"taxonomy":"pwb-brand","embeddable":true,"href":"https:\/\/tenda.elmasove.com\/es\/wp-json\/wp\/v2\/pwb-brand?post=924"},{"taxonomy":"product_brand","embeddable":true,"href":"https:\/\/tenda.elmasove.com\/es\/wp-json\/wp\/v2\/product_brand?post=924"},{"taxonomy":"product_cat","embeddable":true,"href":"https:\/\/tenda.elmasove.com\/es\/wp-json\/wp\/v2\/product_cat?post=924"},{"taxonomy":"product_tag","embeddable":true,"href":"https:\/\/tenda.elmasove.com\/es\/wp-json\/wp\/v2\/product_tag?post=924"}],"curies":[{"name":"wp","href":"https:\/\/api.w.org\/{rel}","templated":true}]}}