{"id":922,"date":"2014-11-24T07:30:38","date_gmt":"2014-11-24T06:30:38","guid":{"rendered":"http:\/\/wp.elmasove.com\/product\/5l-aigua-mineral-boix\/"},"modified":"2026-03-03T13:01:57","modified_gmt":"2026-03-03T12:01:57","slug":"aigua-fontboix-5l","status":"publish","type":"product","link":"https:\/\/tenda.elmasove.com\/es\/tienda\/begudes\/agua\/aigua-mineral-natural\/aigua-fontboix-5l\/","title":{"rendered":"Agua Fontboix (5L)"},"content":{"rendered":"<p>Agua Fontboix mineral natural de mineralizaci\u00f3n d\u00e9bil con bajo contenido en calcio. De sabor muy suave y agradable.<\/p>\n<p>Envasado despu\u00e9s de un proceso de filtraci\u00f3n de aproximadamente 80 a\u00f1os a 3.000 metros de profundidad en las capas gran\u00edticas de Parque Natural de Aig\u00fces Tortes. En pleno Pirineo Leridano y junto al balneario de Caldes de Bo\u00ed.<\/p>\n<p><em>Garrafa de agua mineral Fontboix (5L)<\/em><\/p>\n<h3>Salud<\/h3>\n<p>Se trata de un agua de mineralizaci\u00f3n d\u00e9bil (poco residuo en seco), con un bajo contenido en calcio evitando as\u00ed la formaci\u00f3n de c\u00e1lculos y cristales \u00fanicos en el ri\u00f1\u00f3n. En a\u00f1adido, tiene un alto contenido en s\u00edlice que ayuda a la eliminaci\u00f3n de acumulaci\u00f3n de grasas y residuos depurando al organismo.<\/p>\n<h3>Composici\u00f3n qu\u00edmica (en mg\/L)<\/h3>\n<table>\n<tbody>\n<tr>\n<td>Residuo seco a 180\u00ba<\/td>\n<td>105 mg\/l<\/td>\n<\/tr>\n<tr>\n<td>Bicarbonatos (HCO3)<\/td>\n<td>34,6 mg\/l<\/td>\n<\/tr>\n<tr>\n<td>Sulfatos (SO4)<\/td>\n<td>13,2 mg\/l<\/td>\n<\/tr>\n<tr>\n<td>Calcio (Ca)<\/td>\n<td>5,4 mg\/l<\/td>\n<\/tr>\n<tr>\n<td>Sodio (Na)<\/td>\n<td>21,7 mg\/l<\/td>\n<\/tr>\n<tr>\n<td>Cloruros (Cl)<\/td>\n<td>14,4 mg\/l<\/td>\n<\/tr>\n<tr>\n<td>S\u00edlice (Sio)<\/td>\n<td>22,0 mg\/l<\/td>\n<\/tr>\n<tr>\n<td>Magnesio (Mg)<\/td>\n<td>0,5 mg\/l<\/td>\n<\/tr>\n<\/tbody>\n<\/table>\n<h3>Conservaci\u00f3n del Agua Fontboix<\/h3>\n<p>Conservar en lugar fresco y seco. Proteger de la luz solar y de olores agresivos. Por su seguridad no reutilizar este envase. Consumir preferentemente antes de 4 a\u00f1os de la fecha de envasado.<\/p>","protected":false},"excerpt":{"rendered":"<p>Agua Fontboix mineral natural de mineralizaci\u00f3n d\u00e9bil con bajo contenido en calcio. De sabor muy suave y agradable.<\/p>\n<p><em>Garrafa de agua mineral Fontboix (5L)<\/em><\/p>","protected":false},"featured_media":921,"template":"","meta":[],"pwb-brand":[285],"product_brand":[],"product_cat":[35,91,17],"product_tag":[],"class_list":{"0":"post-922","1":"product","2":"type-product","3":"status-publish","4":"has-post-thumbnail","6":"pwb-brand-fontboix","7":"product_cat-agua","8":"product_cat-aigua-mineral-natural","9":"product_cat-begudes","11":"first","12":"instock","13":"taxable","14":"shipping-taxable","15":"purchasable","16":"product-type-simple"},"brands":[{"id":285,"name":"Fontboix","slug":"fontboix"}],"_links":{"self":[{"href":"https:\/\/tenda.elmasove.com\/es\/wp-json\/wp\/v2\/product\/922","targetHints":{"allow":["GET"]}}],"collection":[{"href":"https:\/\/tenda.elmasove.com\/es\/wp-json\/wp\/v2\/product"}],"about":[{"href":"https:\/\/tenda.elmasove.com\/es\/wp-json\/wp\/v2\/types\/product"}],"wp:featuredmedia":[{"embeddable":true,"href":"https:\/\/tenda.elmasove.com\/es\/wp-json\/wp\/v2\/media\/921"}],"wp:attachment":[{"href":"https:\/\/tenda.elmasove.com\/es\/wp-json\/wp\/v2\/media?parent=922"}],"wp:term":[{"taxonomy":"pwb-brand","embeddable":true,"href":"https:\/\/tenda.elmasove.com\/es\/wp-json\/wp\/v2\/pwb-brand?post=922"},{"taxonomy":"product_brand","embeddable":true,"href":"https:\/\/tenda.elmasove.com\/es\/wp-json\/wp\/v2\/product_brand?post=922"},{"taxonomy":"product_cat","embeddable":true,"href":"https:\/\/tenda.elmasove.com\/es\/wp-json\/wp\/v2\/product_cat?post=922"},{"taxonomy":"product_tag","embeddable":true,"href":"https:\/\/tenda.elmasove.com\/es\/wp-json\/wp\/v2\/product_tag?post=922"}],"curies":[{"name":"wp","href":"https:\/\/api.w.org\/{rel}","templated":true}]}}