{"id":918,"date":"2014-11-24T07:30:38","date_gmt":"2014-11-24T06:30:38","guid":{"rendered":"http:\/\/wp.elmasove.com\/product\/aigua-viladrau-pack-6-ampolles-1-5l\/"},"modified":"2026-03-05T12:19:15","modified_gmt":"2026-03-05T11:19:15","slug":"aigua-viladrau-6x15l","status":"publish","type":"product","link":"https:\/\/tenda.elmasove.com\/es\/tienda\/begudes\/agua\/aigua-mineral-natural\/aigua-viladrau-6x15l\/","title":{"rendered":"Agua Viladrau (6\u00d71,5L)"},"content":{"rendered":"<p>El agua mineral natural Viladrau se ha filtrado a la tierra, llegando al centro del Parque Natural del Monteny. Este filtro es el que proporciona a Viladrau unas caracter\u00edsticas propias y la convierte en un agua natural \u00fanica. Re\u00fane todas las propiedades de la tierra donde nace y se embotella higi\u00e9nicamente, de modo que todo el proceso se realiza para mantener su pureza y propiedades intactas.<\/p>\n<p>Es un agua \u00fanica, porque nace en una tierra \u00fanica. Por eso Viladrau es el agua que nos mueve. Porque nace en una tierra que nunca para mover.<\/p>\n<p>El agua de la lluvia y la nieve ca\u00edda en el Montseny se filtra lentamente entre las rocas del subsuelo del Parque Natural de Montseny, creando as\u00ed la composici\u00f3n \u00fanica y constante del agua mineral natural Viladrau.<\/p>\n<p>La composici\u00f3n espec\u00edfica en minerales es lo que la hace \u00fanica y constituye su aut\u00e9ntico sello de identidad.<\/p>\n<p>Es un agua de mineralizaci\u00f3n d\u00e9bil, indicada para dietas pobres en sodio. Es un agua mineral natural declarada mineromedicinal.<\/p>\n<p>La composici\u00f3n del agua de Viladrau es la que aporta su sabor suave, fresco y equilibrado.<\/p>\n<p>Este sabor equilibrado es reconocido por una organizaci\u00f3n l\u00edder dedicada a probar y promover productos alimenticios de sabor superior, como el International Taste &amp; Quality Institute -iTQi-, con sede en Bruselas. Viladrau participa anualmente desde 2011, siempre obteniendo una puntuaci\u00f3n de 2 o 3 estrellas, la de la excelencia.<\/p>\n<p><em>6 botellas de Aigua Viladrau de 1,5L<\/em><\/p>\n<h3>Composici\u00f3n del Agua Viladrau<\/h3>\n<table>\n<tbody>\n<tr>\n<td>Bicarbonato<\/td>\n<td>114 mg\/L<\/td>\n<\/tr>\n<tr>\n<td>Calcio<\/td>\n<td>28,5 mg\/L<\/td>\n<\/tr>\n<tr>\n<td>Sodio<\/td>\n<td>12,2 mg\/L<\/td>\n<\/tr>\n<tr>\n<td>Magnesio<\/td>\n<td>4,2 mg\/L<\/td>\n<\/tr>\n<tr>\n<td>Sulfato<\/td>\n<td>11,2 mg\/L<\/td>\n<\/tr>\n<tr>\n<td>Cloruro<\/td>\n<td>6 mg\/L<\/td>\n<\/tr>\n<tr>\n<td>Residuo Seco a 180\u00ba<\/td>\n<td>137 mg\/L<\/td>\n<\/tr>\n<\/tbody>\n<\/table>\n<h3>Condiciones de conservaci\u00f3n y uso<\/h3>\n<p>Proteger de la luz solar. Una vez abierto el envase mantenerlo en fr\u00edo y consumirlo en los 2-3 d\u00edas siguientes a su apertura. Evitar contacto directo con el suelo. Conservar en lugar fresco, seco y apartado de olores intensos.<\/p>\n<p>Te recomendamos que siempre leas las etiquetas, advertencias e instrucciones del embalaje del producto antes de utilizarlo o consumirlo, ya que podr\u00e1s encontrar informaci\u00f3n m\u00e1s detallada y actualizada sobre el mismo.<\/p>","protected":false},"excerpt":{"rendered":"<p>Es un agua de mineralizaci\u00f3n d\u00e9bil, indicada para dietas pobres en sodio. Es un agua mineral natural declarada mineromedicinal.<\/p>\n<p><em>6 botellas de vidrio de Aigua Viladrau de 1,5L<\/em><\/p>","protected":false},"featured_media":917,"template":"","meta":[],"pwb-brand":[283],"product_brand":[],"product_cat":[35,91,17],"product_tag":[],"class_list":{"0":"post-918","1":"product","2":"type-product","3":"status-publish","4":"has-post-thumbnail","6":"pwb-brand-viladrau","7":"product_cat-agua","8":"product_cat-aigua-mineral-natural","9":"product_cat-begudes","11":"first","12":"instock","13":"taxable","14":"shipping-taxable","15":"purchasable","16":"product-type-simple"},"brands":[{"id":283,"name":"Viladrau","slug":"viladrau"}],"_links":{"self":[{"href":"https:\/\/tenda.elmasove.com\/es\/wp-json\/wp\/v2\/product\/918","targetHints":{"allow":["GET"]}}],"collection":[{"href":"https:\/\/tenda.elmasove.com\/es\/wp-json\/wp\/v2\/product"}],"about":[{"href":"https:\/\/tenda.elmasove.com\/es\/wp-json\/wp\/v2\/types\/product"}],"wp:featuredmedia":[{"embeddable":true,"href":"https:\/\/tenda.elmasove.com\/es\/wp-json\/wp\/v2\/media\/917"}],"wp:attachment":[{"href":"https:\/\/tenda.elmasove.com\/es\/wp-json\/wp\/v2\/media?parent=918"}],"wp:term":[{"taxonomy":"pwb-brand","embeddable":true,"href":"https:\/\/tenda.elmasove.com\/es\/wp-json\/wp\/v2\/pwb-brand?post=918"},{"taxonomy":"product_brand","embeddable":true,"href":"https:\/\/tenda.elmasove.com\/es\/wp-json\/wp\/v2\/product_brand?post=918"},{"taxonomy":"product_cat","embeddable":true,"href":"https:\/\/tenda.elmasove.com\/es\/wp-json\/wp\/v2\/product_cat?post=918"},{"taxonomy":"product_tag","embeddable":true,"href":"https:\/\/tenda.elmasove.com\/es\/wp-json\/wp\/v2\/product_tag?post=918"}],"curies":[{"name":"wp","href":"https:\/\/api.w.org\/{rel}","templated":true}]}}