{"id":893,"date":"2014-11-24T07:30:37","date_gmt":"2014-11-24T06:30:37","guid":{"rendered":"http:\/\/wp.elmasove.com\/product\/cxa-24-llaunes-fanta-zero-llimona\/"},"modified":"2026-03-06T13:17:24","modified_gmt":"2026-03-06T12:17:24","slug":"cxa-24-llaunes-fanta-zero-llimona","status":"publish","type":"product","link":"https:\/\/tenda.elmasove.com\/es\/tienda\/begudes\/sense-alcohol\/refrescos\/cxa-24-llaunes-fanta-zero-llimona\/","title":{"rendered":"Fanta Lim\u00f3n Cero (24u)"},"content":{"rendered":"<p>Fanta Lim\u00f3n Cero en 24 latas. La Fanta de siempre pero 0% de az\u00facares a\u00f1adidos.<\/p>","protected":false},"excerpt":{"rendered":"<p>Fanta Lim\u00f3n Cero en 24 latas. La Fanta de siempre pero 0% de az\u00facares a\u00f1adidos.<\/p>","protected":false},"featured_media":892,"template":"","meta":[],"pwb-brand":[220],"product_brand":[],"product_cat":[90],"product_tag":[],"class_list":{"0":"post-893","1":"product","2":"type-product","3":"status-publish","4":"has-post-thumbnail","6":"pwb-brand-fanta","7":"product_cat-refrescos","9":"first","10":"instock","11":"taxable","12":"shipping-taxable","13":"purchasable","14":"product-type-simple"},"brands":[{"id":220,"name":"Fanta","slug":"fanta"}],"_links":{"self":[{"href":"https:\/\/tenda.elmasove.com\/es\/wp-json\/wp\/v2\/product\/893","targetHints":{"allow":["GET"]}}],"collection":[{"href":"https:\/\/tenda.elmasove.com\/es\/wp-json\/wp\/v2\/product"}],"about":[{"href":"https:\/\/tenda.elmasove.com\/es\/wp-json\/wp\/v2\/types\/product"}],"wp:featuredmedia":[{"embeddable":true,"href":"https:\/\/tenda.elmasove.com\/es\/wp-json\/wp\/v2\/media\/892"}],"wp:attachment":[{"href":"https:\/\/tenda.elmasove.com\/es\/wp-json\/wp\/v2\/media?parent=893"}],"wp:term":[{"taxonomy":"pwb-brand","embeddable":true,"href":"https:\/\/tenda.elmasove.com\/es\/wp-json\/wp\/v2\/pwb-brand?post=893"},{"taxonomy":"product_brand","embeddable":true,"href":"https:\/\/tenda.elmasove.com\/es\/wp-json\/wp\/v2\/product_brand?post=893"},{"taxonomy":"product_cat","embeddable":true,"href":"https:\/\/tenda.elmasove.com\/es\/wp-json\/wp\/v2\/product_cat?post=893"},{"taxonomy":"product_tag","embeddable":true,"href":"https:\/\/tenda.elmasove.com\/es\/wp-json\/wp\/v2\/product_tag?post=893"}],"curies":[{"name":"wp","href":"https:\/\/api.w.org\/{rel}","templated":true}]}}