{"id":858,"date":"2014-11-24T07:30:37","date_gmt":"2014-11-24T06:30:37","guid":{"rendered":"http:\/\/wp.elmasove.com\/product\/ampolla-1-l-anissete-extra-28\/"},"modified":"2020-02-21T14:06:23","modified_gmt":"2020-02-21T13:06:23","slug":"anisette-extra-marie-brizard-1l","status":"publish","type":"product","link":"https:\/\/tenda.elmasove.com\/es\/tienda\/begudes\/licors\/anis\/anisette-extra-marie-brizard-1l\/","title":{"rendered":"Anisette Extra Marie Brizard (1L)"},"content":{"rendered":"<p>Anisette Extra Marie Brizard se destila a partir de una receta \u00fanica que se mantiene en secreto y sin cambios. Elaborado a partir de la mezcla sutil de once plantas y especias que intensifican toda la frescura del an\u00eds verde mediterr\u00e1neo. Elegante, fresco e intenso, el Anisette une nobleza y encanto.<\/p>\n<p>El suave, arom\u00e1tico y exclusivo sabor del Anisette Marie Brizard, unido a su incomparable fuerza y mag\u00eda, ha sido el perfecto complemento del hielo desde 1755.<\/p>\n<p>Fuerte, pero no demasiado, agradablemente dulce, agradablemente arom\u00e1tico, donde las notas picantes son los antecedentes de la importante presencia de an\u00eds, que es un excelente digestivo, ideal despu\u00e9s de las comidas. Puede ser probado puro o en las rocas, a una temperatura que no exceda de 12 \u00b0C.<\/p>\n<p>Elaborado con an\u00eds verde del Mediterr\u00e1neo y otras 10 plantas, frutas y especias.<\/p>\n<p><em>Botella de Anisette Extra Marie Brizard de 1<\/em><\/p>\n<h3>Cata del Anisette Marie Brizard<\/h3>\n<p><strong>EN LA VISTA:<\/strong><br \/>\nTransparente, cristalino.<\/p>\n<p><strong>EN LA NARIZ:<\/strong><br \/>\nCaracter\u00edstico del an\u00eds verde.<\/p>\n<p><strong>EN LA BOCA:<\/strong><br \/>\nSuave, ligeramente \u00e1cido, caracter\u00edsticas del an\u00eds verde del Mediterr\u00e1neo<\/p>\n<p><strong>DEGUSTACI\u00d3N:<\/strong><br \/>\n\u00a1Se degusta solo, con hielo o como bebida larga con agua y piel de lim\u00f3n!<\/p>\n<p><strong>INFORMACIONES PRODUCTO:<\/strong><br \/>\nGrado alcoh\u00f3lico: 25%<\/p>\n<h3>Leyenda<\/h3>\n<p>Aunque el origen de este licor no es cierto, existe una historia que le acompa\u00f1a. Corr\u00eda el a\u00f1o 1755 y se dice que un d\u00eda, en una plaza de Burdeos, una bella ni\u00f1a con el nombre de Anisette Marie Brizard 1L vio a un marinero enfermo. Movido a compasi\u00f3n, decidi\u00f3 ayudarle. Lo llev\u00f3 a su casa y se hizo cargo de hasta que el hombre se cur\u00f3. El marinero, entonces, por pagar, le dio la receta para un delicioso licor, que hab\u00eda sido revelado durante uno de sus viajes por mar en todo el mundo. As\u00ed naci\u00f3 un licor con sabor a an\u00eds, la intenci\u00f3n de conseguir la fama internacional: naci\u00f3 en Anisette Marie Brizard 1L. No sabemos si la historia es verdad o no, lo cierto es que el Anisette Marie Brizard 1L se ha convertido en un destilado ic\u00f3nica.<\/p>","protected":false},"excerpt":{"rendered":"<p>Anisette Extra Marie Brizard se destila a partir de una receta \u00fanica que se mantiene en secreto y sin cambios. Elaborado a partir de la mezcla sutil de once plantas y especias que intensifican toda la frescura del an\u00eds verde mediterr\u00e1neo. Elegante, fresco e intenso, el Anisette une nobleza y encanto.<\/p>\n<p><em>Botella de Anisette Extra Marie Brizard de 1L<\/em><\/p>\n<p>&nbsp;<\/p>","protected":false},"featured_media":2439,"template":"","meta":[],"pwb-brand":[386],"product_brand":[],"product_cat":[111,52],"product_tag":[],"class_list":{"0":"post-858","1":"product","2":"type-product","3":"status-publish","4":"has-post-thumbnail","6":"pwb-brand-marie-brizard","7":"product_cat-anis","8":"product_cat-licors","10":"first","11":"instock","12":"taxable","13":"shipping-taxable","14":"purchasable","15":"product-type-simple"},"brands":[{"id":386,"name":"Marie Brizard","slug":"marie-brizard"}],"_links":{"self":[{"href":"https:\/\/tenda.elmasove.com\/es\/wp-json\/wp\/v2\/product\/858","targetHints":{"allow":["GET"]}}],"collection":[{"href":"https:\/\/tenda.elmasove.com\/es\/wp-json\/wp\/v2\/product"}],"about":[{"href":"https:\/\/tenda.elmasove.com\/es\/wp-json\/wp\/v2\/types\/product"}],"wp:featuredmedia":[{"embeddable":true,"href":"https:\/\/tenda.elmasove.com\/es\/wp-json\/wp\/v2\/media\/2439"}],"wp:attachment":[{"href":"https:\/\/tenda.elmasove.com\/es\/wp-json\/wp\/v2\/media?parent=858"}],"wp:term":[{"taxonomy":"pwb-brand","embeddable":true,"href":"https:\/\/tenda.elmasove.com\/es\/wp-json\/wp\/v2\/pwb-brand?post=858"},{"taxonomy":"product_brand","embeddable":true,"href":"https:\/\/tenda.elmasove.com\/es\/wp-json\/wp\/v2\/product_brand?post=858"},{"taxonomy":"product_cat","embeddable":true,"href":"https:\/\/tenda.elmasove.com\/es\/wp-json\/wp\/v2\/product_cat?post=858"},{"taxonomy":"product_tag","embeddable":true,"href":"https:\/\/tenda.elmasove.com\/es\/wp-json\/wp\/v2\/product_tag?post=858"}],"curies":[{"name":"wp","href":"https:\/\/api.w.org\/{rel}","templated":true}]}}