{"id":854,"date":"2014-11-24T07:30:36","date_gmt":"2014-11-24T06:30:36","guid":{"rendered":"http:\/\/wp.elmasove.com\/product\/cava-brut-nature-origen-vallformosa\/"},"modified":"2026-03-06T16:36:18","modified_gmt":"2026-03-06T15:36:18","slug":"cava-brut-nature-origen-vallformosa","status":"publish","type":"product","link":"https:\/\/tenda.elmasove.com\/es\/tienda\/begudes\/vins-i-caves\/caves\/brut-nature-reserva\/cava-brut-nature-origen-vallformosa\/","title":{"rendered":"Cava Brut Reserva Origen \u201cVallformosa\u201d"},"content":{"rendered":"<p>El cava brut reserva origen \u201cVallformosa\u201d es un cava elaborado con un coupage de las variedades Macabeo, Xarel\u00b7lo y Parellada procedentes de los vi\u00f1edos propios m\u00e1s viejos de la regi\u00f3n.<\/p>\n<p>La vendimia es tanto manual como mec\u00e1nica. El Macabeo se vendimi\u00f3 a principios de Septiembre, el Xarel\u00b7lo a mediados de septiembre y, finalmente, el Parellada durante la primera semana de octubre. En cuanto a su elaboraci\u00f3n, la primera fermentaci\u00f3n se realiza en tanques de acero inoxidable a temperatura controlada de 14-16\u00baC. En cambio, la segunda fermentaci\u00f3n est\u00e1 en botella por el M\u00e9todo Tradicional.<\/p>\n<p>Este cava pasa por una crianza de 12 meses sobre sus madres.<\/p>\n<p><strong>VARIEDADES<br \/>\n<\/strong>Macabeo \u2013 Xarel\u00b7lo \u2013 Parellada<\/p>\n<p><strong>TIPO DE VI<\/strong><br \/>\nCava Brut Nature<\/p>\n<p><strong>ELABORACI\u00d3N<\/strong><br \/>\nM\u00e9todo Tradicional. Crianza de 12 meses sobre sus madres.<\/p>\n<p><strong>VISTA<\/strong><br \/>\nColor amarillo p\u00e1lido con reflejos verdosos.<\/p>\n<p><strong>OLFATO<\/strong><br \/>\nPresenta un aroma complejo con elegantes notas de manzana verde, c\u00edtricos y flores blancas combinadas con toques de pasteler\u00eda y frutos secos de la crianza.<\/p>\n<p><strong>PALADAR<\/strong><br \/>\nEn boca es equilibrado y seco a la vez que suave. Tiene una acidez bien equilibrada y un postgusto muy afrutado.<\/p>\n<p><strong>GASTRONOM\u00cdA<\/strong><br \/>\nRecomendado para tomar el sol en cualquier momento, como aperitivo o con todo tipo de comidas. Servir a 5-6\u00baC.<\/p>\n<hr \/>\n<p><strong>PREMIOS<\/strong><\/p>\n<p><strong>Oro<\/strong>\u00a0\u2013 Sakura. Japan Women&#039;s Wine Awards 2017, Japan<\/p>\n<p><strong>Plata<\/strong> \u2013 Decanter World Wine Awards 2015, London \u2013 United Kingdom<\/p>\n<p><strong>Bronce<\/strong> \u2013 Japan Wine Challenge 2016, Japan<\/p>\n<p><strong>Bronce<\/strong> \u2013 International Wine &amp; Spirit Competition 2016, United Kingdom<\/p>","protected":false},"excerpt":{"rendered":"<p>El cava brut reserva origen \u201cVallformosa\u201d es un cava elaborado con un coupage de las variedades Macabeo, Xarel\u00b7lo y Parellada procedentes de los vi\u00f1edos propios m\u00e1s viejos de la regi\u00f3n Cava.<\/p>\n<p>La vendimia es tanto manual como mec\u00e1nica. El Macabeo se vendimi\u00f3 a principios de Septiembre, el Xarel\u00b7lo a mediados de septiembre y, finalmente, el Parellada durante la primera semana de octubre. En cuanto a su elaboraci\u00f3n, la primera fermentaci\u00f3n se realiza en tanques de acero inoxidable a temperatura controlada de 14-16\u00baC. En cambio, la segunda fermentaci\u00f3n est\u00e1 en botella por el M\u00e9todo Tradicional.<\/p>\n<p>Este cava pasa por una crianza de 12 meses sobre sus madres.<\/p>","protected":false},"featured_media":1785,"template":"","meta":[],"pwb-brand":[194],"product_brand":[],"product_cat":[98,49],"product_tag":[],"class_list":{"0":"post-854","1":"product","2":"type-product","3":"status-publish","4":"has-post-thumbnail","6":"pwb-brand-vallformosa","7":"product_cat-brut-nature-reserva","8":"product_cat-caves","10":"first","11":"instock","12":"taxable","13":"shipping-taxable","14":"purchasable","15":"product-type-simple"},"brands":[{"id":194,"name":"Vallformosa","slug":"vallformosa"}],"_links":{"self":[{"href":"https:\/\/tenda.elmasove.com\/es\/wp-json\/wp\/v2\/product\/854","targetHints":{"allow":["GET"]}}],"collection":[{"href":"https:\/\/tenda.elmasove.com\/es\/wp-json\/wp\/v2\/product"}],"about":[{"href":"https:\/\/tenda.elmasove.com\/es\/wp-json\/wp\/v2\/types\/product"}],"wp:featuredmedia":[{"embeddable":true,"href":"https:\/\/tenda.elmasove.com\/es\/wp-json\/wp\/v2\/media\/1785"}],"wp:attachment":[{"href":"https:\/\/tenda.elmasove.com\/es\/wp-json\/wp\/v2\/media?parent=854"}],"wp:term":[{"taxonomy":"pwb-brand","embeddable":true,"href":"https:\/\/tenda.elmasove.com\/es\/wp-json\/wp\/v2\/pwb-brand?post=854"},{"taxonomy":"product_brand","embeddable":true,"href":"https:\/\/tenda.elmasove.com\/es\/wp-json\/wp\/v2\/product_brand?post=854"},{"taxonomy":"product_cat","embeddable":true,"href":"https:\/\/tenda.elmasove.com\/es\/wp-json\/wp\/v2\/product_cat?post=854"},{"taxonomy":"product_tag","embeddable":true,"href":"https:\/\/tenda.elmasove.com\/es\/wp-json\/wp\/v2\/product_tag?post=854"}],"curies":[{"name":"wp","href":"https:\/\/api.w.org\/{rel}","templated":true}]}}