{"id":850,"date":"2014-11-24T07:30:36","date_gmt":"2014-11-24T06:30:36","guid":{"rendered":"http:\/\/wp.elmasove.com\/product\/caixa-6-amp-cava-de-la-tieta-estutxat-gran-rva\/"},"modified":"2026-03-06T15:42:05","modified_gmt":"2026-03-06T14:42:05","slug":"cava-gran-reserva-de-la-tieta-blancher","status":"publish","type":"product","link":"https:\/\/tenda.elmasove.com\/es\/tienda\/begudes\/vins-i-caves\/caves\/brut-nature-gran-reserva\/cava-gran-reserva-de-la-tieta-blancher\/","title":{"rendered":"Cava Gran Reserva De la t\u00eda \u201cBlancher\u201d (6u)"},"content":{"rendered":"<p><strong>Tipo:<\/strong> DO cava<br \/>\n<strong>Grado. Alcoh\u00f3lica:<\/strong> 11,80% vol.<br \/>\n<strong>Variedades de uva:<\/strong> Macabeo, Xarel\u00b7lo y Parellada<br \/>\n<strong>Acidez en tart\u00e1rico:<\/strong> 3,9 gr\/l.<br \/>\n<strong>Az\u00facares totales:<\/strong> 2 gr\/l.<br \/>\n<strong>Crianza en botella:<\/strong> M\u00ednimo 42 meses<br \/>\n<strong>Temperatura de servicio:<\/strong> 6-8\u00baC<\/p>\n<p>Este Cava se present\u00f3 en 1984 en honor a DS. Teresa Blancher Solanes (1917-1984). Teresa Blancher Solanes fue cofundadora y presidenta de nuestras bodegas durante m\u00e1s de 20 a\u00f1os. Su cari\u00f1o por los vinos de Catalu\u00f1a nos hizo crear este cava tan selecto que s\u00f3lo se elabora en las mejores a\u00f1adas a partir de mostos flor.<\/p>\n<p><strong>Elaboraci\u00f3n<\/strong><br \/>\nCava exclusivo. Hecho con una minuciosa selecci\u00f3n de nuestros mejores vi\u00f1edos viejos. Elaborado en las mejores a\u00f1adas a partir del mosto flor del Macabeo, Xarel\u00b7lo, Parellada y Pansa Blanca. Maceraci\u00f3n de pieles en fr\u00edo durante un tiempo determinado para la extracci\u00f3n de los aromas. Fermentaci\u00f3n en inox y posteriormente en contacto con sus madres finas. Envejecimiento m\u00e1s de 40 meses en botella a 18 metros bajo tierra en \u00f3ptimas condiciones. Clarificado a mano en pupitres.<\/p>\n<p>Es un cava que representa una apuesta por la elegancia y la finura. Es exclusivo.<\/p>\n<p><strong>Nota de Cata<\/strong><\/p>\n<p><strong>Vista:<\/strong> Color amarillo p\u00e1lido con reflejos dorados. Burbuja fina y persistente con una buena formaci\u00f3n del rosario.<\/p>\n<p><strong>Nariz:<\/strong> En nariz es fino, con aromas definidos de la crianza, pan tostado con notas de frutos secos y un toque final de almendra amarga.<\/p>\n<p><strong>Paladar:<\/strong> En boca es fresco y equilibrado con larga persistencia.<\/p>\n<p><strong>Disfruta<\/strong><br \/>\nIdeal para mariscos, pescado azul en salsas de frutos secos.<\/p>","protected":false},"excerpt":{"rendered":"<p>El Cava Gran Reserva De la t\u00eda \u201cBlancher\u201d es exclusivo. Hecho con una minuciosa selecci\u00f3n de nuestros mejores vi\u00f1edos viejos. Elaborado en las mejores a\u00f1adas a partir del mosto flor del Macabeo, Xarel\u00b7lo, Parellada y Pansa Blanca. Maceraci\u00f3n de pieles en fr\u00edo durante un tiempo determinado para la extracci\u00f3n de los aromas. Fermentaci\u00f3n en inox y posteriormente en contacto con sus madres finas. Envejecimiento m\u00e1s de 40 meses en botella a 18 metros bajo tierra en \u00f3ptimas condiciones. Clarificado a mano en pupitres.<\/p>\n<p>Es un cava que representa una apuesta por la elegancia y la finura<\/p>","protected":false},"featured_media":1789,"template":"","meta":[],"pwb-brand":[195],"product_brand":[],"product_cat":[83,49],"product_tag":[],"class_list":{"0":"post-850","1":"product","2":"type-product","3":"status-publish","4":"has-post-thumbnail","6":"pwb-brand-blancher","7":"product_cat-brut-nature-gran-reserva","8":"product_cat-caves","10":"first","11":"instock","12":"taxable","13":"shipping-taxable","14":"purchasable","15":"product-type-simple"},"brands":[{"id":195,"name":"Blancher","slug":"blancher"}],"_links":{"self":[{"href":"https:\/\/tenda.elmasove.com\/es\/wp-json\/wp\/v2\/product\/850","targetHints":{"allow":["GET"]}}],"collection":[{"href":"https:\/\/tenda.elmasove.com\/es\/wp-json\/wp\/v2\/product"}],"about":[{"href":"https:\/\/tenda.elmasove.com\/es\/wp-json\/wp\/v2\/types\/product"}],"wp:featuredmedia":[{"embeddable":true,"href":"https:\/\/tenda.elmasove.com\/es\/wp-json\/wp\/v2\/media\/1789"}],"wp:attachment":[{"href":"https:\/\/tenda.elmasove.com\/es\/wp-json\/wp\/v2\/media?parent=850"}],"wp:term":[{"taxonomy":"pwb-brand","embeddable":true,"href":"https:\/\/tenda.elmasove.com\/es\/wp-json\/wp\/v2\/pwb-brand?post=850"},{"taxonomy":"product_brand","embeddable":true,"href":"https:\/\/tenda.elmasove.com\/es\/wp-json\/wp\/v2\/product_brand?post=850"},{"taxonomy":"product_cat","embeddable":true,"href":"https:\/\/tenda.elmasove.com\/es\/wp-json\/wp\/v2\/product_cat?post=850"},{"taxonomy":"product_tag","embeddable":true,"href":"https:\/\/tenda.elmasove.com\/es\/wp-json\/wp\/v2\/product_tag?post=850"}],"curies":[{"name":"wp","href":"https:\/\/api.w.org\/{rel}","templated":true}]}}