{"id":85,"date":"2014-11-24T07:30:20","date_gmt":"2014-11-24T06:30:20","guid":{"rendered":"http:\/\/wp.elmasove.com\/product\/garrafa-4l-vi-rosat-dol-13-devoluci-2-al-retornar-l-env-s\/"},"modified":"2023-04-12T11:46:35","modified_gmt":"2023-04-12T09:46:35","slug":"vi-rosat-dolc-13o-el-masove-4l","status":"publish","type":"product","link":"https:\/\/tenda.elmasove.com\/es\/tienda\/begudes\/vins-i-caves\/vinos\/vins-a-granel\/vins-rosats\/vi-rosat-dolc-13o-el-masove-4l\/","title":{"rendered":"Vino Rosado Semi Dulce 13\u00ba \u201cEl Masove\u201d (4L) \u2013 incluido 2\u20ac envase retornable."},"content":{"rendered":"<p>Garrafa de 4 L. de vidrio retornable de vino rosado. Vino rosado semidulce de mesa superior. Vino joven de color rojo cereza con tonos granatosos. Vino suave muy afrutado que desprende un agradable aroma. En boca se trata de un vino muy equilibrado y persistente con agradable postgusto. Recomendado para todo tipo de carnes y pasta. Tambi\u00e9n para quesos frescos y semis.<\/p>\n<p>Graduaci\u00f3n alcoh\u00f3lica 13\u00ba.<\/p>","protected":false},"excerpt":{"rendered":"<p>Garrafa de 4 L. de vidrio retornable de vino rosado. Vino rosado semidulce de mesa superior. Vino joven de color rojo cereza con tonos granatosos. Vino suave muy afrutado que desprende un agradable aroma. En boca se trata de un vino muy equilibrado y persistente con agradable postgusto. Recomendado para todo tipo de carnes y pasta. Tambi\u00e9n para quesos frescos y semis. Graduaci\u00f3n alcoh\u00f3lica 13\u00ba.<\/p>","protected":false},"featured_media":84,"template":"","meta":[],"pwb-brand":[191],"product_brand":[],"product_cat":[33,85,17,130],"product_tag":[],"class_list":{"0":"post-85","1":"product","2":"type-product","3":"status-publish","4":"has-post-thumbnail","6":"pwb-brand-el-masove","7":"product_cat-vinos","8":"product_cat-vins-a-granel","9":"product_cat-begudes","10":"product_cat-vins-rosats","12":"first","13":"instock","14":"taxable","15":"shipping-taxable","16":"purchasable","17":"product-type-simple"},"brands":[{"id":191,"name":"El Masove","slug":"el-masove"}],"_links":{"self":[{"href":"https:\/\/tenda.elmasove.com\/es\/wp-json\/wp\/v2\/product\/85","targetHints":{"allow":["GET"]}}],"collection":[{"href":"https:\/\/tenda.elmasove.com\/es\/wp-json\/wp\/v2\/product"}],"about":[{"href":"https:\/\/tenda.elmasove.com\/es\/wp-json\/wp\/v2\/types\/product"}],"wp:featuredmedia":[{"embeddable":true,"href":"https:\/\/tenda.elmasove.com\/es\/wp-json\/wp\/v2\/media\/84"}],"wp:attachment":[{"href":"https:\/\/tenda.elmasove.com\/es\/wp-json\/wp\/v2\/media?parent=85"}],"wp:term":[{"taxonomy":"pwb-brand","embeddable":true,"href":"https:\/\/tenda.elmasove.com\/es\/wp-json\/wp\/v2\/pwb-brand?post=85"},{"taxonomy":"product_brand","embeddable":true,"href":"https:\/\/tenda.elmasove.com\/es\/wp-json\/wp\/v2\/product_brand?post=85"},{"taxonomy":"product_cat","embeddable":true,"href":"https:\/\/tenda.elmasove.com\/es\/wp-json\/wp\/v2\/product_cat?post=85"},{"taxonomy":"product_tag","embeddable":true,"href":"https:\/\/tenda.elmasove.com\/es\/wp-json\/wp\/v2\/product_tag?post=85"}],"curies":[{"name":"wp","href":"https:\/\/api.w.org\/{rel}","templated":true}]}}