{"id":846,"date":"2014-11-24T07:30:36","date_gmt":"2014-11-24T06:30:36","guid":{"rendered":"http:\/\/wp.elmasove.com\/product\/caixa-6-amp-cava-vallformosa-brut-classic\/"},"modified":"2026-03-06T17:11:31","modified_gmt":"2026-03-06T16:11:31","slug":"caixa-6-amp-cava-vallformosa-brut-classic","status":"publish","type":"product","link":"https:\/\/tenda.elmasove.com\/es\/tienda\/begudes\/vins-i-caves\/caves\/brut\/caixa-6-amp-cava-vallformosa-brut-classic\/","title":{"rendered":"Cava Brut Cl\u00e1sico \u201cVallformosa\u201d (6u)"},"content":{"rendered":"<p>Cava Brut Cl\u00e1sico \u201cVallformosa\u201d color paja claro con matices verdosos. La burbuja desprendida es alegre y vivaz. Su aroma es mezcla de fruta (manzana) y fermentaci\u00f3n (albaricoque y notas tostadas). En boca es arm\u00f3nico y apetitoso, con una ligera punta de acidez. Redondo y elegante de un cl\u00e1sico final con car\u00e1cter afrutado.<\/p>\n<p><strong>VARIEDADES<\/strong><br \/>\nMacabeo \u2013 Xarel\u00b7lo \u2013 Parellada<\/p>\n<p><strong>TIPO DE VI<\/strong><br \/>\nCava Brut<\/p>\n<p><strong>ELABORACI\u00d3N<\/strong><br \/>\nM\u00e9todo Tradicional. Crianza de 12 meses sobre sus madres.<\/p>\n<p><strong>VISTA<\/strong><br \/>\nColor amarillo p\u00e1lido con reflejos verdosos.<\/p>\n<p><strong>OLFATO<\/strong><br \/>\nBuena intensidad arom\u00e1tica. Aromas afrutados (manzana verde y hierbas frescas como el hinojo) combinadas con notas de flores blancas y c\u00edtricos.<\/p>\n<p><strong>PALADAR<\/strong><br \/>\nEn boca se presenta muy agradable, fresco, sabroso, con buena sensaci\u00f3n carb\u00f3nica y buena persistencia dando un final de boca muy largo.<\/p>\n<p><strong>GASTRONOM\u00cdA<\/strong><br \/>\nRecomendado para tomar el sol en cualquier momento, como aperitivo o con todo tipo de comidas. Servir a 5-6\u00baC.<\/p>\n<p><strong>PREMIOS<br \/>\n<\/strong>ORO - Sakura. Japan Women&#039;s Wine Awards 2016, Japan<br \/>\nPLATA \u2013 Effervescentes du Monde 2015, France<br \/>\nPLATA - Japan Wine Challenge 2015, Japan<br \/>\nBRONCE \u2013 International Wine &amp; Spirit Competition 2016, United Kingdom<\/p>","protected":false},"excerpt":{"rendered":"<p>Cava Brut Cl\u00e1sico \u201cVallformosa\u201d color paja claro con matices verdosos. La burbuja desprendida es alegre y vivaz. Su aroma es mezcla de fruta (manzana) y fermentaci\u00f3n (albaricoque y notas tostadas). En boca es arm\u00f3nico y apetitoso, con una ligera punta de acidez. Redondo y elegante de un cl\u00e1sico final con car\u00e1cter afrutado.<\/p>\n<p>&nbsp;<\/p>","protected":false},"featured_media":1793,"template":"","meta":[],"pwb-brand":[194],"product_brand":[],"product_cat":[49,112],"product_tag":[],"class_list":{"0":"post-846","1":"product","2":"type-product","3":"status-publish","4":"has-post-thumbnail","6":"pwb-brand-vallformosa","7":"product_cat-caves","8":"product_cat-brut","10":"first","11":"instock","12":"taxable","13":"shipping-taxable","14":"purchasable","15":"product-type-simple"},"brands":[{"id":194,"name":"Vallformosa","slug":"vallformosa"}],"_links":{"self":[{"href":"https:\/\/tenda.elmasove.com\/es\/wp-json\/wp\/v2\/product\/846","targetHints":{"allow":["GET"]}}],"collection":[{"href":"https:\/\/tenda.elmasove.com\/es\/wp-json\/wp\/v2\/product"}],"about":[{"href":"https:\/\/tenda.elmasove.com\/es\/wp-json\/wp\/v2\/types\/product"}],"wp:featuredmedia":[{"embeddable":true,"href":"https:\/\/tenda.elmasove.com\/es\/wp-json\/wp\/v2\/media\/1793"}],"wp:attachment":[{"href":"https:\/\/tenda.elmasove.com\/es\/wp-json\/wp\/v2\/media?parent=846"}],"wp:term":[{"taxonomy":"pwb-brand","embeddable":true,"href":"https:\/\/tenda.elmasove.com\/es\/wp-json\/wp\/v2\/pwb-brand?post=846"},{"taxonomy":"product_brand","embeddable":true,"href":"https:\/\/tenda.elmasove.com\/es\/wp-json\/wp\/v2\/product_brand?post=846"},{"taxonomy":"product_cat","embeddable":true,"href":"https:\/\/tenda.elmasove.com\/es\/wp-json\/wp\/v2\/product_cat?post=846"},{"taxonomy":"product_tag","embeddable":true,"href":"https:\/\/tenda.elmasove.com\/es\/wp-json\/wp\/v2\/product_tag?post=846"}],"curies":[{"name":"wp","href":"https:\/\/api.w.org\/{rel}","templated":true}]}}