{"id":828,"date":"2014-11-24T07:30:34","date_gmt":"2014-11-24T06:30:34","guid":{"rendered":"http:\/\/wp.elmasove.com\/product\/garrafa-5l-aigua-destilada\/"},"modified":"2020-02-20T14:11:54","modified_gmt":"2020-02-20T13:11:54","slug":"aigua-destilada-nettoyer-5l","status":"publish","type":"product","link":"https:\/\/tenda.elmasove.com\/es\/tienda\/neteja\/altres-complements\/aigua-destilada-nettoyer-5l\/","title":{"rendered":"Agua destilada Nettoyer (5L)"},"content":{"rendered":"<p>El Agua destilada Nettoyer tiene una composici\u00f3n basada en la unidad H2O. Es esa agua a la que se le eliminan las impurezas y los iones mediante destilaci\u00f3n.<\/p>\n<p>Ideal para utilizar en procesos de planchado, limpiezas a vapor o para uso dom\u00e9stico.<\/p>\n<p><em>Garrafa de agua destilada Nettoyer de 5 litros<\/em><\/p>\n<h3>Indicaciones del Agua destilada Nettoyer<\/h3>\n<p>No ingerir. Mantenerse fuera del alcance de los ni\u00f1os.<br \/>\nEn caso de accidente consultar al servicio m\u00e9dico de informaci\u00f3n toxicol\u00f3gica.<\/p>","protected":false},"excerpt":{"rendered":"<p>El Agua destilada Nettoyer tiene una composici\u00f3n basada en la unidad H2O. Es esa agua a la que se le eliminan las impurezas y los iones mediante destilaci\u00f3n.<\/p>\n<p>Ideal para utilizar en procesos de planchado, limpiezas a vapor o para uso dom\u00e9stico.<\/p>\n<p><em>Garrafa de agua destilada Nettoyer de 5 litros<\/em><\/p>","protected":false},"featured_media":827,"template":"","meta":[],"pwb-brand":[381],"product_brand":[],"product_cat":[22,78],"product_tag":[],"class_list":{"0":"post-828","1":"product","2":"type-product","3":"status-publish","4":"has-post-thumbnail","6":"pwb-brand-nettoyer","7":"product_cat-neteja","8":"product_cat-altres-complements","10":"first","11":"instock","12":"taxable","13":"shipping-taxable","14":"purchasable","15":"product-type-simple"},"brands":[{"id":381,"name":"Nettoyer","slug":"nettoyer"}],"_links":{"self":[{"href":"https:\/\/tenda.elmasove.com\/es\/wp-json\/wp\/v2\/product\/828","targetHints":{"allow":["GET"]}}],"collection":[{"href":"https:\/\/tenda.elmasove.com\/es\/wp-json\/wp\/v2\/product"}],"about":[{"href":"https:\/\/tenda.elmasove.com\/es\/wp-json\/wp\/v2\/types\/product"}],"wp:featuredmedia":[{"embeddable":true,"href":"https:\/\/tenda.elmasove.com\/es\/wp-json\/wp\/v2\/media\/827"}],"wp:attachment":[{"href":"https:\/\/tenda.elmasove.com\/es\/wp-json\/wp\/v2\/media?parent=828"}],"wp:term":[{"taxonomy":"pwb-brand","embeddable":true,"href":"https:\/\/tenda.elmasove.com\/es\/wp-json\/wp\/v2\/pwb-brand?post=828"},{"taxonomy":"product_brand","embeddable":true,"href":"https:\/\/tenda.elmasove.com\/es\/wp-json\/wp\/v2\/product_brand?post=828"},{"taxonomy":"product_cat","embeddable":true,"href":"https:\/\/tenda.elmasove.com\/es\/wp-json\/wp\/v2\/product_cat?post=828"},{"taxonomy":"product_tag","embeddable":true,"href":"https:\/\/tenda.elmasove.com\/es\/wp-json\/wp\/v2\/product_tag?post=828"}],"curies":[{"name":"wp","href":"https:\/\/api.w.org\/{rel}","templated":true}]}}