{"id":826,"date":"2014-11-24T07:30:34","date_gmt":"2014-11-24T06:30:34","guid":{"rendered":"http:\/\/wp.elmasove.com\/product\/paquet-20-unitats-bosses-brossa-industrials\/"},"modified":"2020-03-05T10:21:13","modified_gmt":"2020-03-05T09:21:13","slug":"bosses-escombraries-industrials-mical-20u-120l","status":"publish","type":"product","link":"https:\/\/tenda.elmasove.com\/es\/tienda\/neteja\/altres-complements\/bosses-escombraries-industrials-mical-20u-120l\/","title":{"rendered":"Bolsas Basura Industrial Mical (20u x 120L)"},"content":{"rendered":"<p>Bolsas de basura industrial Mical de gran capacidad y resistencia.<\/p>\n<p>Con sistema antigoteo y fondo herm\u00e9tico que garantiza la impermeabilidad de la bolsa, as\u00ed evitar goteos innecesarios. Sin cierre f\u00e1cil.<\/p>\n<p>De color negro especialmente por usarla con productos que en bolsas normales no aguantar\u00edan en peso ni en fuerza.<\/p>\n<p>Completamente opacas.<\/p>\n<p><em>20 unidades de Bolsas de basura industrial Mical 85 \u00d7 110 con capacidad de 120 litros<\/em><\/p>\n<p><strong>Precauciones<\/strong><\/p>\n<p>Mantenerse lejos del alcance de los ni\u00f1os. Peligro de asfixia.<\/p>\n<p>No es apto para uso alimenticio.<\/p>","protected":false},"excerpt":{"rendered":"<p>Bolsas de basura industrial Mical de gran capacidad y resistencia.<\/p>\n<p><em>20 unidades de Bolsas de basura industrial Mical de 85 \u00d7 110 con capacidad de 120 litros<\/em><\/p>","protected":false},"featured_media":825,"template":"","meta":[],"pwb-brand":[266],"product_brand":[],"product_cat":[22,78],"product_tag":[],"class_list":{"0":"post-826","1":"product","2":"type-product","3":"status-publish","4":"has-post-thumbnail","6":"pwb-brand-mical","7":"product_cat-neteja","8":"product_cat-altres-complements","10":"first","11":"instock","12":"taxable","13":"shipping-taxable","14":"purchasable","15":"product-type-simple"},"brands":[{"id":266,"name":"Mical","slug":"mical"}],"_links":{"self":[{"href":"https:\/\/tenda.elmasove.com\/es\/wp-json\/wp\/v2\/product\/826","targetHints":{"allow":["GET"]}}],"collection":[{"href":"https:\/\/tenda.elmasove.com\/es\/wp-json\/wp\/v2\/product"}],"about":[{"href":"https:\/\/tenda.elmasove.com\/es\/wp-json\/wp\/v2\/types\/product"}],"wp:featuredmedia":[{"embeddable":true,"href":"https:\/\/tenda.elmasove.com\/es\/wp-json\/wp\/v2\/media\/825"}],"wp:attachment":[{"href":"https:\/\/tenda.elmasove.com\/es\/wp-json\/wp\/v2\/media?parent=826"}],"wp:term":[{"taxonomy":"pwb-brand","embeddable":true,"href":"https:\/\/tenda.elmasove.com\/es\/wp-json\/wp\/v2\/pwb-brand?post=826"},{"taxonomy":"product_brand","embeddable":true,"href":"https:\/\/tenda.elmasove.com\/es\/wp-json\/wp\/v2\/product_brand?post=826"},{"taxonomy":"product_cat","embeddable":true,"href":"https:\/\/tenda.elmasove.com\/es\/wp-json\/wp\/v2\/product_cat?post=826"},{"taxonomy":"product_tag","embeddable":true,"href":"https:\/\/tenda.elmasove.com\/es\/wp-json\/wp\/v2\/product_tag?post=826"}],"curies":[{"name":"wp","href":"https:\/\/api.w.org\/{rel}","templated":true}]}}