{"id":812,"date":"2014-11-24T07:30:34","date_gmt":"2014-11-24T06:30:34","guid":{"rendered":"http:\/\/wp.elmasove.com\/product\/sac-6-rotllos-aixugamans-2-c-180-m\/"},"modified":"2020-02-10T13:21:35","modified_gmt":"2020-02-10T12:21:35","slug":"paper-eixugamans-goma-camps6u-180-m","status":"publish","type":"product","link":"https:\/\/tenda.elmasove.com\/es\/tienda\/neteja\/paper-industrial\/paper-eixugamans-goma-camps6u-180-m\/","title":{"rendered":"Papel secamanos \u201cGoma-Camps\u201d(6u \u2013 180 m)"},"content":{"rendered":"<p>Secamanos 2 capas Goma-Camps 180 metros saco 6 rollos. Alta resistencia y calidad.<\/p>\n<p>Nuestros secamanos se caracterizan por su resistencia y funcionalidad, convirti\u00e9ndolos en un elemento ideal para la limpieza de diversos entornos de trabajo y el secado de manos. La extracci\u00f3n del mandril facilita la dispensaci\u00f3n central de los servicios. Nuestra gama de secamanos incluye tambi\u00e9n la celulosa azul, especialmente indicada para el control de puntos cr\u00edticos en el sector alimenticio; y la tecnolog\u00eda GC TECH, de gran resistencia y absorci\u00f3n, para la limpieza en entornos donde es importante que no se desprenda vello.<\/p>","protected":false},"excerpt":{"rendered":"<p>Secamanos 2 capas Goma-Camps 180 metros saco 6 rollos. Alta resistencia y calidad.<\/p>","protected":false},"featured_media":811,"template":"","meta":[],"pwb-brand":[265],"product_brand":[],"product_cat":[22,76],"product_tag":[],"class_list":{"0":"post-812","1":"product","2":"type-product","3":"status-publish","4":"has-post-thumbnail","6":"pwb-brand-goma-camps","7":"product_cat-neteja","8":"product_cat-paper-industrial","10":"first","11":"instock","12":"taxable","13":"shipping-taxable","14":"purchasable","15":"product-type-simple"},"brands":[{"id":265,"name":"Gom\u00e0-Camps","slug":"goma-camps"}],"_links":{"self":[{"href":"https:\/\/tenda.elmasove.com\/es\/wp-json\/wp\/v2\/product\/812","targetHints":{"allow":["GET"]}}],"collection":[{"href":"https:\/\/tenda.elmasove.com\/es\/wp-json\/wp\/v2\/product"}],"about":[{"href":"https:\/\/tenda.elmasove.com\/es\/wp-json\/wp\/v2\/types\/product"}],"wp:featuredmedia":[{"embeddable":true,"href":"https:\/\/tenda.elmasove.com\/es\/wp-json\/wp\/v2\/media\/811"}],"wp:attachment":[{"href":"https:\/\/tenda.elmasove.com\/es\/wp-json\/wp\/v2\/media?parent=812"}],"wp:term":[{"taxonomy":"pwb-brand","embeddable":true,"href":"https:\/\/tenda.elmasove.com\/es\/wp-json\/wp\/v2\/pwb-brand?post=812"},{"taxonomy":"product_brand","embeddable":true,"href":"https:\/\/tenda.elmasove.com\/es\/wp-json\/wp\/v2\/product_brand?post=812"},{"taxonomy":"product_cat","embeddable":true,"href":"https:\/\/tenda.elmasove.com\/es\/wp-json\/wp\/v2\/product_cat?post=812"},{"taxonomy":"product_tag","embeddable":true,"href":"https:\/\/tenda.elmasove.com\/es\/wp-json\/wp\/v2\/product_tag?post=812"}],"curies":[{"name":"wp","href":"https:\/\/api.w.org\/{rel}","templated":true}]}}