{"id":81,"date":"2014-11-24T07:30:20","date_gmt":"2014-11-24T06:30:20","guid":{"rendered":"http:\/\/wp.elmasove.com\/product\/garrafa-4l-vi-rosat-11-devoluci-2-al-retornar-l-env-s\/"},"modified":"2023-04-12T11:46:02","modified_gmt":"2023-04-12T09:46:02","slug":"vi-rosat-11o-el-masove-4l","status":"publish","type":"product","link":"https:\/\/tenda.elmasove.com\/es\/tienda\/begudes\/vins-i-caves\/vinos\/vins-a-granel\/vins-rosats\/vi-rosat-11o-el-masove-4l\/","title":{"rendered":"Vino Rosado 11\u00ba &quot;El Masove&quot; (4L) - incluido 2\u20ac envase retornable."},"content":{"rendered":"<p>Garrafa de 4 L. de vidrio retornable de vino rosado. Vino rosado seco de mesa extra. Vino joven de color cereza con tonos rub\u00ed. En boca es ligero y fresco. De aroma afrutado y algo floral. Al tomarlo deja un final elegante y muy agradable. Se recomienda para platos ligeros, carnes blancas, arroces, pasta y quesos frescos. Caracter\u00edstico de la zona vin\u00edcola del Pened\u00e8s.<\/p>\n<p>Graduaci\u00f3n alcoh\u00f3lica 11\u00ba.<\/p>","protected":false},"excerpt":{"rendered":"<p>Garrafa de 4 L. de vidrio retornable de vino rosado. Vino rosado seco de mesa extra. Vino joven de color cereza con tonos rub\u00ed. En boca es ligero y fresco. De aroma afrutado y algo floral. Al tomarlo deja un final elegante y muy agradable. Se recomienda para platos ligeros, carnes blancas, arroces, pasta y quesos frescos. Caracter\u00edstico de la zona vin\u00edcola del Pened\u00e8s.<\/p>\n<p>Graduaci\u00f3n alcoh\u00f3lica 11\u00ba.<\/p>","protected":false},"featured_media":80,"template":"","meta":[],"pwb-brand":[191],"product_brand":[],"product_cat":[33,85,17,130],"product_tag":[],"class_list":{"0":"post-81","1":"product","2":"type-product","3":"status-publish","4":"has-post-thumbnail","6":"pwb-brand-el-masove","7":"product_cat-vinos","8":"product_cat-vins-a-granel","9":"product_cat-begudes","10":"product_cat-vins-rosats","12":"first","13":"instock","14":"taxable","15":"shipping-taxable","16":"purchasable","17":"product-type-simple"},"brands":[{"id":191,"name":"El Masove","slug":"el-masove"}],"_links":{"self":[{"href":"https:\/\/tenda.elmasove.com\/es\/wp-json\/wp\/v2\/product\/81","targetHints":{"allow":["GET"]}}],"collection":[{"href":"https:\/\/tenda.elmasove.com\/es\/wp-json\/wp\/v2\/product"}],"about":[{"href":"https:\/\/tenda.elmasove.com\/es\/wp-json\/wp\/v2\/types\/product"}],"wp:featuredmedia":[{"embeddable":true,"href":"https:\/\/tenda.elmasove.com\/es\/wp-json\/wp\/v2\/media\/80"}],"wp:attachment":[{"href":"https:\/\/tenda.elmasove.com\/es\/wp-json\/wp\/v2\/media?parent=81"}],"wp:term":[{"taxonomy":"pwb-brand","embeddable":true,"href":"https:\/\/tenda.elmasove.com\/es\/wp-json\/wp\/v2\/pwb-brand?post=81"},{"taxonomy":"product_brand","embeddable":true,"href":"https:\/\/tenda.elmasove.com\/es\/wp-json\/wp\/v2\/product_brand?post=81"},{"taxonomy":"product_cat","embeddable":true,"href":"https:\/\/tenda.elmasove.com\/es\/wp-json\/wp\/v2\/product_cat?post=81"},{"taxonomy":"product_tag","embeddable":true,"href":"https:\/\/tenda.elmasove.com\/es\/wp-json\/wp\/v2\/product_tag?post=81"}],"curies":[{"name":"wp","href":"https:\/\/api.w.org\/{rel}","templated":true}]}}