{"id":800,"date":"2014-11-24T07:30:34","date_gmt":"2014-11-24T06:30:34","guid":{"rendered":"http:\/\/wp.elmasove.com\/product\/rotllo-individual-aixugamans-2-c\/"},"modified":"2020-02-10T13:24:44","modified_gmt":"2020-02-10T12:24:44","slug":"aixugamans-doble-capa-180m-450-serveis","status":"publish","type":"product","link":"https:\/\/tenda.elmasove.com\/es\/tienda\/neteja\/paper-domestic\/aixugamans-doble-capa-180m-450-serveis\/","title":{"rendered":"Secamanos Doble Capa \u201cGoma-camps\u201d (180m \u2013 450 servicios)"},"content":{"rendered":"<p>Secamanos Doble Goma-Camps capa rollo individual. Doble capa. Alta resistencia y calidad.<\/p>\n<p>Los secamanos Goma-Camps se caracterizan por su resistencia y funcionalidad, convirti\u00e9ndolos en un elemento ideal para la limpieza de diversos entornos de trabajo y el secado de manos. La extracci\u00f3n del mandril facilita la dispensaci\u00f3n central de los servicios. Nuestra gama de secamanos incluye tambi\u00e9n la celulosa azul, especialmente indicada para el control de puntos cr\u00edticos en el sector alimenticio; y la tecnolog\u00eda GC TECH, de gran resistencia y absorci\u00f3n, para la limpieza en entornos donde es importante que no se desprenda vello.<\/p>","protected":false},"excerpt":{"rendered":"<p>Secamanos Doble Goma-Camps capa rollo individual. Doble capa. Alta resistencia y calidad.<\/p>","protected":false},"featured_media":799,"template":"","meta":[],"pwb-brand":[265],"product_brand":[],"product_cat":[22,73],"product_tag":[],"class_list":{"0":"post-800","1":"product","2":"type-product","3":"status-publish","4":"has-post-thumbnail","6":"pwb-brand-goma-camps","7":"product_cat-neteja","8":"product_cat-paper-domestic","10":"first","11":"instock","12":"taxable","13":"shipping-taxable","14":"purchasable","15":"product-type-simple"},"brands":[{"id":265,"name":"Gom\u00e0-Camps","slug":"goma-camps"}],"_links":{"self":[{"href":"https:\/\/tenda.elmasove.com\/es\/wp-json\/wp\/v2\/product\/800","targetHints":{"allow":["GET"]}}],"collection":[{"href":"https:\/\/tenda.elmasove.com\/es\/wp-json\/wp\/v2\/product"}],"about":[{"href":"https:\/\/tenda.elmasove.com\/es\/wp-json\/wp\/v2\/types\/product"}],"wp:featuredmedia":[{"embeddable":true,"href":"https:\/\/tenda.elmasove.com\/es\/wp-json\/wp\/v2\/media\/799"}],"wp:attachment":[{"href":"https:\/\/tenda.elmasove.com\/es\/wp-json\/wp\/v2\/media?parent=800"}],"wp:term":[{"taxonomy":"pwb-brand","embeddable":true,"href":"https:\/\/tenda.elmasove.com\/es\/wp-json\/wp\/v2\/pwb-brand?post=800"},{"taxonomy":"product_brand","embeddable":true,"href":"https:\/\/tenda.elmasove.com\/es\/wp-json\/wp\/v2\/product_brand?post=800"},{"taxonomy":"product_cat","embeddable":true,"href":"https:\/\/tenda.elmasove.com\/es\/wp-json\/wp\/v2\/product_cat?post=800"},{"taxonomy":"product_tag","embeddable":true,"href":"https:\/\/tenda.elmasove.com\/es\/wp-json\/wp\/v2\/product_tag?post=800"}],"curies":[{"name":"wp","href":"https:\/\/api.w.org\/{rel}","templated":true}]}}