{"id":791,"date":"2014-11-24T07:30:34","date_gmt":"2014-11-24T06:30:34","guid":{"rendered":"http:\/\/wp.elmasove.com\/product\/ampolla-1-5l-sab-liquid-pahes-roba-delicada\/"},"modified":"2014-11-24T07:30:34","modified_gmt":"2014-11-24T06:30:34","slug":"ampolla-1-5l-sab-liquid-pahes-roba-delicada","status":"publish","type":"product","link":"https:\/\/tenda.elmasove.com\/es\/tienda\/neteja\/detergent-roba\/ampolla-1-5l-sab-liquid-pahes-roba-delicada\/","title":{"rendered":"Jab\u00f3n L\u00edquido Ropa Delicada \u201cPahes\u201d (1,5L)"},"content":{"rendered":"<p>Jab\u00f3n l\u00edquido rosa Ropa Delicada Pahes botella de 1,5 litros. Detergente l\u00edquido para el lavado a mano o m\u00e1quina. Especialmente indicado para ropas delicadas y de colores poco resistentes. Mantiene la intensidad del color e impide su migraci\u00f3n. Pensado principalmente para ropas finas.<\/p>","protected":false},"excerpt":{"rendered":"<p>Jab\u00f3n l\u00edquido rosa Ropa Delicada Pahes botella de 1,5 litros. Detergente l\u00edquido para el lavado a mano o m\u00e1quina. Especialmente indicado para ropas delicadas y de colores poco resistentes. Mantiene la intensidad del color e impide su migraci\u00f3n. Pensado principalmente para ropas finas.<\/p>","protected":false},"featured_media":790,"template":"","meta":[],"pwb-brand":[],"product_brand":[],"product_cat":[58,22],"product_tag":[],"class_list":{"0":"post-791","1":"product","2":"type-product","3":"status-publish","4":"has-post-thumbnail","6":"product_cat-detergent-roba","7":"product_cat-neteja","9":"first","10":"instock","11":"taxable","12":"shipping-taxable","13":"purchasable","14":"product-type-simple"},"brands":[],"_links":{"self":[{"href":"https:\/\/tenda.elmasove.com\/es\/wp-json\/wp\/v2\/product\/791","targetHints":{"allow":["GET"]}}],"collection":[{"href":"https:\/\/tenda.elmasove.com\/es\/wp-json\/wp\/v2\/product"}],"about":[{"href":"https:\/\/tenda.elmasove.com\/es\/wp-json\/wp\/v2\/types\/product"}],"wp:featuredmedia":[{"embeddable":true,"href":"https:\/\/tenda.elmasove.com\/es\/wp-json\/wp\/v2\/media\/790"}],"wp:attachment":[{"href":"https:\/\/tenda.elmasove.com\/es\/wp-json\/wp\/v2\/media?parent=791"}],"wp:term":[{"taxonomy":"pwb-brand","embeddable":true,"href":"https:\/\/tenda.elmasove.com\/es\/wp-json\/wp\/v2\/pwb-brand?post=791"},{"taxonomy":"product_brand","embeddable":true,"href":"https:\/\/tenda.elmasove.com\/es\/wp-json\/wp\/v2\/product_brand?post=791"},{"taxonomy":"product_cat","embeddable":true,"href":"https:\/\/tenda.elmasove.com\/es\/wp-json\/wp\/v2\/product_cat?post=791"},{"taxonomy":"product_tag","embeddable":true,"href":"https:\/\/tenda.elmasove.com\/es\/wp-json\/wp\/v2\/product_tag?post=791"}],"curies":[{"name":"wp","href":"https:\/\/api.w.org\/{rel}","templated":true}]}}