{"id":789,"date":"2014-11-24T07:30:34","date_gmt":"2014-11-24T06:30:34","guid":{"rendered":"http:\/\/wp.elmasove.com\/product\/ampolla-4l-suavitzant-superconcentrat-pahes\/"},"modified":"2023-04-14T11:30:00","modified_gmt":"2023-04-14T09:30:00","slug":"ampolla-4l-suavitzant-superconcentrat-pahes","status":"publish","type":"product","link":"https:\/\/tenda.elmasove.com\/es\/tienda\/neteja\/detergent-roba\/ampolla-4l-suavitzant-superconcentrat-pahes\/","title":{"rendered":"Suavizante Superconcentrado \u201cPahes\u201d (4L)"},"content":{"rendered":"<p>Suavizante Superconcentrado blanco Pahes botella de 4 litros. Suavizante superconcretado absorbido por la fibra textil en fr\u00edo o caliente, en l\u00edquidos neutros y \u00e1cidos independientemente de la dureza del agua, confiriendo a las fibras textiles un gran efecto suavizante y antielectrost\u00e1tico, particularmente a las fibras sint\u00e9ticas y con buena absorci\u00f3n en las naturales .<\/p>","protected":false},"excerpt":{"rendered":"<p>Suavizante Superconcentrado blanco Pahes botella de 4 litros. Suavizante superconcretado absorbido por la fibra textil en fr\u00edo o caliente, en l\u00edquidos neutros y \u00e1cidos independientemente de la dureza del agua, confiriendo a las fibras textiles un gran efecto suavizante y antielectrost\u00e1tico, particularmente a las fibras sint\u00e9ticas y con buena absorci\u00f3n en las naturales .<\/p>","protected":false},"featured_media":788,"template":"","meta":[],"pwb-brand":[],"product_brand":[],"product_cat":[58,22],"product_tag":[],"class_list":{"0":"post-789","1":"product","2":"type-product","3":"status-publish","4":"has-post-thumbnail","6":"product_cat-detergent-roba","7":"product_cat-neteja","9":"first","10":"instock","11":"taxable","12":"shipping-taxable","13":"purchasable","14":"product-type-simple"},"brands":[],"_links":{"self":[{"href":"https:\/\/tenda.elmasove.com\/es\/wp-json\/wp\/v2\/product\/789","targetHints":{"allow":["GET"]}}],"collection":[{"href":"https:\/\/tenda.elmasove.com\/es\/wp-json\/wp\/v2\/product"}],"about":[{"href":"https:\/\/tenda.elmasove.com\/es\/wp-json\/wp\/v2\/types\/product"}],"wp:featuredmedia":[{"embeddable":true,"href":"https:\/\/tenda.elmasove.com\/es\/wp-json\/wp\/v2\/media\/788"}],"wp:attachment":[{"href":"https:\/\/tenda.elmasove.com\/es\/wp-json\/wp\/v2\/media?parent=789"}],"wp:term":[{"taxonomy":"pwb-brand","embeddable":true,"href":"https:\/\/tenda.elmasove.com\/es\/wp-json\/wp\/v2\/pwb-brand?post=789"},{"taxonomy":"product_brand","embeddable":true,"href":"https:\/\/tenda.elmasove.com\/es\/wp-json\/wp\/v2\/product_brand?post=789"},{"taxonomy":"product_cat","embeddable":true,"href":"https:\/\/tenda.elmasove.com\/es\/wp-json\/wp\/v2\/product_cat?post=789"},{"taxonomy":"product_tag","embeddable":true,"href":"https:\/\/tenda.elmasove.com\/es\/wp-json\/wp\/v2\/product_tag?post=789"}],"curies":[{"name":"wp","href":"https:\/\/api.w.org\/{rel}","templated":true}]}}