{"id":781,"date":"2014-11-24T07:30:33","date_gmt":"2014-11-24T06:30:33","guid":{"rendered":"http:\/\/wp.elmasove.com\/product\/sab-2-2kg-pasta-roba\/"},"modified":"2020-02-07T09:58:44","modified_gmt":"2020-02-07T08:58:44","slug":"sab-2-2kg-pasta-roba","status":"publish","type":"product","link":"https:\/\/tenda.elmasove.com\/es\/tienda\/neteja\/detergent-roba\/sab-2-2kg-pasta-roba\/","title":{"rendered":"Jab\u00f3n Pasta ropa \u201cNettoyer\u201d (2,2 kg)"},"content":{"rendered":"<p>Jab\u00f3n pasta ropa Nettoyer botella 2,2 kilos. Detergente para Lavado de ropa a mano o m\u00e1quina de todo tipo de ropa de algod\u00f3n, lana, seda o fibras sint\u00e9ticas. Alto poder limpiador.<\/p>","protected":false},"excerpt":{"rendered":"<p>Jab\u00f3n pasta ropa Nettoyer botella 2,2 kilos. Detergente para Lavado de ropa a mano o m\u00e1quina de todo tipo de ropa de algod\u00f3n, lana, seda o fibras sint\u00e9ticas. Alto poder limpiador.<\/p>","protected":false},"featured_media":780,"template":"","meta":[],"pwb-brand":[381],"product_brand":[],"product_cat":[58,22],"product_tag":[],"class_list":{"0":"post-781","1":"product","2":"type-product","3":"status-publish","4":"has-post-thumbnail","6":"pwb-brand-nettoyer","7":"product_cat-detergent-roba","8":"product_cat-neteja","10":"first","11":"instock","12":"taxable","13":"shipping-taxable","14":"purchasable","15":"product-type-simple"},"brands":[{"id":381,"name":"Nettoyer","slug":"nettoyer"}],"_links":{"self":[{"href":"https:\/\/tenda.elmasove.com\/es\/wp-json\/wp\/v2\/product\/781","targetHints":{"allow":["GET"]}}],"collection":[{"href":"https:\/\/tenda.elmasove.com\/es\/wp-json\/wp\/v2\/product"}],"about":[{"href":"https:\/\/tenda.elmasove.com\/es\/wp-json\/wp\/v2\/types\/product"}],"wp:featuredmedia":[{"embeddable":true,"href":"https:\/\/tenda.elmasove.com\/es\/wp-json\/wp\/v2\/media\/780"}],"wp:attachment":[{"href":"https:\/\/tenda.elmasove.com\/es\/wp-json\/wp\/v2\/media?parent=781"}],"wp:term":[{"taxonomy":"pwb-brand","embeddable":true,"href":"https:\/\/tenda.elmasove.com\/es\/wp-json\/wp\/v2\/pwb-brand?post=781"},{"taxonomy":"product_brand","embeddable":true,"href":"https:\/\/tenda.elmasove.com\/es\/wp-json\/wp\/v2\/product_brand?post=781"},{"taxonomy":"product_cat","embeddable":true,"href":"https:\/\/tenda.elmasove.com\/es\/wp-json\/wp\/v2\/product_cat?post=781"},{"taxonomy":"product_tag","embeddable":true,"href":"https:\/\/tenda.elmasove.com\/es\/wp-json\/wp\/v2\/product_tag?post=781"}],"curies":[{"name":"wp","href":"https:\/\/api.w.org\/{rel}","templated":true}]}}