{"id":779,"date":"2014-11-24T07:30:33","date_gmt":"2014-11-24T06:30:33","guid":{"rendered":"http:\/\/wp.elmasove.com\/product\/rentavaixelles-calgonit-5-1-24-pastilles\/"},"modified":"2014-11-24T07:30:33","modified_gmt":"2014-11-24T06:30:33","slug":"rentavaixelles-calgonit-5-1-24-pastilles","status":"publish","type":"product","link":"https:\/\/tenda.elmasove.com\/es\/tienda\/neteja\/rentaplats\/rentavaixelles-calgonit-5-1-24-pastilles\/","title":{"rendered":"Lavavajillas Quantum \u201cCalgonit\u201d (27 paso)"},"content":{"rendered":"<p>Lavavajillas Calgonit 5-1caja 27 pastillas. Su f\u00f3rmula combina 10 superfunciones: Elimina manchas dif\u00edciles, poder antigrasa. acci\u00f3n estorbadora. Elimina manchas de t\u00e9. Funci\u00f3n superbrillo. Abrillanta el acero inoxidable. Previene la formaci\u00f3n de dep\u00f3sitos de cal en el lavavajillas. Protege el cristal. Protege la plata. Acci\u00f3n powerBoost con poder desincrustante.<\/p>","protected":false},"excerpt":{"rendered":"<p>Lavavajillas Calgonit 5-1caja 27 pastillas. Su f\u00f3rmula combina 10 superfunciones: Elimina manchas dif\u00edciles. Poder antigrasa. Acci\u00f3n estorbadora. Elimina manchas de t\u00e9. Funci\u00f3n superbrillo. Abrillanta el acero inoxidable. Previene la formaci\u00f3n de dep\u00f3sitos de cal en el lavavajillas. Protege el cristal. Protege la plata. Acci\u00f3n powerBoost con poder desincrustante.<\/p>","protected":false},"featured_media":778,"template":"","meta":[],"pwb-brand":[],"product_brand":[],"product_cat":[22,62],"product_tag":[],"class_list":{"0":"post-779","1":"product","2":"type-product","3":"status-publish","4":"has-post-thumbnail","6":"product_cat-neteja","7":"product_cat-rentaplats","9":"first","10":"instock","11":"taxable","12":"shipping-taxable","13":"purchasable","14":"product-type-simple"},"brands":[],"_links":{"self":[{"href":"https:\/\/tenda.elmasove.com\/es\/wp-json\/wp\/v2\/product\/779","targetHints":{"allow":["GET"]}}],"collection":[{"href":"https:\/\/tenda.elmasove.com\/es\/wp-json\/wp\/v2\/product"}],"about":[{"href":"https:\/\/tenda.elmasove.com\/es\/wp-json\/wp\/v2\/types\/product"}],"wp:featuredmedia":[{"embeddable":true,"href":"https:\/\/tenda.elmasove.com\/es\/wp-json\/wp\/v2\/media\/778"}],"wp:attachment":[{"href":"https:\/\/tenda.elmasove.com\/es\/wp-json\/wp\/v2\/media?parent=779"}],"wp:term":[{"taxonomy":"pwb-brand","embeddable":true,"href":"https:\/\/tenda.elmasove.com\/es\/wp-json\/wp\/v2\/pwb-brand?post=779"},{"taxonomy":"product_brand","embeddable":true,"href":"https:\/\/tenda.elmasove.com\/es\/wp-json\/wp\/v2\/product_brand?post=779"},{"taxonomy":"product_cat","embeddable":true,"href":"https:\/\/tenda.elmasove.com\/es\/wp-json\/wp\/v2\/product_cat?post=779"},{"taxonomy":"product_tag","embeddable":true,"href":"https:\/\/tenda.elmasove.com\/es\/wp-json\/wp\/v2\/product_tag?post=779"}],"curies":[{"name":"wp","href":"https:\/\/api.w.org\/{rel}","templated":true}]}}