{"id":777,"date":"2014-11-24T07:30:33","date_gmt":"2014-11-24T06:30:33","guid":{"rendered":"http:\/\/wp.elmasove.com\/product\/ampolla-2l-rentavaixelles-superconcentrat\/"},"modified":"2023-04-14T11:43:18","modified_gmt":"2023-04-14T09:43:18","slug":"ampolla-2l-rentavaixelles-superconcentrat","status":"publish","type":"product","link":"https:\/\/tenda.elmasove.com\/es\/tienda\/neteja\/rentaplats\/ampolla-2l-rentavaixelles-superconcentrat\/","title":{"rendered":"Lavavajillas Superconcentrado \u201cPuignet\u201d (2 L)"},"content":{"rendered":"<p>Lavavajillas Superconcentrado azul Puignet botella de 2 litros. Es el lavavajillas cl\u00e1sico por excelencia. Su formulaci\u00f3n superconentrada permite lavar m\u00e1s cantidad que un jab\u00f3n normal lavavajillas.<\/p>","protected":false},"excerpt":{"rendered":"<p>Lavavajillas Superconcentrado azul Puignet botella de 2 litros. Es el lavavajillas cl\u00e1sico por excelencia. Su formulaci\u00f3n superconentrada permite lavar m\u00e1s cantidad que un jab\u00f3n normal lavavajillas.<\/p>","protected":false},"featured_media":776,"template":"","meta":[],"pwb-brand":[380],"product_brand":[],"product_cat":[22,62],"product_tag":[],"class_list":{"0":"post-777","1":"product","2":"type-product","3":"status-publish","4":"has-post-thumbnail","6":"pwb-brand-puignet","7":"product_cat-neteja","8":"product_cat-rentaplats","10":"first","11":"instock","12":"taxable","13":"shipping-taxable","14":"purchasable","15":"product-type-simple"},"brands":[{"id":380,"name":"Puignet","slug":"puignet"}],"_links":{"self":[{"href":"https:\/\/tenda.elmasove.com\/es\/wp-json\/wp\/v2\/product\/777","targetHints":{"allow":["GET"]}}],"collection":[{"href":"https:\/\/tenda.elmasove.com\/es\/wp-json\/wp\/v2\/product"}],"about":[{"href":"https:\/\/tenda.elmasove.com\/es\/wp-json\/wp\/v2\/types\/product"}],"wp:featuredmedia":[{"embeddable":true,"href":"https:\/\/tenda.elmasove.com\/es\/wp-json\/wp\/v2\/media\/776"}],"wp:attachment":[{"href":"https:\/\/tenda.elmasove.com\/es\/wp-json\/wp\/v2\/media?parent=777"}],"wp:term":[{"taxonomy":"pwb-brand","embeddable":true,"href":"https:\/\/tenda.elmasove.com\/es\/wp-json\/wp\/v2\/pwb-brand?post=777"},{"taxonomy":"product_brand","embeddable":true,"href":"https:\/\/tenda.elmasove.com\/es\/wp-json\/wp\/v2\/product_brand?post=777"},{"taxonomy":"product_cat","embeddable":true,"href":"https:\/\/tenda.elmasove.com\/es\/wp-json\/wp\/v2\/product_cat?post=777"},{"taxonomy":"product_tag","embeddable":true,"href":"https:\/\/tenda.elmasove.com\/es\/wp-json\/wp\/v2\/product_tag?post=777"}],"curies":[{"name":"wp","href":"https:\/\/api.w.org\/{rel}","templated":true}]}}