{"id":775,"date":"2014-11-24T07:30:33","date_gmt":"2014-11-24T06:30:33","guid":{"rendered":"http:\/\/wp.elmasove.com\/product\/ampolla-0-75l-abrillantador-rentaplats\/"},"modified":"2023-04-14T11:41:13","modified_gmt":"2023-04-14T09:41:13","slug":"abrillantador-rentaplats-sallobrill-075-l","status":"publish","type":"product","link":"https:\/\/tenda.elmasove.com\/es\/tienda\/neteja\/rentaplats\/abrillantador-rentaplats-sallobrill-075-l\/","title":{"rendered":"Abrillantador Lavavajillas SalloBrill (0,75 L)"},"content":{"rendered":"<p>Abrillantador Lavavajillas SalloBrill es un producto especialmente formulado para la conservaci\u00f3n de su vajilla y cristaler\u00eda. Elimina los restos de cal. No enmohece la cuberter\u00eda e incluso consigue recuperar las piezas oxidadas en otros procesos de lavado. Autosecado.<\/p>\n<p><em>Abrillantador para lavavajillas Sallo Brill en botella de 0,75L.<\/em><\/p>\n<p><strong>Aplicaci\u00f3n<\/strong><br \/>\nCristaler\u00eda, vajilla, porcelana, metal, acero inoxidable.<\/p>","protected":false},"excerpt":{"rendered":"<p>Abrillantador Lavavajillas SalloBrill es un producto especialmente formulado para la conservaci\u00f3n de su vajilla y cristaler\u00eda. Elimina los restos de cal. No enmohece la cuberter\u00eda e incluso consigue recuperar las piezas oxidadas en otros procesos de lavado. Autosecado.<\/p>\n<p><em>Abrillantador para lavavajillas Sallo Brill en botella de 0,75L.<\/em><\/p>","protected":false},"featured_media":774,"template":"","meta":[],"pwb-brand":[379],"product_brand":[],"product_cat":[22,62],"product_tag":[],"class_list":{"0":"post-775","1":"product","2":"type-product","3":"status-publish","4":"has-post-thumbnail","6":"pwb-brand-sallobrill","7":"product_cat-neteja","8":"product_cat-rentaplats","10":"first","11":"instock","12":"taxable","13":"shipping-taxable","14":"purchasable","15":"product-type-simple"},"brands":[{"id":379,"name":"SalloBrill","slug":"sallobrill"}],"_links":{"self":[{"href":"https:\/\/tenda.elmasove.com\/es\/wp-json\/wp\/v2\/product\/775","targetHints":{"allow":["GET"]}}],"collection":[{"href":"https:\/\/tenda.elmasove.com\/es\/wp-json\/wp\/v2\/product"}],"about":[{"href":"https:\/\/tenda.elmasove.com\/es\/wp-json\/wp\/v2\/types\/product"}],"wp:featuredmedia":[{"embeddable":true,"href":"https:\/\/tenda.elmasove.com\/es\/wp-json\/wp\/v2\/media\/774"}],"wp:attachment":[{"href":"https:\/\/tenda.elmasove.com\/es\/wp-json\/wp\/v2\/media?parent=775"}],"wp:term":[{"taxonomy":"pwb-brand","embeddable":true,"href":"https:\/\/tenda.elmasove.com\/es\/wp-json\/wp\/v2\/pwb-brand?post=775"},{"taxonomy":"product_brand","embeddable":true,"href":"https:\/\/tenda.elmasove.com\/es\/wp-json\/wp\/v2\/product_brand?post=775"},{"taxonomy":"product_cat","embeddable":true,"href":"https:\/\/tenda.elmasove.com\/es\/wp-json\/wp\/v2\/product_cat?post=775"},{"taxonomy":"product_tag","embeddable":true,"href":"https:\/\/tenda.elmasove.com\/es\/wp-json\/wp\/v2\/product_tag?post=775"}],"curies":[{"name":"wp","href":"https:\/\/api.w.org\/{rel}","templated":true}]}}