{"id":77,"date":"2014-11-24T07:30:20","date_gmt":"2014-11-24T06:30:20","guid":{"rendered":"http:\/\/wp.elmasove.com\/product\/box-15l-vi-rosat-11\/"},"modified":"2023-03-27T10:12:50","modified_gmt":"2023-03-27T08:12:50","slug":"box-15l-vi-rosat-11","status":"publish","type":"product","link":"https:\/\/tenda.elmasove.com\/es\/tienda\/begudes\/vins-i-caves\/vinos\/vins-a-granel\/vins-rosats\/box-15l-vi-rosat-11\/","title":{"rendered":"Vino Rosado 11\u00ba &quot;El Masove&quot; (15L)"},"content":{"rendered":"<p>Box de 15 L. de vino rosado con grifo incorporado para mayor comodidad. Vino rosado seco de mesa extra. Vino joven de color cereza con tonos rub\u00ed. En boca es ligero y fresco. De aroma afrutado y algo floral. Al tomarlo deja un final elegante y muy agradable. Se recomienda para platos ligeros, carnes blancas, arroces, pasta y quesos frescos. Caracter\u00edsticas de la zona vin\u00edcola del Pened\u00e8s. Graduaci\u00f3n alcoh\u00f3lica 11\u00ba.<\/p>","protected":false},"excerpt":{"rendered":"<p>Box de 15 L. de vino rosado con grifo incorporado para mayor comodidad. Vino rosado seco de mesa extra. Vino joven de color cereza con tonos rub\u00ed. En boca es ligero y fresco. De aroma afrutado y algo floral. carnes blancas, arroces, pasta y quesos frescos.Caracter\u00edstico de la zona vin\u00edcola del Pened\u00e9s.Graduaci\u00f3n alcoh\u00f3lica 11\u00ba. <\/p>","protected":false},"featured_media":76,"template":"","meta":[],"pwb-brand":[191],"product_brand":[],"product_cat":[33,85,17,130],"product_tag":[],"class_list":{"0":"post-77","1":"product","2":"type-product","3":"status-publish","4":"has-post-thumbnail","6":"pwb-brand-el-masove","7":"product_cat-vinos","8":"product_cat-vins-a-granel","9":"product_cat-begudes","10":"product_cat-vins-rosats","12":"first","13":"instock","14":"taxable","15":"shipping-taxable","16":"purchasable","17":"product-type-simple"},"brands":[{"id":191,"name":"El Masove","slug":"el-masove"}],"_links":{"self":[{"href":"https:\/\/tenda.elmasove.com\/es\/wp-json\/wp\/v2\/product\/77","targetHints":{"allow":["GET"]}}],"collection":[{"href":"https:\/\/tenda.elmasove.com\/es\/wp-json\/wp\/v2\/product"}],"about":[{"href":"https:\/\/tenda.elmasove.com\/es\/wp-json\/wp\/v2\/types\/product"}],"wp:featuredmedia":[{"embeddable":true,"href":"https:\/\/tenda.elmasove.com\/es\/wp-json\/wp\/v2\/media\/76"}],"wp:attachment":[{"href":"https:\/\/tenda.elmasove.com\/es\/wp-json\/wp\/v2\/media?parent=77"}],"wp:term":[{"taxonomy":"pwb-brand","embeddable":true,"href":"https:\/\/tenda.elmasove.com\/es\/wp-json\/wp\/v2\/pwb-brand?post=77"},{"taxonomy":"product_brand","embeddable":true,"href":"https:\/\/tenda.elmasove.com\/es\/wp-json\/wp\/v2\/product_brand?post=77"},{"taxonomy":"product_cat","embeddable":true,"href":"https:\/\/tenda.elmasove.com\/es\/wp-json\/wp\/v2\/product_cat?post=77"},{"taxonomy":"product_tag","embeddable":true,"href":"https:\/\/tenda.elmasove.com\/es\/wp-json\/wp\/v2\/product_tag?post=77"}],"curies":[{"name":"wp","href":"https:\/\/api.w.org\/{rel}","templated":true}]}}