{"id":769,"date":"2014-11-24T07:30:33","date_gmt":"2014-11-24T06:30:33","guid":{"rendered":"http:\/\/wp.elmasove.com\/product\/ampolla-2l-lleixiu-detergent\/"},"modified":"2023-04-14T11:38:19","modified_gmt":"2023-04-14T09:38:19","slug":"lleixiu-i-detergent-bany-visasol-2l","status":"publish","type":"product","link":"https:\/\/tenda.elmasove.com\/es\/tienda\/neteja\/lleixius\/lleixiu-i-detergent-bany-visasol-2l\/","title":{"rendered":"Lej\u00eda y detergente ba\u00f1o Visasol (2L)"},"content":{"rendered":"<p>Limpiador Visasol muy efectivo en la eliminaci\u00f3n de manchas, suciedad general y olores persistentes. Es apta para cualquier zona que desee higienizar como ba\u00f1os, suelos, paredes, etc.<\/p>\n<p><em>Lej\u00eda y detergente por ba\u00f1o Visasol (2 litros)<\/em><\/p>","protected":false},"excerpt":{"rendered":"<p>Limpiador muy efectivo en la eliminaci\u00f3n de manchas, suciedad general y olores persistentes. Es apta para cualquier zona que desee higienizar como ba\u00f1os, suelos, paredes, etc.<\/p>\n<p><em>Lej\u00eda y detergente por ba\u00f1o Visasol (2 litros)<\/em><\/p>","protected":false},"featured_media":2432,"template":"","meta":[],"pwb-brand":[400],"product_brand":[],"product_cat":[22,67],"product_tag":[],"class_list":{"0":"post-769","1":"product","2":"type-product","3":"status-publish","4":"has-post-thumbnail","6":"pwb-brand-visasol","7":"product_cat-neteja","8":"product_cat-lleixius","10":"first","11":"instock","12":"taxable","13":"shipping-taxable","14":"purchasable","15":"product-type-simple"},"brands":[{"id":400,"name":"Visasol","slug":"visasol"}],"_links":{"self":[{"href":"https:\/\/tenda.elmasove.com\/es\/wp-json\/wp\/v2\/product\/769","targetHints":{"allow":["GET"]}}],"collection":[{"href":"https:\/\/tenda.elmasove.com\/es\/wp-json\/wp\/v2\/product"}],"about":[{"href":"https:\/\/tenda.elmasove.com\/es\/wp-json\/wp\/v2\/types\/product"}],"wp:featuredmedia":[{"embeddable":true,"href":"https:\/\/tenda.elmasove.com\/es\/wp-json\/wp\/v2\/media\/2432"}],"wp:attachment":[{"href":"https:\/\/tenda.elmasove.com\/es\/wp-json\/wp\/v2\/media?parent=769"}],"wp:term":[{"taxonomy":"pwb-brand","embeddable":true,"href":"https:\/\/tenda.elmasove.com\/es\/wp-json\/wp\/v2\/pwb-brand?post=769"},{"taxonomy":"product_brand","embeddable":true,"href":"https:\/\/tenda.elmasove.com\/es\/wp-json\/wp\/v2\/product_brand?post=769"},{"taxonomy":"product_cat","embeddable":true,"href":"https:\/\/tenda.elmasove.com\/es\/wp-json\/wp\/v2\/product_cat?post=769"},{"taxonomy":"product_tag","embeddable":true,"href":"https:\/\/tenda.elmasove.com\/es\/wp-json\/wp\/v2\/product_tag?post=769"}],"curies":[{"name":"wp","href":"https:\/\/api.w.org\/{rel}","templated":true}]}}