{"id":748,"date":"2014-11-24T07:30:33","date_gmt":"2014-11-24T06:30:33","guid":{"rendered":"http:\/\/wp.elmasove.com\/product\/caixa-6-briks-puleva-omega-3\/"},"modified":"2023-04-12T12:03:59","modified_gmt":"2023-04-12T10:03:59","slug":"caixa-6-briks-puleva-omega-3","status":"publish","type":"product","link":"https:\/\/tenda.elmasove.com\/es\/tienda\/begudes\/lactics\/llets-especials\/caixa-6-briks-puleva-omega-3\/","title":{"rendered":"Leche Omega-3 \u201cPuleva\u201d (6x1L)"},"content":{"rendered":"<p>Leche Puleva Omega-3 brik 1 litro caja 6 unidades. Producto l\u00e1ctico elaborado a partir de leche desnatada a la que se le han incorporado \u00e1cido oleico procedente del aceite de oliva, \u00e1cidos Omega-3 (EPA y DHA) y vitamina E. Ideal para prevenir enfermedades cardiovasculares y para controlar el colesterol y los triglic\u00e9ridos.<\/p>","protected":false},"excerpt":{"rendered":"<p>Leche Puleva Omega-3 brik 1 litro caja 6 unidades. Producto l\u00e1ctico elaborado a partir de leche desnatada a la que se le han incorporado \u00e1cido oleico procedente del aceite de oliva, \u00e1cidos Omega-3 (EPA y DHA) y vitamina E. Ideal para prevenir enfermedades cardiovasculares y para controlar el colesterol y los triglic\u00e9ridos.<\/p>","protected":false},"featured_media":747,"template":"","meta":[],"pwb-brand":[256],"product_brand":[],"product_cat":[99,47],"product_tag":[],"class_list":{"0":"post-748","1":"product","2":"type-product","3":"status-publish","4":"has-post-thumbnail","6":"pwb-brand-puleva","7":"product_cat-llets-especials","8":"product_cat-lactics","10":"first","11":"outofstock","12":"taxable","13":"shipping-taxable","14":"purchasable","15":"product-type-simple"},"brands":[{"id":256,"name":"Puleva","slug":"puleva"}],"_links":{"self":[{"href":"https:\/\/tenda.elmasove.com\/es\/wp-json\/wp\/v2\/product\/748","targetHints":{"allow":["GET"]}}],"collection":[{"href":"https:\/\/tenda.elmasove.com\/es\/wp-json\/wp\/v2\/product"}],"about":[{"href":"https:\/\/tenda.elmasove.com\/es\/wp-json\/wp\/v2\/types\/product"}],"wp:featuredmedia":[{"embeddable":true,"href":"https:\/\/tenda.elmasove.com\/es\/wp-json\/wp\/v2\/media\/747"}],"wp:attachment":[{"href":"https:\/\/tenda.elmasove.com\/es\/wp-json\/wp\/v2\/media?parent=748"}],"wp:term":[{"taxonomy":"pwb-brand","embeddable":true,"href":"https:\/\/tenda.elmasove.com\/es\/wp-json\/wp\/v2\/pwb-brand?post=748"},{"taxonomy":"product_brand","embeddable":true,"href":"https:\/\/tenda.elmasove.com\/es\/wp-json\/wp\/v2\/product_brand?post=748"},{"taxonomy":"product_cat","embeddable":true,"href":"https:\/\/tenda.elmasove.com\/es\/wp-json\/wp\/v2\/product_cat?post=748"},{"taxonomy":"product_tag","embeddable":true,"href":"https:\/\/tenda.elmasove.com\/es\/wp-json\/wp\/v2\/product_tag?post=748"}],"curies":[{"name":"wp","href":"https:\/\/api.w.org\/{rel}","templated":true}]}}