{"id":742,"date":"2014-11-24T07:30:33","date_gmt":"2014-11-24T06:30:33","guid":{"rendered":"http:\/\/wp.elmasove.com\/?post_type=product&#038;p=742"},"modified":"2023-04-04T12:48:21","modified_gmt":"2023-04-04T10:48:21","slug":"llet-soja-gerble","status":"publish","type":"product","link":"https:\/\/tenda.elmasove.com\/es\/tienda\/begudes\/lactics\/llets-especials\/llet-soja-gerble\/","title":{"rendered":"Leche Soja &quot;Gerbl\u00e9&quot; (6x1L)"},"content":{"rendered":"<p>Bebida de Soja Gerble brik 1 litro caja 6 unidades. Bebida de soja ecol\u00f3gica, no modificada gen\u00e9ticamente, con gran sabor, para tomar como sustituta de la leche o como refresco. Ideal para controlar colesterol y enfermedades cardiovasculares.<\/p>","protected":false},"excerpt":{"rendered":"<p>Bebida de Soja Gerble brik 1 litro caja 6 unidades. Bebida de soja ecol\u00f3gica, no modificada gen\u00e9ticamente, con gran sabor, para tomar como sustituta de la leche o como refresco. Ideal para controlar colesterol y enfermedades cardiovasculares.<\/p>","protected":false},"featured_media":741,"template":"","meta":[],"pwb-brand":[257],"product_brand":[],"product_cat":[99,47],"product_tag":[],"class_list":{"0":"post-742","1":"product","2":"type-product","3":"status-publish","4":"has-post-thumbnail","6":"pwb-brand-gerble","7":"product_cat-llets-especials","8":"product_cat-lactics","10":"first","11":"instock","12":"taxable","13":"shipping-taxable","14":"purchasable","15":"product-type-simple"},"brands":[{"id":257,"name":"Gerbl\u00e9","slug":"gerble"}],"_links":{"self":[{"href":"https:\/\/tenda.elmasove.com\/es\/wp-json\/wp\/v2\/product\/742","targetHints":{"allow":["GET"]}}],"collection":[{"href":"https:\/\/tenda.elmasove.com\/es\/wp-json\/wp\/v2\/product"}],"about":[{"href":"https:\/\/tenda.elmasove.com\/es\/wp-json\/wp\/v2\/types\/product"}],"wp:featuredmedia":[{"embeddable":true,"href":"https:\/\/tenda.elmasove.com\/es\/wp-json\/wp\/v2\/media\/741"}],"wp:attachment":[{"href":"https:\/\/tenda.elmasove.com\/es\/wp-json\/wp\/v2\/media?parent=742"}],"wp:term":[{"taxonomy":"pwb-brand","embeddable":true,"href":"https:\/\/tenda.elmasove.com\/es\/wp-json\/wp\/v2\/pwb-brand?post=742"},{"taxonomy":"product_brand","embeddable":true,"href":"https:\/\/tenda.elmasove.com\/es\/wp-json\/wp\/v2\/product_brand?post=742"},{"taxonomy":"product_cat","embeddable":true,"href":"https:\/\/tenda.elmasove.com\/es\/wp-json\/wp\/v2\/product_cat?post=742"},{"taxonomy":"product_tag","embeddable":true,"href":"https:\/\/tenda.elmasove.com\/es\/wp-json\/wp\/v2\/product_tag?post=742"}],"curies":[{"name":"wp","href":"https:\/\/api.w.org\/{rel}","templated":true}]}}