{"id":734,"date":"2014-11-24T07:30:33","date_gmt":"2014-11-24T06:30:33","guid":{"rendered":"http:\/\/wp.elmasove.com\/product\/caixa-6-briks-llet-pascual-desnatada\/"},"modified":"2020-02-03T11:05:09","modified_gmt":"2020-02-03T10:05:09","slug":"caixa-6-briks-llet-pascual-desnatada","status":"publish","type":"product","link":"https:\/\/tenda.elmasove.com\/es\/tienda\/begudes\/lactics\/llets\/caixa-6-briks-llet-pascual-desnatada\/","title":{"rendered":"LECHE DESnatADA \u201cPascual\u201d (6x1L)"},"content":{"rendered":"<p>Leche Pascual Desnatada brik 1 litro caja 6 unidades. Por su sabor y origen, es considerada la mejor leche desnatada del mercado. Envasada antes de las 24 horas de su orde\u00f1o, conservada en fr\u00edo hasta su envasado y uperizaci\u00f3n, mantiene todo su valor nutritivo menos la grasa, para ayudar a conservar la l\u00ednea.<\/p>","protected":false},"excerpt":{"rendered":"<p>Leche Pascual Desnatada brik 1 litro caja 6 unidades. Por su sabor y origen, es considerada la mejor leche desnatada del mercado. Envasada antes de las 24 horas de su orde\u00f1o, conservada en fr\u00edo hasta su envasado y uperizaci\u00f3n, mantiene todo su valor nutritivo menos la grasa, para ayudar a conservar la l\u00ednea.<\/p>","protected":false},"featured_media":733,"template":"","meta":[],"pwb-brand":[254],"product_brand":[],"product_cat":[84,47],"product_tag":[],"class_list":{"0":"post-734","1":"product","2":"type-product","3":"status-publish","4":"has-post-thumbnail","6":"pwb-brand-pascual","7":"product_cat-llets","8":"product_cat-lactics","10":"first","11":"instock","12":"taxable","13":"shipping-taxable","14":"purchasable","15":"product-type-simple"},"brands":[{"id":254,"name":"Pascual","slug":"pascual"}],"_links":{"self":[{"href":"https:\/\/tenda.elmasove.com\/es\/wp-json\/wp\/v2\/product\/734","targetHints":{"allow":["GET"]}}],"collection":[{"href":"https:\/\/tenda.elmasove.com\/es\/wp-json\/wp\/v2\/product"}],"about":[{"href":"https:\/\/tenda.elmasove.com\/es\/wp-json\/wp\/v2\/types\/product"}],"wp:featuredmedia":[{"embeddable":true,"href":"https:\/\/tenda.elmasove.com\/es\/wp-json\/wp\/v2\/media\/733"}],"wp:attachment":[{"href":"https:\/\/tenda.elmasove.com\/es\/wp-json\/wp\/v2\/media?parent=734"}],"wp:term":[{"taxonomy":"pwb-brand","embeddable":true,"href":"https:\/\/tenda.elmasove.com\/es\/wp-json\/wp\/v2\/pwb-brand?post=734"},{"taxonomy":"product_brand","embeddable":true,"href":"https:\/\/tenda.elmasove.com\/es\/wp-json\/wp\/v2\/product_brand?post=734"},{"taxonomy":"product_cat","embeddable":true,"href":"https:\/\/tenda.elmasove.com\/es\/wp-json\/wp\/v2\/product_cat?post=734"},{"taxonomy":"product_tag","embeddable":true,"href":"https:\/\/tenda.elmasove.com\/es\/wp-json\/wp\/v2\/product_tag?post=734"}],"curies":[{"name":"wp","href":"https:\/\/api.w.org\/{rel}","templated":true}]}}