{"id":732,"date":"2014-11-24T07:30:32","date_gmt":"2014-11-24T06:30:32","guid":{"rendered":"http:\/\/wp.elmasove.com\/product\/caixa-6-briks-llet-nostra-desnatada\/"},"modified":"2020-02-03T10:52:03","modified_gmt":"2020-02-03T09:52:03","slug":"caixa-6-briks-llet-nostra-desnatada","status":"publish","type":"product","link":"https:\/\/tenda.elmasove.com\/es\/tienda\/begudes\/lactics\/llets\/caixa-6-briks-llet-nostra-desnatada\/","title":{"rendered":"Leche Desnatada &quot;Leche Nuestra&quot; (6x1L)"},"content":{"rendered":"<p>Leche Nuestra Desnatada brik 1 litro caja 6 unidades. Leche desnatada con el sabor caracter\u00edstico de la leche propia de los pastos catalanes. Producida y envasada en Catalu\u00f1a. Leche recogida a diario y procesada en menos de 7 horas en la planta de Vic con la \u00faltima tecnolog\u00eda. Un \u00fanico tratamiento t\u00e9rmico, que no altera sabor, color ni los valores nutricionales.<\/p>","protected":false},"excerpt":{"rendered":"<p>Leche Nuestra Desnatada brik 1 litro caja 6 unidades. Leche desnatada con el sabor caracter\u00edstico de la leche propia de los pastos catalanes. Producida y envasada en Catalu\u00f1a. Leche recogida a diario y procesada en menos de 7 horas en la planta de Vic con la \u00faltima tecnolog\u00eda. Un \u00fanico tratamiento t\u00e9rmico, que no altera sabor, color ni los valores nutricionales.<\/p>","protected":false},"featured_media":731,"template":"","meta":[],"pwb-brand":[252],"product_brand":[],"product_cat":[84,47],"product_tag":[],"class_list":{"0":"post-732","1":"product","2":"type-product","3":"status-publish","4":"has-post-thumbnail","6":"pwb-brand-llet-nostra","7":"product_cat-llets","8":"product_cat-lactics","10":"first","11":"instock","12":"taxable","13":"shipping-taxable","14":"purchasable","15":"product-type-simple"},"brands":[{"id":252,"name":"Leche Nuestra","slug":"llet-nostra"}],"_links":{"self":[{"href":"https:\/\/tenda.elmasove.com\/es\/wp-json\/wp\/v2\/product\/732","targetHints":{"allow":["GET"]}}],"collection":[{"href":"https:\/\/tenda.elmasove.com\/es\/wp-json\/wp\/v2\/product"}],"about":[{"href":"https:\/\/tenda.elmasove.com\/es\/wp-json\/wp\/v2\/types\/product"}],"wp:featuredmedia":[{"embeddable":true,"href":"https:\/\/tenda.elmasove.com\/es\/wp-json\/wp\/v2\/media\/731"}],"wp:attachment":[{"href":"https:\/\/tenda.elmasove.com\/es\/wp-json\/wp\/v2\/media?parent=732"}],"wp:term":[{"taxonomy":"pwb-brand","embeddable":true,"href":"https:\/\/tenda.elmasove.com\/es\/wp-json\/wp\/v2\/pwb-brand?post=732"},{"taxonomy":"product_brand","embeddable":true,"href":"https:\/\/tenda.elmasove.com\/es\/wp-json\/wp\/v2\/product_brand?post=732"},{"taxonomy":"product_cat","embeddable":true,"href":"https:\/\/tenda.elmasove.com\/es\/wp-json\/wp\/v2\/product_cat?post=732"},{"taxonomy":"product_tag","embeddable":true,"href":"https:\/\/tenda.elmasove.com\/es\/wp-json\/wp\/v2\/product_tag?post=732"}],"curies":[{"name":"wp","href":"https:\/\/api.w.org\/{rel}","templated":true}]}}