{"id":724,"date":"2014-11-24T07:30:32","date_gmt":"2014-11-24T06:30:32","guid":{"rendered":"http:\/\/wp.elmasove.com\/product\/caixa-6-briks-llet-nostra-sencera\/"},"modified":"2023-04-11T09:02:50","modified_gmt":"2023-04-11T07:02:50","slug":"llet-nostra-sencera","status":"publish","type":"product","link":"https:\/\/tenda.elmasove.com\/es\/tienda\/begudes\/lactics\/llets\/llet-nostra-sencera\/","title":{"rendered":"Leche Entera \u201cLeche Nuestra\u201d (6x1L)"},"content":{"rendered":"<p>Leche Nuestra Entera brik 1 litro caja 6 unidades. Leche entera con el sabor caracter\u00edstico de la leche propia de los pastos catalanes. Producida y envasada en Catalu\u00f1a. Leche recogida a diario y procesada en menos de 7 horas en la planta de Vic con la \u00faltima tecnolog\u00eda. Un \u00fanico tratamiento t\u00e9rmico, que no altera sabor, color ni valores nutricionales.<\/p>","protected":false},"excerpt":{"rendered":"<p>Leche Nuestra Entera brik 1 litro caja 6 unidades. Leche entera con el sabor caracter\u00edstico de la leche propia de los pastos catalanes. Producida y envasada en Catalu\u00f1a. Leche recogida a diario y procesada en menos de 7 horas en la planta de Vic con la \u00faltima tecnolog\u00eda. Un \u00fanico tratamiento t\u00e9rmico, que no altera sabor, color ni valores nutricionales.<\/p>","protected":false},"featured_media":723,"template":"","meta":[],"pwb-brand":[252],"product_brand":[],"product_cat":[84,47],"product_tag":[],"class_list":{"0":"post-724","1":"product","2":"type-product","3":"status-publish","4":"has-post-thumbnail","6":"pwb-brand-llet-nostra","7":"product_cat-llets","8":"product_cat-lactics","10":"first","11":"instock","12":"taxable","13":"shipping-taxable","14":"purchasable","15":"product-type-simple"},"brands":[{"id":252,"name":"Leche Nuestra","slug":"llet-nostra"}],"_links":{"self":[{"href":"https:\/\/tenda.elmasove.com\/es\/wp-json\/wp\/v2\/product\/724","targetHints":{"allow":["GET"]}}],"collection":[{"href":"https:\/\/tenda.elmasove.com\/es\/wp-json\/wp\/v2\/product"}],"about":[{"href":"https:\/\/tenda.elmasove.com\/es\/wp-json\/wp\/v2\/types\/product"}],"wp:featuredmedia":[{"embeddable":true,"href":"https:\/\/tenda.elmasove.com\/es\/wp-json\/wp\/v2\/media\/723"}],"wp:attachment":[{"href":"https:\/\/tenda.elmasove.com\/es\/wp-json\/wp\/v2\/media?parent=724"}],"wp:term":[{"taxonomy":"pwb-brand","embeddable":true,"href":"https:\/\/tenda.elmasove.com\/es\/wp-json\/wp\/v2\/pwb-brand?post=724"},{"taxonomy":"product_brand","embeddable":true,"href":"https:\/\/tenda.elmasove.com\/es\/wp-json\/wp\/v2\/product_brand?post=724"},{"taxonomy":"product_cat","embeddable":true,"href":"https:\/\/tenda.elmasove.com\/es\/wp-json\/wp\/v2\/product_cat?post=724"},{"taxonomy":"product_tag","embeddable":true,"href":"https:\/\/tenda.elmasove.com\/es\/wp-json\/wp\/v2\/product_tag?post=724"}],"curies":[{"name":"wp","href":"https:\/\/api.w.org\/{rel}","templated":true}]}}