{"id":716,"date":"2014-11-24T07:30:32","date_gmt":"2014-11-24T06:30:32","guid":{"rendered":"http:\/\/wp.elmasove.com\/product\/pot-1kg-mel-romani-de-sant-guim\/"},"modified":"2026-03-06T16:52:25","modified_gmt":"2026-03-06T15:52:25","slug":"mel-romani-sant-guim-1kg","status":"publish","type":"product","link":"https:\/\/tenda.elmasove.com\/es\/tienda\/alimentacio\/altres-complements-1\/mel-romani-sant-guim-1kg\/","title":{"rendered":"Miel Romero \u201cSant Guim\u201d (1kg)"},"content":{"rendered":"<p>Miel de Romani de Sant Guim puede 1 kilo. Miel de color claro con sabor arom\u00e1tico. Favorece la digesti\u00f3n. Recomendada en casos de infarto, sirrosis, tos, asma y personas que sufren del h\u00edgado.<\/p>","protected":false},"excerpt":{"rendered":"<p>Miel de Romani de Sant Guim puede 1 kilo. Miel de color claro con sabor arom\u00e1tico. Favorece la digesti\u00f3n. Recomendada en casos de infarto, sirrosis, tos, asma y personas que sufren del h\u00edgado.<\/p>","protected":false},"featured_media":715,"template":"","meta":[],"pwb-brand":[250],"product_brand":[],"product_cat":[19,81],"product_tag":[187],"class_list":{"0":"post-716","1":"product","2":"type-product","3":"status-publish","4":"has-post-thumbnail","6":"pwb-brand-mel-de-sant-guim","7":"product_cat-alimentacio","8":"product_cat-altres-complements-1","9":"product_tag-sant-guim","11":"first","12":"instock","13":"taxable","14":"shipping-taxable","15":"purchasable","16":"product-type-simple"},"brands":[{"id":250,"name":"Miel de San Guim","slug":"mel-de-sant-guim"}],"_links":{"self":[{"href":"https:\/\/tenda.elmasove.com\/es\/wp-json\/wp\/v2\/product\/716","targetHints":{"allow":["GET"]}}],"collection":[{"href":"https:\/\/tenda.elmasove.com\/es\/wp-json\/wp\/v2\/product"}],"about":[{"href":"https:\/\/tenda.elmasove.com\/es\/wp-json\/wp\/v2\/types\/product"}],"wp:featuredmedia":[{"embeddable":true,"href":"https:\/\/tenda.elmasove.com\/es\/wp-json\/wp\/v2\/media\/715"}],"wp:attachment":[{"href":"https:\/\/tenda.elmasove.com\/es\/wp-json\/wp\/v2\/media?parent=716"}],"wp:term":[{"taxonomy":"pwb-brand","embeddable":true,"href":"https:\/\/tenda.elmasove.com\/es\/wp-json\/wp\/v2\/pwb-brand?post=716"},{"taxonomy":"product_brand","embeddable":true,"href":"https:\/\/tenda.elmasove.com\/es\/wp-json\/wp\/v2\/product_brand?post=716"},{"taxonomy":"product_cat","embeddable":true,"href":"https:\/\/tenda.elmasove.com\/es\/wp-json\/wp\/v2\/product_cat?post=716"},{"taxonomy":"product_tag","embeddable":true,"href":"https:\/\/tenda.elmasove.com\/es\/wp-json\/wp\/v2\/product_tag?post=716"}],"curies":[{"name":"wp","href":"https:\/\/api.w.org\/{rel}","templated":true}]}}