{"id":710,"date":"2014-11-24T07:30:32","date_gmt":"2014-11-24T06:30:32","guid":{"rendered":"http:\/\/wp.elmasove.com\/product\/paquet-1kg-arr-s-qualitat-extra\/"},"modified":"2026-03-06T16:33:54","modified_gmt":"2026-03-06T15:33:54","slug":"arros-extra-bayo-1kg","status":"publish","type":"product","link":"https:\/\/tenda.elmasove.com\/es\/tienda\/alimentacio\/pasta\/arros-extra-bayo-1kg\/","title":{"rendered":"Arroz Extra Bayo (1kg)"},"content":{"rendered":"<p>El arroz Extra Bayo se distingue por su gran calidad y sabor. Con el arroz cultivado en el Delta del Ebro y una cuidada selecci\u00f3n de arroces del mundo podr\u00e1s elaborar desde las recetas tradicionales m\u00e1s sencillas a las m\u00e1s innovadoras, para servir en las mesas de los mejores restaurantes y crear comidas con las que sorprender a los comensales m\u00e1s exigentes.<\/p>\n<p>El arroz contiene las variedades tipo Bahia, cultivadas en el Delta del Ebro y reconocidas por su calidad y sabor \u00fanico. Es un arroz con Denominaci\u00f3n de Origen y posee la Q de Calidad Alimentaria. Su caracter\u00edstica m\u00e1s destacada es su gran capacidad de absorci\u00f3n del sabor del caldo y\/o ingredientes. Su cocci\u00f3n es homog\u00e9nea y facilita la elaboraci\u00f3n de platos tan sabrosos como la sart\u00e9n.<\/p>\n<p>Desde el Parque Natural de Delta del Ebro, con una s\u00f3lida tradici\u00f3n que se remonta a 1860 y un cultivo basado en m\u00e9todos tradicionales, Arrossos Bayo te ofrece productos reconocidos por su gran calidad y sabor aut\u00e9ntico.<\/p>\n<p>Producto \u00fanico que ha sido cultivado con m\u00e9todos tradicionales y respetuosos con el medio ambiente que garantizan la calidad desde el campo hasta la mesa.<\/p>\n<h3>Tiempo de cocci\u00f3n del Arroz Extra Bayo<\/h3>\n<p>El tiempo de cocci\u00f3n es de 16 minutos para arroces caldosos y 18 minutos para arroces secos.<\/p>\n<p><em>1kg de Arroz Extra Bayo Extra DO Delta del Ebro <\/em><\/p>","protected":false},"excerpt":{"rendered":"<p>El arroz Bayo se distingue por su gran calidad y sabor. Es un arroz cultivado en el Delta del Ebro, con Denominaci\u00f3n de Origen y que posee la Q de Calidad Alimentaria.<\/p>\n<p><em>1kg de Arroz Extra Bayo DO Delta del Ebro<\/em><\/p>","protected":false},"featured_media":709,"template":"","meta":[],"pwb-brand":[248],"product_brand":[],"product_cat":[19,61],"product_tag":[188],"class_list":{"0":"post-710","1":"product","2":"type-product","3":"status-publish","4":"has-post-thumbnail","6":"pwb-brand-bayo","7":"product_cat-alimentacio","8":"product_cat-pasta","9":"product_tag-bayo","11":"first","12":"instock","13":"taxable","14":"shipping-taxable","15":"purchasable","16":"product-type-simple"},"brands":[{"id":248,"name":"Bayo","slug":"bayo"}],"_links":{"self":[{"href":"https:\/\/tenda.elmasove.com\/es\/wp-json\/wp\/v2\/product\/710","targetHints":{"allow":["GET"]}}],"collection":[{"href":"https:\/\/tenda.elmasove.com\/es\/wp-json\/wp\/v2\/product"}],"about":[{"href":"https:\/\/tenda.elmasove.com\/es\/wp-json\/wp\/v2\/types\/product"}],"wp:featuredmedia":[{"embeddable":true,"href":"https:\/\/tenda.elmasove.com\/es\/wp-json\/wp\/v2\/media\/709"}],"wp:attachment":[{"href":"https:\/\/tenda.elmasove.com\/es\/wp-json\/wp\/v2\/media?parent=710"}],"wp:term":[{"taxonomy":"pwb-brand","embeddable":true,"href":"https:\/\/tenda.elmasove.com\/es\/wp-json\/wp\/v2\/pwb-brand?post=710"},{"taxonomy":"product_brand","embeddable":true,"href":"https:\/\/tenda.elmasove.com\/es\/wp-json\/wp\/v2\/product_brand?post=710"},{"taxonomy":"product_cat","embeddable":true,"href":"https:\/\/tenda.elmasove.com\/es\/wp-json\/wp\/v2\/product_cat?post=710"},{"taxonomy":"product_tag","embeddable":true,"href":"https:\/\/tenda.elmasove.com\/es\/wp-json\/wp\/v2\/product_tag?post=710"}],"curies":[{"name":"wp","href":"https:\/\/api.w.org\/{rel}","templated":true}]}}