{"id":704,"date":"2014-11-24T07:30:32","date_gmt":"2014-11-24T06:30:32","guid":{"rendered":"http:\/\/wp.elmasove.com\/product\/bossa-0-4kg-bacalla-esqueixat-al-buit\/"},"modified":"2026-03-06T17:39:03","modified_gmt":"2026-03-06T16:39:03","slug":"bacalla-esqueixat-el-masove-400gr","status":"publish","type":"product","link":"https:\/\/tenda.elmasove.com\/es\/tienda\/alimentacio\/bacalla-salat\/bacalla-esqueixat-el-masove-400gr\/","title":{"rendered":"Bacalao Desgajado El Masove (500gr)"},"content":{"rendered":"<p>Bacalao desmigado island\u00e9s crudo, desalado, desmenuzado con los dedos de excelente textura e inigualable sabor.<\/p>\n<p>El bacalao island\u00e9s es el mejor del mundo gracias a las aguas que rodean el pa\u00eds, donde se encuentran los caladeros m\u00e1s ricos del Atl\u00e1ntico debido a las corrientes marinas c\u00e1lidas y fr\u00edas que crean unas condiciones inigualables en el mundo para el plancton, y por tanto para la cadena alimentaria.<\/p>\n<p>Tiene un alto contenido en Omega 3. Se recomienda su consumo dentro de una alimentaci\u00f3n adecuada, completa y variada, con actividad f\u00edsica adaptada a cada individuo.<\/p>\n<p>Con el pescado por excelencia de nuestro vecino pa\u00eds se pueden realizar numerosas recetas, todas ellas deliciosas, pero si adem\u00e1s te decimos todas las propiedades nutricionales que tiene el bacalao y sus beneficios para la salud, no podr\u00e1s evitar decantarte por uno de sus platos. Y es que, adem\u00e1s de contar con un aporte cal\u00f3rico bajo, es una fuente de vitaminas, minerales y prote\u00ednas.<\/p>\n<p><em>400g de Bacalao Desgajado island\u00e9s El Masove envasado al vac\u00edo<\/em><\/p>\n<h3>Beneficios del Bacalao Desgajado<\/h3>\n<p><strong>1. Es un pez bajo en grasa<\/strong><\/p>\n<p>El bacalao es ligero, contiene muy poca grasa y adem\u00e1s tambi\u00e9n es bajo en calor\u00edas, por lo que se convierte en un alimento ideal para mantener una dieta sana.<\/p>\n<p><strong>2. Aporte de Omega-3 para reducir el colesterol<\/strong><\/p>\n<p>La poca cantidad de grasa que tiene el bacalao est\u00e1 formada, en su mayor parte, de \u00e1cidos grasos Omega-3, indispensables para ayudar a nuestro organismo a reducir los niveles de colesterol en sangre. Adem\u00e1s, el Omega-3 tambi\u00e9n contiene propiedades antiinflamatorias y es importante para proteger nuestro coraz\u00f3n y nuestro sistema cardiovascular.<\/p>\n<p><strong>3. Nutrientes y vitaminas<\/strong><\/p>\n<p>Los nutrientes de este pez blanco intervienen en funciones como la concentraci\u00f3n, la mejora y el rendimiento intelectual. Es rico en Zinc, en F\u00f3sforo, en prote\u00ednas, en Selenio y Vitamina D.<\/p>\n<p>&nbsp;<\/p>","protected":false},"excerpt":{"rendered":"<p>Bacalao desmigado island\u00e9s crudo, desalado, desmenuzado con los dedos de excelente textura e inigualable sabor.<\/p>\n<p><em>400g de Bacalao Desgajado island\u00e9s El Masove envasado al vac\u00edo<\/em><\/p>","protected":false},"featured_media":703,"template":"","meta":[],"pwb-brand":[191],"product_brand":[],"product_cat":[19,80],"product_tag":[],"class_list":{"0":"post-704","1":"product","2":"type-product","3":"status-publish","4":"has-post-thumbnail","6":"pwb-brand-el-masove","7":"product_cat-alimentacio","8":"product_cat-bacalla-salat","10":"first","11":"instock","12":"taxable","13":"shipping-taxable","14":"purchasable","15":"product-type-simple"},"brands":[{"id":191,"name":"El Masove","slug":"el-masove"}],"_links":{"self":[{"href":"https:\/\/tenda.elmasove.com\/es\/wp-json\/wp\/v2\/product\/704","targetHints":{"allow":["GET"]}}],"collection":[{"href":"https:\/\/tenda.elmasove.com\/es\/wp-json\/wp\/v2\/product"}],"about":[{"href":"https:\/\/tenda.elmasove.com\/es\/wp-json\/wp\/v2\/types\/product"}],"wp:featuredmedia":[{"embeddable":true,"href":"https:\/\/tenda.elmasove.com\/es\/wp-json\/wp\/v2\/media\/703"}],"wp:attachment":[{"href":"https:\/\/tenda.elmasove.com\/es\/wp-json\/wp\/v2\/media?parent=704"}],"wp:term":[{"taxonomy":"pwb-brand","embeddable":true,"href":"https:\/\/tenda.elmasove.com\/es\/wp-json\/wp\/v2\/pwb-brand?post=704"},{"taxonomy":"product_brand","embeddable":true,"href":"https:\/\/tenda.elmasove.com\/es\/wp-json\/wp\/v2\/product_brand?post=704"},{"taxonomy":"product_cat","embeddable":true,"href":"https:\/\/tenda.elmasove.com\/es\/wp-json\/wp\/v2\/product_cat?post=704"},{"taxonomy":"product_tag","embeddable":true,"href":"https:\/\/tenda.elmasove.com\/es\/wp-json\/wp\/v2\/product_tag?post=704"}],"curies":[{"name":"wp","href":"https:\/\/api.w.org\/{rel}","templated":true}]}}