{"id":690,"date":"2014-11-24T07:30:32","date_gmt":"2014-11-24T06:30:32","guid":{"rendered":"http:\/\/wp.elmasove.com\/product\/brik-1l-caldo-natural-aneto-pernil\/"},"modified":"2026-03-03T11:25:08","modified_gmt":"2026-03-03T10:25:08","slug":"brik-1l-caldo-natural-aneto-pernil","status":"publish","type":"product","link":"https:\/\/tenda.elmasove.com\/es\/tienda\/alimentacio\/brous\/brik-1l-caldo-natural-aneto-pernil\/","title":{"rendered":"Caldo Natural Jam\u00f3n \u201cAneto\u201d (1L)"},"content":{"rendered":"<p>Caldo Aneto Natural Jam\u00f3n brik de 1 litro. Caldo elaborado con ingredientes 100% naturales, entre ellos jam\u00f3n serrano de producci\u00f3n propia. Apto para celiacos. Ideal para toda la familia, peque\u00f1os y mayores. Perfecto para cocinar sopas con pasta o arroz, risotos, como base de salsas; para preparar guisos, estofados, carnes y arroces. Con huevo, \u201cpicatostes\u201d o jerez.<\/p>","protected":false},"excerpt":{"rendered":"<p>Caldo Aneto Natural Jam\u00f3n brik de 1 litro. Caldo elaborado con ingredientes 100% naturales, entre ellos jam\u00f3n serrano de producci\u00f3n propia. Apto para celiacos. Ideal para toda la familia, peque\u00f1os y mayores. Perfecto para cocinar sopas con pasta o arroz, risotos, como base de salsas; para preparar guisos, estofados, carnes y arroces. Con huevo, \u201cpicatostes\u201d o jerez.<\/p>","protected":false},"featured_media":689,"template":"","meta":[],"pwb-brand":[247],"product_brand":[],"product_cat":[19,79],"product_tag":[],"class_list":{"0":"post-690","1":"product","2":"type-product","3":"status-publish","4":"has-post-thumbnail","6":"pwb-brand-aneto","7":"product_cat-alimentacio","8":"product_cat-brous","10":"first","11":"instock","12":"taxable","13":"shipping-taxable","14":"purchasable","15":"product-type-simple"},"brands":[{"id":247,"name":"Aneto","slug":"aneto"}],"_links":{"self":[{"href":"https:\/\/tenda.elmasove.com\/es\/wp-json\/wp\/v2\/product\/690","targetHints":{"allow":["GET"]}}],"collection":[{"href":"https:\/\/tenda.elmasove.com\/es\/wp-json\/wp\/v2\/product"}],"about":[{"href":"https:\/\/tenda.elmasove.com\/es\/wp-json\/wp\/v2\/types\/product"}],"wp:featuredmedia":[{"embeddable":true,"href":"https:\/\/tenda.elmasove.com\/es\/wp-json\/wp\/v2\/media\/689"}],"wp:attachment":[{"href":"https:\/\/tenda.elmasove.com\/es\/wp-json\/wp\/v2\/media?parent=690"}],"wp:term":[{"taxonomy":"pwb-brand","embeddable":true,"href":"https:\/\/tenda.elmasove.com\/es\/wp-json\/wp\/v2\/pwb-brand?post=690"},{"taxonomy":"product_brand","embeddable":true,"href":"https:\/\/tenda.elmasove.com\/es\/wp-json\/wp\/v2\/product_brand?post=690"},{"taxonomy":"product_cat","embeddable":true,"href":"https:\/\/tenda.elmasove.com\/es\/wp-json\/wp\/v2\/product_cat?post=690"},{"taxonomy":"product_tag","embeddable":true,"href":"https:\/\/tenda.elmasove.com\/es\/wp-json\/wp\/v2\/product_tag?post=690"}],"curies":[{"name":"wp","href":"https:\/\/api.w.org\/{rel}","templated":true}]}}