{"id":670,"date":"2014-11-24T07:30:31","date_gmt":"2014-11-24T06:30:31","guid":{"rendered":"http:\/\/wp.elmasove.com\/product\/pe-a-botifarra-blanca-al-buit\/"},"modified":"2023-02-01T19:26:58","modified_gmt":"2023-02-01T18:26:58","slug":"botifarra-blanca-el-masove-2u","status":"publish","type":"product","link":"https:\/\/tenda.elmasove.com\/es\/tienda\/alimentacio\/pernils-i-embotits\/botifarra-blanca-el-masove-2u\/","title":{"rendered":"Butifarra Blanca El Masove (2u)"},"content":{"rendered":"<p>Butifarra Blanca El Masove producida en Catalu\u00f1a de forma totalmente artesanal y siguiendo la receta tradicional catalana.<\/p>\n<p>La Butifarra Blanca es un embutido tradicional del Empord\u00e0.<\/p>\n<p>Es un alimento muy energ\u00e9tico, rico en prote\u00ednas de alto valor biol\u00f3gico y vitaminas del grupo B. Tambi\u00e9n en excelente fuente de vitamina B12 y de hierro. Dentro de una alimentaci\u00f3n variada y equilibrada, su consumo ocasional es totalmente aconsejado.<\/p>\n<p><em>2 morcillas blancas de 300 g (cada una) envasadas al vac\u00edo<\/em><\/p>","protected":false},"excerpt":{"rendered":"<p>Embutido producido en Catalu\u00f1a de forma totalmente artesanal y siguiendo la receta tradicional catalana. El formato son dos butifarras de unos 300 g. cada una envasadas al vac\u00edo.<\/p>","protected":false},"featured_media":669,"template":"","meta":[],"pwb-brand":[191],"product_brand":[],"product_cat":[34,19],"product_tag":[],"class_list":{"0":"post-670","1":"product","2":"type-product","3":"status-publish","4":"has-post-thumbnail","6":"pwb-brand-el-masove","7":"product_cat-pernils-i-embotits","8":"product_cat-alimentacio","10":"first","11":"instock","12":"taxable","13":"shipping-taxable","14":"purchasable","15":"product-type-simple"},"brands":[{"id":191,"name":"El Masove","slug":"el-masove"}],"_links":{"self":[{"href":"https:\/\/tenda.elmasove.com\/es\/wp-json\/wp\/v2\/product\/670","targetHints":{"allow":["GET"]}}],"collection":[{"href":"https:\/\/tenda.elmasove.com\/es\/wp-json\/wp\/v2\/product"}],"about":[{"href":"https:\/\/tenda.elmasove.com\/es\/wp-json\/wp\/v2\/types\/product"}],"wp:featuredmedia":[{"embeddable":true,"href":"https:\/\/tenda.elmasove.com\/es\/wp-json\/wp\/v2\/media\/669"}],"wp:attachment":[{"href":"https:\/\/tenda.elmasove.com\/es\/wp-json\/wp\/v2\/media?parent=670"}],"wp:term":[{"taxonomy":"pwb-brand","embeddable":true,"href":"https:\/\/tenda.elmasove.com\/es\/wp-json\/wp\/v2\/pwb-brand?post=670"},{"taxonomy":"product_brand","embeddable":true,"href":"https:\/\/tenda.elmasove.com\/es\/wp-json\/wp\/v2\/product_brand?post=670"},{"taxonomy":"product_cat","embeddable":true,"href":"https:\/\/tenda.elmasove.com\/es\/wp-json\/wp\/v2\/product_cat?post=670"},{"taxonomy":"product_tag","embeddable":true,"href":"https:\/\/tenda.elmasove.com\/es\/wp-json\/wp\/v2\/product_tag?post=670"}],"curies":[{"name":"wp","href":"https:\/\/api.w.org\/{rel}","templated":true}]}}