{"id":658,"date":"2014-11-24T07:30:31","date_gmt":"2014-11-24T06:30:31","guid":{"rendered":"http:\/\/wp.elmasove.com\/product\/salchichon-iberic-1-2-pe-a\/"},"modified":"2026-03-12T10:37:28","modified_gmt":"2026-03-12T09:37:28","slug":"llonganissa-iberica-el-masove-1-2-peca","status":"publish","type":"product","link":"https:\/\/tenda.elmasove.com\/es\/tienda\/alimentacio\/pernils-i-embotits\/llonganissa-iberica-el-masove-1-2-peca\/","title":{"rendered":"Salchich\u00f3n Ib\u00e9rico \u201cEl Masove\u201d (1\/2 pieza)"},"content":{"rendered":"<p>Embutido tradicional hecho con magro de cerdo ib\u00e9rico. Se macera con sal, pimienta, algo de clavo, canela y vino de M\u00e1laga u otro equivalente. Curaci\u00f3n aproximada de 40 d\u00edas en bodega.<\/p>","protected":false},"excerpt":{"rendered":"<p>Embutido tradicional hecho con magro de cerdo ib\u00e9rico. Se macera con sal, pimienta, algo de clavo, canela y vino de M\u00e1laga u otro equivalente. Curaci\u00f3n aproximada de 40 d\u00edas en bodega.<\/p>","protected":false},"featured_media":657,"template":"","meta":[],"pwb-brand":[191],"product_brand":[],"product_cat":[34,19],"product_tag":[],"class_list":{"0":"post-658","1":"product","2":"type-product","3":"status-publish","4":"has-post-thumbnail","6":"pwb-brand-el-masove","7":"product_cat-pernils-i-embotits","8":"product_cat-alimentacio","10":"first","11":"instock","12":"taxable","13":"shipping-taxable","14":"purchasable","15":"product-type-simple"},"brands":[{"id":191,"name":"El Masove","slug":"el-masove"}],"_links":{"self":[{"href":"https:\/\/tenda.elmasove.com\/es\/wp-json\/wp\/v2\/product\/658","targetHints":{"allow":["GET"]}}],"collection":[{"href":"https:\/\/tenda.elmasove.com\/es\/wp-json\/wp\/v2\/product"}],"about":[{"href":"https:\/\/tenda.elmasove.com\/es\/wp-json\/wp\/v2\/types\/product"}],"wp:featuredmedia":[{"embeddable":true,"href":"https:\/\/tenda.elmasove.com\/es\/wp-json\/wp\/v2\/media\/657"}],"wp:attachment":[{"href":"https:\/\/tenda.elmasove.com\/es\/wp-json\/wp\/v2\/media?parent=658"}],"wp:term":[{"taxonomy":"pwb-brand","embeddable":true,"href":"https:\/\/tenda.elmasove.com\/es\/wp-json\/wp\/v2\/pwb-brand?post=658"},{"taxonomy":"product_brand","embeddable":true,"href":"https:\/\/tenda.elmasove.com\/es\/wp-json\/wp\/v2\/product_brand?post=658"},{"taxonomy":"product_cat","embeddable":true,"href":"https:\/\/tenda.elmasove.com\/es\/wp-json\/wp\/v2\/product_cat?post=658"},{"taxonomy":"product_tag","embeddable":true,"href":"https:\/\/tenda.elmasove.com\/es\/wp-json\/wp\/v2\/product_tag?post=658"}],"curies":[{"name":"wp","href":"https:\/\/api.w.org\/{rel}","templated":true}]}}