{"id":656,"date":"2014-11-24T07:30:31","date_gmt":"2014-11-24T06:30:31","guid":{"rendered":"http:\/\/wp.elmasove.com\/product\/xori-iberic-1-2-pe-a-al-buit\/"},"modified":"2026-03-12T10:40:29","modified_gmt":"2026-03-12T09:40:29","slug":"xoric-de-porc-iberic-1-2-peca","status":"publish","type":"product","link":"https:\/\/tenda.elmasove.com\/es\/tienda\/alimentacio\/pernils-i-embotits\/xoric-de-porc-iberic-1-2-peca\/","title":{"rendered":"Chorizo de Cerdo Ib\u00e9rico \u201cEl Masove\u201d (1\/2 pieza)"},"content":{"rendered":"<p>Magro de cerdo ib\u00e9rico 100 % puro de bellota con un porcentaje aproximado del 30% de presa y un 70% de hombro. Condimentos: especias, sal com\u00fan. Piment\u00f3n. All. Or\u00e9gano, otras especias, vino blanco y aceite de oliva virgen extra.<\/p>","protected":false},"excerpt":{"rendered":"<p>Magro de cerdo ib\u00e9rico 100 % puro de bellota con un porcentaje aproximado del 30% de presa y un 70% de hombro. Condimentos: especias, sal com\u00fan. Piment\u00f3n. All. Or\u00e9gano, otras especias, vino blanco y aceite de oliva virgen extra<\/p>","protected":false},"featured_media":655,"template":"","meta":[],"pwb-brand":[191],"product_brand":[],"product_cat":[34,19],"product_tag":[],"class_list":{"0":"post-656","1":"product","2":"type-product","3":"status-publish","4":"has-post-thumbnail","6":"pwb-brand-el-masove","7":"product_cat-pernils-i-embotits","8":"product_cat-alimentacio","10":"first","11":"instock","12":"taxable","13":"shipping-taxable","14":"purchasable","15":"product-type-simple"},"brands":[{"id":191,"name":"El Masove","slug":"el-masove"}],"_links":{"self":[{"href":"https:\/\/tenda.elmasove.com\/es\/wp-json\/wp\/v2\/product\/656","targetHints":{"allow":["GET"]}}],"collection":[{"href":"https:\/\/tenda.elmasove.com\/es\/wp-json\/wp\/v2\/product"}],"about":[{"href":"https:\/\/tenda.elmasove.com\/es\/wp-json\/wp\/v2\/types\/product"}],"wp:featuredmedia":[{"embeddable":true,"href":"https:\/\/tenda.elmasove.com\/es\/wp-json\/wp\/v2\/media\/655"}],"wp:attachment":[{"href":"https:\/\/tenda.elmasove.com\/es\/wp-json\/wp\/v2\/media?parent=656"}],"wp:term":[{"taxonomy":"pwb-brand","embeddable":true,"href":"https:\/\/tenda.elmasove.com\/es\/wp-json\/wp\/v2\/pwb-brand?post=656"},{"taxonomy":"product_brand","embeddable":true,"href":"https:\/\/tenda.elmasove.com\/es\/wp-json\/wp\/v2\/product_brand?post=656"},{"taxonomy":"product_cat","embeddable":true,"href":"https:\/\/tenda.elmasove.com\/es\/wp-json\/wp\/v2\/product_cat?post=656"},{"taxonomy":"product_tag","embeddable":true,"href":"https:\/\/tenda.elmasove.com\/es\/wp-json\/wp\/v2\/product_tag?post=656"}],"curies":[{"name":"wp","href":"https:\/\/api.w.org\/{rel}","templated":true}]}}