{"id":654,"date":"2014-11-24T07:30:31","date_gmt":"2014-11-24T06:30:31","guid":{"rendered":"http:\/\/wp.elmasove.com\/product\/pernil-bellota-7-7-5-kg-aprox\/"},"modified":"2026-03-12T09:54:51","modified_gmt":"2026-03-12T08:54:51","slug":"pernil-bellota-7-7-5-kg-aprox","status":"publish","type":"product","link":"https:\/\/tenda.elmasove.com\/es\/tienda\/nadal\/articles-per-nadal\/pernil-bellota-7-7-5-kg-aprox\/","title":{"rendered":"JAMON IBERICO 100% Puro \u201cBELLOTA\u201d (7- 8 kg aprox.)"},"content":{"rendered":"<p>Jam\u00f3n de Bellota 100% Ib\u00e9rico Seg\u00fan nuestra tradici\u00f3n. Obtenemos Nuestros Jamones de los muslos del cerdo, se trata de la parte m\u00e1s noble del cerdo ib\u00e9rico y se caracteriza por su poca cantidad de grasa y m\u00e1s elevados tiempos de curaci\u00f3n, m\u00e1s de 36 meses. Particularidades que le proporcionan aromas m\u00e1s delicados y complejos. El color rojo intenso con vetas de grasa blanca brillante caracteriza a nuestro jam\u00f3n. De aspecto jugoso y untuoso, aroma penetrante y sutil, se funde en boca, sabor intenso, complejo y elegante, con notas dulces y de bellota.<\/p>","protected":false},"excerpt":{"rendered":"<p>Jam\u00f3n de Bellota 100% Ib\u00e9rico Seg\u00fan nuestra tradici\u00f3n. Obtenemos Nuestros Jamones de los muslos del cerdo, se trata de la parte m\u00e1s noble del cerdo ib\u00e9rico y se caracteriza por su poca cantidad de grasa y m\u00e1s elevados tiempos de curaci\u00f3n, m\u00e1s de 36 meses. Particularidades que le proporcionan aromas m\u00e1s delicados y complejos. El color rojo intenso con vetas de grasa blanca brillante caracteriza a nuestro jam\u00f3n. De aspecto jugoso y untuoso, aroma penetrante y sutil, se funde en boca, sabor intenso, complejo y elegante, con notas dulces y de bellota.<\/p>","protected":false},"featured_media":653,"template":"","meta":[],"pwb-brand":[],"product_brand":[],"product_cat":[145,34,19,50,119,27],"product_tag":[],"class_list":{"0":"post-654","1":"product","2":"type-product","3":"status-publish","4":"has-post-thumbnail","6":"product_cat-nadal","7":"product_cat-pernils-i-embotits","8":"product_cat-alimentacio","9":"product_cat-embfor","10":"product_cat-pernils","11":"product_cat-articles-per-nadal","13":"first","14":"instock","15":"taxable","16":"shipping-taxable","17":"purchasable","18":"product-type-simple"},"brands":[],"_links":{"self":[{"href":"https:\/\/tenda.elmasove.com\/es\/wp-json\/wp\/v2\/product\/654","targetHints":{"allow":["GET"]}}],"collection":[{"href":"https:\/\/tenda.elmasove.com\/es\/wp-json\/wp\/v2\/product"}],"about":[{"href":"https:\/\/tenda.elmasove.com\/es\/wp-json\/wp\/v2\/types\/product"}],"wp:featuredmedia":[{"embeddable":true,"href":"https:\/\/tenda.elmasove.com\/es\/wp-json\/wp\/v2\/media\/653"}],"wp:attachment":[{"href":"https:\/\/tenda.elmasove.com\/es\/wp-json\/wp\/v2\/media?parent=654"}],"wp:term":[{"taxonomy":"pwb-brand","embeddable":true,"href":"https:\/\/tenda.elmasove.com\/es\/wp-json\/wp\/v2\/pwb-brand?post=654"},{"taxonomy":"product_brand","embeddable":true,"href":"https:\/\/tenda.elmasove.com\/es\/wp-json\/wp\/v2\/product_brand?post=654"},{"taxonomy":"product_cat","embeddable":true,"href":"https:\/\/tenda.elmasove.com\/es\/wp-json\/wp\/v2\/product_cat?post=654"},{"taxonomy":"product_tag","embeddable":true,"href":"https:\/\/tenda.elmasove.com\/es\/wp-json\/wp\/v2\/product_tag?post=654"}],"curies":[{"name":"wp","href":"https:\/\/api.w.org\/{rel}","templated":true}]}}