{"id":6449,"date":"2023-04-13T12:56:36","date_gmt":"2023-04-13T10:56:36","guid":{"rendered":"https:\/\/tenda.elmasove.com\/?post_type=product&#038;p=6449"},"modified":"2023-04-14T10:16:27","modified_gmt":"2023-04-14T08:16:27","slug":"fonter-125l-sense-retorn","status":"publish","type":"product","link":"https:\/\/tenda.elmasove.com\/es\/tienda\/begudes\/agua\/aigua-mineral-natural\/fonter-125l-sense-retorn\/","title":{"rendered":"Fonter 1,25l sin retorno."},"content":{"rendered":"<p>Font Vella, un agua mineral natural de pura naturaleza, creada en espacios naturales protegidos. Agua de mineralizaci\u00f3n d\u00e9bil, que contiene menos de 400 mg\/l. de residuo seco. Entre los minerales, destacan el calcio y el magnesio. La ingesta de agua Font Vella nos ayuda a conseguir las necesidades diarias de estos minerales, fundamentales para numerosos procesos fisiol\u00f3gicos\/del organismo. Al contener menos de 20 mg\/L de sodio, Font Vella es adecuada para acompa\u00f1ar dietas que necesitan un bajo aporte de este mineral. Adem\u00e1s, Almir\u00f3n, expertos en nutrici\u00f3n, recomiendan Font Vella para la preparaci\u00f3n de las comidas de los m\u00e1s peque\u00f1os. Font Vella 1,25L, viste tu mesa con el formato m\u00e1s elegante y sorprende a tus invitados. La gama de Font Vella para convertir lo ordinario en extraordinario.<\/p>","protected":false},"excerpt":{"rendered":"<p>Font Vella, un agua mineral natural de pura naturaleza, creada en espacios naturales protegidos. Agua de mineralizaci\u00f3n d\u00e9bil, que contiene menos de 400 mg\/l. de residuo seco<\/p>","protected":false},"featured_media":6450,"template":"","meta":[],"pwb-brand":[],"product_brand":[],"product_cat":[35,91],"product_tag":[],"class_list":{"0":"post-6449","1":"product","2":"type-product","3":"status-publish","4":"has-post-thumbnail","6":"product_cat-agua","7":"product_cat-aigua-mineral-natural","9":"first","10":"instock","11":"taxable","12":"shipping-taxable","13":"purchasable","14":"product-type-simple"},"brands":[],"_links":{"self":[{"href":"https:\/\/tenda.elmasove.com\/es\/wp-json\/wp\/v2\/product\/6449","targetHints":{"allow":["GET"]}}],"collection":[{"href":"https:\/\/tenda.elmasove.com\/es\/wp-json\/wp\/v2\/product"}],"about":[{"href":"https:\/\/tenda.elmasove.com\/es\/wp-json\/wp\/v2\/types\/product"}],"wp:featuredmedia":[{"embeddable":true,"href":"https:\/\/tenda.elmasove.com\/es\/wp-json\/wp\/v2\/media\/6450"}],"wp:attachment":[{"href":"https:\/\/tenda.elmasove.com\/es\/wp-json\/wp\/v2\/media?parent=6449"}],"wp:term":[{"taxonomy":"pwb-brand","embeddable":true,"href":"https:\/\/tenda.elmasove.com\/es\/wp-json\/wp\/v2\/pwb-brand?post=6449"},{"taxonomy":"product_brand","embeddable":true,"href":"https:\/\/tenda.elmasove.com\/es\/wp-json\/wp\/v2\/product_brand?post=6449"},{"taxonomy":"product_cat","embeddable":true,"href":"https:\/\/tenda.elmasove.com\/es\/wp-json\/wp\/v2\/product_cat?post=6449"},{"taxonomy":"product_tag","embeddable":true,"href":"https:\/\/tenda.elmasove.com\/es\/wp-json\/wp\/v2\/product_tag?post=6449"}],"curies":[{"name":"wp","href":"https:\/\/api.w.org\/{rel}","templated":true}]}}