{"id":642,"date":"2014-11-24T07:30:31","date_gmt":"2014-11-24T06:30:31","guid":{"rendered":"http:\/\/wp.elmasove.com\/product\/pe-a-salxitxo-iberic-al-buit\/"},"modified":"2026-03-12T10:23:00","modified_gmt":"2026-03-12T09:23:00","slug":"llonganissa-iberica-el-masove-1kg","status":"publish","type":"product","link":"https:\/\/tenda.elmasove.com\/es\/tienda\/alimentacio\/pernils-i-embotits\/llonganissa-iberica-el-masove-1kg\/","title":{"rendered":"Longaniza Ib\u00e9rica \u201cEl Masove\u201d (1kg)"},"content":{"rendered":"<p>Salchich\u00f3n Ib\u00e9rico de Jabugo, Antonio Casta\u00f1o, envasada al vac\u00edo. Embutido ib\u00e9rico que proviene del coraz\u00f3n del Parque Natural de la Sierra de Arecena y Picos de Aroche (Huelva). Curado en bodegas naturales, al aire de la sierra, con lo que se garantiza un excelente boque\u00e9 para los paladares m\u00e1s exigentes.<\/p>","protected":false},"excerpt":{"rendered":"<p>Salchich\u00f3n Ib\u00e9rico de Jabugo, Antonio Casta\u00f1o, envasada al vac\u00edo. Embutido ib\u00e9rico que proviene del coraz\u00f3n del Parque Natural de la Sierra de Arecena y Picos de Aroche (Huelva). Curado en bodegas naturales, al aire de la sierra, con lo que se garantiza un excelente boque\u00e9 para los paladares m\u00e1s exigentes.<\/p>","protected":false},"featured_media":641,"template":"","meta":[],"pwb-brand":[191],"product_brand":[],"product_cat":[34,19],"product_tag":[],"class_list":{"0":"post-642","1":"product","2":"type-product","3":"status-publish","4":"has-post-thumbnail","6":"pwb-brand-el-masove","7":"product_cat-pernils-i-embotits","8":"product_cat-alimentacio","10":"first","11":"instock","12":"taxable","13":"shipping-taxable","14":"purchasable","15":"product-type-simple"},"brands":[{"id":191,"name":"El Masove","slug":"el-masove"}],"_links":{"self":[{"href":"https:\/\/tenda.elmasove.com\/es\/wp-json\/wp\/v2\/product\/642","targetHints":{"allow":["GET"]}}],"collection":[{"href":"https:\/\/tenda.elmasove.com\/es\/wp-json\/wp\/v2\/product"}],"about":[{"href":"https:\/\/tenda.elmasove.com\/es\/wp-json\/wp\/v2\/types\/product"}],"wp:featuredmedia":[{"embeddable":true,"href":"https:\/\/tenda.elmasove.com\/es\/wp-json\/wp\/v2\/media\/641"}],"wp:attachment":[{"href":"https:\/\/tenda.elmasove.com\/es\/wp-json\/wp\/v2\/media?parent=642"}],"wp:term":[{"taxonomy":"pwb-brand","embeddable":true,"href":"https:\/\/tenda.elmasove.com\/es\/wp-json\/wp\/v2\/pwb-brand?post=642"},{"taxonomy":"product_brand","embeddable":true,"href":"https:\/\/tenda.elmasove.com\/es\/wp-json\/wp\/v2\/product_brand?post=642"},{"taxonomy":"product_cat","embeddable":true,"href":"https:\/\/tenda.elmasove.com\/es\/wp-json\/wp\/v2\/product_cat?post=642"},{"taxonomy":"product_tag","embeddable":true,"href":"https:\/\/tenda.elmasove.com\/es\/wp-json\/wp\/v2\/product_tag?post=642"}],"curies":[{"name":"wp","href":"https:\/\/api.w.org\/{rel}","templated":true}]}}