{"id":61,"date":"2014-11-24T07:30:20","date_gmt":"2014-11-24T06:30:20","guid":{"rendered":"http:\/\/wp.elmasove.com\/product\/garrafa-5l-pl-stic-vi-negre-13\/"},"modified":"2022-03-02T19:55:50","modified_gmt":"2022-03-02T18:55:50","slug":"garrafa-5l-pl-stic-vi-negre-13","status":"publish","type":"product","link":"https:\/\/tenda.elmasove.com\/es\/tienda\/begudes\/vins-i-caves\/vinos\/vins-a-granel\/vins-negres\/garrafa-5l-pl-stic-vi-negre-13\/","title":{"rendered":"Vino Tinto 13\u00ba \u201cEl Masove\u201d (5L)"},"content":{"rendered":"<p>Garrafa de pl\u00e1stico de 5 L. de vino tinto. Vino tinto seco de mesa superior. Vino joven de color rojo cereza con matices semillas. Vino sabroso en boca, bien estructurado y equilibrado en cuerpo y aroma. Perfecto para acompa\u00f1ar todo tipo de carnes y quesos curados. Caracter\u00edstico de las zonas vin\u00edcolas del Tarragon\u00e9s y Priorat. Graduaci\u00f3n alcoh\u00f3lica 13\u00ba.<\/p>","protected":false},"excerpt":{"rendered":"<p>Garrafa de pl\u00e1stico de 5 L. de vino tinto. Vino tinto seco de mesa superior. Vino joven de color rojo cereza con matices semillas. Vino sabroso en boca, bien estructurado y equilibrado en cuerpo y aroma. Perfecto para acompa\u00f1ar todo tipo de carnes y quesos curados. Caracter\u00edstico de las zonas vin\u00edcolas del Tarragon\u00e9s y Priorat. Graduaci\u00f3n alcoh\u00f3lica 13\u00ba.<\/p>","protected":false},"featured_media":60,"template":"","meta":[],"pwb-brand":[191],"product_brand":[],"product_cat":[33,85,127,17],"product_tag":[],"class_list":{"0":"post-61","1":"product","2":"type-product","3":"status-publish","4":"has-post-thumbnail","6":"pwb-brand-el-masove","7":"product_cat-vinos","8":"product_cat-vins-a-granel","9":"product_cat-vins-negres","10":"product_cat-begudes","12":"first","13":"instock","14":"taxable","15":"shipping-taxable","16":"purchasable","17":"product-type-simple"},"brands":[{"id":191,"name":"El Masove","slug":"el-masove"}],"_links":{"self":[{"href":"https:\/\/tenda.elmasove.com\/es\/wp-json\/wp\/v2\/product\/61","targetHints":{"allow":["GET"]}}],"collection":[{"href":"https:\/\/tenda.elmasove.com\/es\/wp-json\/wp\/v2\/product"}],"about":[{"href":"https:\/\/tenda.elmasove.com\/es\/wp-json\/wp\/v2\/types\/product"}],"wp:featuredmedia":[{"embeddable":true,"href":"https:\/\/tenda.elmasove.com\/es\/wp-json\/wp\/v2\/media\/60"}],"wp:attachment":[{"href":"https:\/\/tenda.elmasove.com\/es\/wp-json\/wp\/v2\/media?parent=61"}],"wp:term":[{"taxonomy":"pwb-brand","embeddable":true,"href":"https:\/\/tenda.elmasove.com\/es\/wp-json\/wp\/v2\/pwb-brand?post=61"},{"taxonomy":"product_brand","embeddable":true,"href":"https:\/\/tenda.elmasove.com\/es\/wp-json\/wp\/v2\/product_brand?post=61"},{"taxonomy":"product_cat","embeddable":true,"href":"https:\/\/tenda.elmasove.com\/es\/wp-json\/wp\/v2\/product_cat?post=61"},{"taxonomy":"product_tag","embeddable":true,"href":"https:\/\/tenda.elmasove.com\/es\/wp-json\/wp\/v2\/product_tag?post=61"}],"curies":[{"name":"wp","href":"https:\/\/api.w.org\/{rel}","templated":true}]}}