{"id":578,"date":"2014-11-24T07:30:29","date_gmt":"2014-11-24T06:30:29","guid":{"rendered":"http:\/\/wp.elmasove.com\/product\/cxa-4-6-bot-bitter-kas-vidre\/"},"modified":"2026-03-06T12:58:21","modified_gmt":"2026-03-06T11:58:21","slug":"bitter-kas-botella-de-vidre-24u-x-25cl","status":"publish","type":"product","link":"https:\/\/tenda.elmasove.com\/es\/tienda\/begudes\/sense-alcohol\/isotoniques\/bitter-kas-botella-de-vidre-24u-x-25cl\/","title":{"rendered":"Bitter Kas (24u x 25cl)"},"content":{"rendered":"<p>Bitter Kas es un refresco carbonato aromatizado con quinina. Elaborado con \u00e1cido c\u00edtrico y az\u00facar para mitigar un poco el sabor amargo de la quinina.<\/p>\n<p>Quiz\u00e1 sea el uso de la genciana y su capacidad para estimular el apetito lo que ha convertido a Bitter Kas en una bebida habitual para el aperitivo. La opci\u00f3n para quienes no quieren beber alcohol, pero optan por una bebida a la que su tonalidad rosa le da cierto aire de c\u00f3ctel, con aceituna incluida. O f\u00e1bula de lim\u00f3n o de naranja, en su formato m\u00e1s habitual.<\/p>\n<p><strong>Conservaci\u00f3n y utilizaci\u00f3n<\/strong><br \/>\nProteger de la luz solar y de olores agresivos. No congelar. Conservar en lugar limpio, fresco y seco. Evitar el contacto directo con el suelo.<\/p>\n<p><em>24 botellas de vidrio de 25 cl.<\/em><\/p>","protected":false},"excerpt":{"rendered":"<p>Refresco carbonato aromatizado con quinina. Elaborada con \u00e1cido c\u00edtrico y az\u00facar para mitigar un poco el sabor amargo de la quinina.<\/p>\n<p><em>24 botellas de vidrio de 25 cl.<\/em><\/p>","protected":false},"featured_media":2354,"template":"","meta":[],"pwb-brand":[239],"product_brand":[],"product_cat":[114,56],"product_tag":[],"class_list":{"0":"post-578","1":"product","2":"type-product","3":"status-publish","4":"has-post-thumbnail","6":"pwb-brand-bitter-kas","7":"product_cat-isotoniques","8":"product_cat-sense-alcohol","10":"first","11":"instock","12":"taxable","13":"shipping-taxable","14":"purchasable","15":"product-type-simple"},"brands":[{"id":239,"name":"Bitter Kas","slug":"bitter-kas"}],"_links":{"self":[{"href":"https:\/\/tenda.elmasove.com\/es\/wp-json\/wp\/v2\/product\/578","targetHints":{"allow":["GET"]}}],"collection":[{"href":"https:\/\/tenda.elmasove.com\/es\/wp-json\/wp\/v2\/product"}],"about":[{"href":"https:\/\/tenda.elmasove.com\/es\/wp-json\/wp\/v2\/types\/product"}],"wp:featuredmedia":[{"embeddable":true,"href":"https:\/\/tenda.elmasove.com\/es\/wp-json\/wp\/v2\/media\/2354"}],"wp:attachment":[{"href":"https:\/\/tenda.elmasove.com\/es\/wp-json\/wp\/v2\/media?parent=578"}],"wp:term":[{"taxonomy":"pwb-brand","embeddable":true,"href":"https:\/\/tenda.elmasove.com\/es\/wp-json\/wp\/v2\/pwb-brand?post=578"},{"taxonomy":"product_brand","embeddable":true,"href":"https:\/\/tenda.elmasove.com\/es\/wp-json\/wp\/v2\/product_brand?post=578"},{"taxonomy":"product_cat","embeddable":true,"href":"https:\/\/tenda.elmasove.com\/es\/wp-json\/wp\/v2\/product_cat?post=578"},{"taxonomy":"product_tag","embeddable":true,"href":"https:\/\/tenda.elmasove.com\/es\/wp-json\/wp\/v2\/product_tag?post=578"}],"curies":[{"name":"wp","href":"https:\/\/api.w.org\/{rel}","templated":true}]}}