{"id":576,"date":"2014-11-24T07:30:29","date_gmt":"2014-11-24T06:30:29","guid":{"rendered":"http:\/\/wp.elmasove.com\/product\/cxa-24-llaunes-red-bull\/"},"modified":"2026-03-06T12:54:26","modified_gmt":"2026-03-06T11:54:26","slug":"red-bull-24u","status":"publish","type":"product","link":"https:\/\/tenda.elmasove.com\/es\/tienda\/begudes\/sense-alcohol\/isotoniques\/red-bull-24u\/","title":{"rendered":"Red Bull (24u)"},"content":{"rendered":"<p>Red Bull es una bebida elerg\u00e9tica apreciada en todo el mundo por deportistas de alto nivel, estudiantes, y en profesiones muy exigentes, as\u00ed como en largos trayectos en coche.<\/p>\n<p>Su f\u00f3rmula especial y combinaci\u00f3n \u00fanica de ingredientes han sido desarrollados para aportar ayuda extra durante momentos de especial esfuerzo f\u00edsico y mental. Ayuda a revitalizar cuerpo y mente. Alto contenido en cafe\u00edna y taurina.<\/p>\n<p>La cafe\u00edna es conocida por sus efectos estimulantes sobre el organismo desde las civilizaciones antiguas que la consum\u00edan de fuentes naturales como el t\u00e9, el caf\u00e9, el cacao y las nueces de cola.<\/p>\n<p>La taurina es un amino\u00e1cido que se encuentra de forma natural en el cuerpo humano y est\u00e1 presente en la dieta diaria. Tiene diversas funciones biol\u00f3gicas.<\/p>\n<p><em>24 latas de Red Bull<\/em><\/p>","protected":false},"excerpt":{"rendered":"<p>Red Bull es una bebida elerg\u00e9tica apreciada en todo el mundo por deportistas de alto nivel, estudiantes, y en profesiones muy exigentes, as\u00ed como en largos trayectos en coche.<\/p>\n<p><em>24 latas de Red Bull<\/em><\/p>","protected":false},"featured_media":575,"template":"","meta":[],"pwb-brand":[240],"product_brand":[],"product_cat":[114],"product_tag":[],"class_list":{"0":"post-576","1":"product","2":"type-product","3":"status-publish","4":"has-post-thumbnail","6":"pwb-brand-red-bull","7":"product_cat-isotoniques","9":"first","10":"instock","11":"taxable","12":"shipping-taxable","13":"purchasable","14":"product-type-simple"},"brands":[{"id":240,"name":"Red Bull","slug":"red-bull"}],"_links":{"self":[{"href":"https:\/\/tenda.elmasove.com\/es\/wp-json\/wp\/v2\/product\/576","targetHints":{"allow":["GET"]}}],"collection":[{"href":"https:\/\/tenda.elmasove.com\/es\/wp-json\/wp\/v2\/product"}],"about":[{"href":"https:\/\/tenda.elmasove.com\/es\/wp-json\/wp\/v2\/types\/product"}],"wp:featuredmedia":[{"embeddable":true,"href":"https:\/\/tenda.elmasove.com\/es\/wp-json\/wp\/v2\/media\/575"}],"wp:attachment":[{"href":"https:\/\/tenda.elmasove.com\/es\/wp-json\/wp\/v2\/media?parent=576"}],"wp:term":[{"taxonomy":"pwb-brand","embeddable":true,"href":"https:\/\/tenda.elmasove.com\/es\/wp-json\/wp\/v2\/pwb-brand?post=576"},{"taxonomy":"product_brand","embeddable":true,"href":"https:\/\/tenda.elmasove.com\/es\/wp-json\/wp\/v2\/product_brand?post=576"},{"taxonomy":"product_cat","embeddable":true,"href":"https:\/\/tenda.elmasove.com\/es\/wp-json\/wp\/v2\/product_cat?post=576"},{"taxonomy":"product_tag","embeddable":true,"href":"https:\/\/tenda.elmasove.com\/es\/wp-json\/wp\/v2\/product_tag?post=576"}],"curies":[{"name":"wp","href":"https:\/\/api.w.org\/{rel}","templated":true}]}}