{"id":574,"date":"2014-11-24T07:30:29","date_gmt":"2014-11-24T06:30:29","guid":{"rendered":"http:\/\/wp.elmasove.com\/product\/cxa-24-llaunes-bitter-kas\/"},"modified":"2026-03-06T12:36:43","modified_gmt":"2026-03-06T11:36:43","slug":"bitter-kas-llauna-24u-x-33cl","status":"publish","type":"product","link":"https:\/\/tenda.elmasove.com\/es\/tienda\/begudes\/sense-alcohol\/isotoniques\/bitter-kas-llauna-24u-x-33cl\/","title":{"rendered":"Bitter Kas (24u x 33cl)"},"content":{"rendered":"<p>Bitter Kas es un refresco carbonato aromatizado con quinina. Elaborado con \u00e1cido c\u00edtrico y az\u00facar para mitigar un poco el sabor amargo de la quinina.<\/p>\n<p>Quiz\u00e1 sea el uso de la genciana y su capacidad para estimular el apetito lo que ha convertido a Bitter Kas en una bebida habitual para el aperitivo. La opci\u00f3n para quienes no quieren beber alcohol, pero optan por una bebida a la que su tonalidad rosa le da cierto aire de c\u00f3ctel, con aceituna incluida. O f\u00e1bula de lim\u00f3n o de naranja, en su formato m\u00e1s habitual.<\/p>\n<p><strong>Conservaci\u00f3n y utilizaci\u00f3n<\/strong><br \/>\nProteger de la luz solar y de olores agresivos. No congelar. Conservar en lugar limpio, fresco y seco. Evitar el contacto directo con el suelo.<\/p>\n<p><em>24 latas de 33 cl.<\/em><\/p>","protected":false},"excerpt":{"rendered":"<p>Bitter Kas en una bebida habitual por el aperitivo. La opci\u00f3n para quienes no quieren beber alcohol, pero optan por una bebida a la que su tonalidad rosa le da cierto aire de c\u00f3ctel, con aceituna incluida.<\/p>\n<p><em>24 latas de 33 cl.<\/em><\/p>","protected":false},"featured_media":2355,"template":"","meta":[],"pwb-brand":[239],"product_brand":[],"product_cat":[114],"product_tag":[],"class_list":{"0":"post-574","1":"product","2":"type-product","3":"status-publish","4":"has-post-thumbnail","6":"pwb-brand-bitter-kas","7":"product_cat-isotoniques","9":"first","10":"instock","11":"taxable","12":"shipping-taxable","13":"purchasable","14":"product-type-simple"},"brands":[{"id":239,"name":"Bitter Kas","slug":"bitter-kas"}],"_links":{"self":[{"href":"https:\/\/tenda.elmasove.com\/es\/wp-json\/wp\/v2\/product\/574","targetHints":{"allow":["GET"]}}],"collection":[{"href":"https:\/\/tenda.elmasove.com\/es\/wp-json\/wp\/v2\/product"}],"about":[{"href":"https:\/\/tenda.elmasove.com\/es\/wp-json\/wp\/v2\/types\/product"}],"wp:featuredmedia":[{"embeddable":true,"href":"https:\/\/tenda.elmasove.com\/es\/wp-json\/wp\/v2\/media\/2355"}],"wp:attachment":[{"href":"https:\/\/tenda.elmasove.com\/es\/wp-json\/wp\/v2\/media?parent=574"}],"wp:term":[{"taxonomy":"pwb-brand","embeddable":true,"href":"https:\/\/tenda.elmasove.com\/es\/wp-json\/wp\/v2\/pwb-brand?post=574"},{"taxonomy":"product_brand","embeddable":true,"href":"https:\/\/tenda.elmasove.com\/es\/wp-json\/wp\/v2\/product_brand?post=574"},{"taxonomy":"product_cat","embeddable":true,"href":"https:\/\/tenda.elmasove.com\/es\/wp-json\/wp\/v2\/product_cat?post=574"},{"taxonomy":"product_tag","embeddable":true,"href":"https:\/\/tenda.elmasove.com\/es\/wp-json\/wp\/v2\/product_tag?post=574"}],"curies":[{"name":"wp","href":"https:\/\/api.w.org\/{rel}","templated":true}]}}