{"id":570,"date":"2014-11-24T07:30:29","date_gmt":"2014-11-24T06:30:29","guid":{"rendered":"http:\/\/wp.elmasove.com\/product\/cxa-24-llaunes-aquarius-normal\/"},"modified":"2026-03-06T12:44:46","modified_gmt":"2026-03-06T11:44:46","slug":"refresc-aquarius-24","status":"publish","type":"product","link":"https:\/\/tenda.elmasove.com\/es\/tienda\/begudes\/sense-alcohol\/isotoniques\/refresc-aquarius-24\/","title":{"rendered":"Refresco \u201cAquarius\u201d (24u)"},"content":{"rendered":"<p>Acuario normal latas 33 cl.caja 24 unidades.Ayuda a reponer r\u00e1pidamente el agua y las sales minerales que el cuerpo pierde durante un esfuerzo f\u00edsico. Su composici\u00f3n est\u00e1 formulada para ayudar a recuperar la energ\u00eda (hidratos de carbono) y los minerales eliminados por el organismo a trav\u00e9s del sudor. Aconsejado por los m\u00e9dicos por las personas regular la hidrataci\u00f3n del organismo ya que act\u00faa como suero.<\/p>","protected":false},"excerpt":{"rendered":"<p>Acuario normal latas 33 cl.caja 24 unidades.Ayuda a reponer r\u00e1pidamente el agua y las sales minerales que el cuerpo pierde durante un esfuerzo f\u00edsico. Su composici\u00f3n est\u00e1 formulada para ayudar a recuperar la energ\u00eda (hidratos de carbono) y los minerales eliminados por el organismo a trav\u00e9s del sudor. Aconsejado por los m\u00e9dicos por las personas regular la hidrataci\u00f3n del organismo ya que act\u00faa como suero.<\/p>","protected":false},"featured_media":569,"template":"","meta":[],"pwb-brand":[238],"product_brand":[],"product_cat":[114],"product_tag":[],"class_list":{"0":"post-570","1":"product","2":"type-product","3":"status-publish","4":"has-post-thumbnail","6":"pwb-brand-aquarius","7":"product_cat-isotoniques","9":"first","10":"instock","11":"taxable","12":"shipping-taxable","13":"purchasable","14":"product-type-simple"},"brands":[{"id":238,"name":"Acuario","slug":"aquarius"}],"_links":{"self":[{"href":"https:\/\/tenda.elmasove.com\/es\/wp-json\/wp\/v2\/product\/570","targetHints":{"allow":["GET"]}}],"collection":[{"href":"https:\/\/tenda.elmasove.com\/es\/wp-json\/wp\/v2\/product"}],"about":[{"href":"https:\/\/tenda.elmasove.com\/es\/wp-json\/wp\/v2\/types\/product"}],"wp:featuredmedia":[{"embeddable":true,"href":"https:\/\/tenda.elmasove.com\/es\/wp-json\/wp\/v2\/media\/569"}],"wp:attachment":[{"href":"https:\/\/tenda.elmasove.com\/es\/wp-json\/wp\/v2\/media?parent=570"}],"wp:term":[{"taxonomy":"pwb-brand","embeddable":true,"href":"https:\/\/tenda.elmasove.com\/es\/wp-json\/wp\/v2\/pwb-brand?post=570"},{"taxonomy":"product_brand","embeddable":true,"href":"https:\/\/tenda.elmasove.com\/es\/wp-json\/wp\/v2\/product_brand?post=570"},{"taxonomy":"product_cat","embeddable":true,"href":"https:\/\/tenda.elmasove.com\/es\/wp-json\/wp\/v2\/product_cat?post=570"},{"taxonomy":"product_tag","embeddable":true,"href":"https:\/\/tenda.elmasove.com\/es\/wp-json\/wp\/v2\/product_tag?post=570"}],"curies":[{"name":"wp","href":"https:\/\/api.w.org\/{rel}","templated":true}]}}