{"id":560,"date":"2014-11-24T07:30:29","date_gmt":"2014-11-24T06:30:29","guid":{"rendered":"http:\/\/wp.elmasove.com\/product\/pack-6-ampolles-25cl-cervesa-free-damm\/"},"modified":"2026-03-06T12:03:45","modified_gmt":"2026-03-06T11:03:45","slug":"cervesa-free-damm-25cl-2","status":"publish","type":"product","link":"https:\/\/tenda.elmasove.com\/es\/tienda\/begudes\/cerveses\/cervesa-free-damm-25cl-2\/","title":{"rendered":"Cerveza &quot;Free Damm&quot; (6x25cl)"},"content":{"rendered":"<p>Cerveza Damm Free sin alcohol, botella de 25 cl. pack 6 unidades no retornables. Cerveza sin alcohol que ha reducido hasta la m\u00ednima expresi\u00f3n su contenido cal\u00f3rico. Producto de gran calidad, aut\u00e9ntico y con todo su gusto, pero con menos calor\u00edas (s\u00f3lo 10 kcal. por cada 100 ml.). Grado alcoh\u00f3lico 0,0\u00ba.<\/p>","protected":false},"excerpt":{"rendered":"<p>Cerveza Damm Free sin alcohol, botella de 25 cl. pack 6 unidades no retornables. Cerveza sin alcohol que ha reducido hasta la m\u00ednima expresi\u00f3n su contenido cal\u00f3rico. Producto de gran calidad, aut\u00e9ntico y con todo su gusto, pero con menos calor\u00edas (s\u00f3lo 10 kcal. por cada 100 ml.). Grado alcoh\u00f3lico 0,0\u00ba.<\/p>","protected":false},"featured_media":559,"template":"","meta":[],"pwb-brand":[234],"product_brand":[],"product_cat":[38,17],"product_tag":[],"class_list":{"0":"post-560","1":"product","2":"type-product","3":"status-publish","4":"has-post-thumbnail","6":"pwb-brand-free-damm","7":"product_cat-cerveses","8":"product_cat-begudes","10":"first","11":"instock","12":"taxable","13":"shipping-taxable","14":"purchasable","15":"product-type-simple"},"brands":[{"id":234,"name":"Free Damm","slug":"free-damm"}],"_links":{"self":[{"href":"https:\/\/tenda.elmasove.com\/es\/wp-json\/wp\/v2\/product\/560","targetHints":{"allow":["GET"]}}],"collection":[{"href":"https:\/\/tenda.elmasove.com\/es\/wp-json\/wp\/v2\/product"}],"about":[{"href":"https:\/\/tenda.elmasove.com\/es\/wp-json\/wp\/v2\/types\/product"}],"wp:featuredmedia":[{"embeddable":true,"href":"https:\/\/tenda.elmasove.com\/es\/wp-json\/wp\/v2\/media\/559"}],"wp:attachment":[{"href":"https:\/\/tenda.elmasove.com\/es\/wp-json\/wp\/v2\/media?parent=560"}],"wp:term":[{"taxonomy":"pwb-brand","embeddable":true,"href":"https:\/\/tenda.elmasove.com\/es\/wp-json\/wp\/v2\/pwb-brand?post=560"},{"taxonomy":"product_brand","embeddable":true,"href":"https:\/\/tenda.elmasove.com\/es\/wp-json\/wp\/v2\/product_brand?post=560"},{"taxonomy":"product_cat","embeddable":true,"href":"https:\/\/tenda.elmasove.com\/es\/wp-json\/wp\/v2\/product_cat?post=560"},{"taxonomy":"product_tag","embeddable":true,"href":"https:\/\/tenda.elmasove.com\/es\/wp-json\/wp\/v2\/product_tag?post=560"}],"curies":[{"name":"wp","href":"https:\/\/api.w.org\/{rel}","templated":true}]}}