{"id":556,"date":"2014-11-24T07:30:29","date_gmt":"2014-11-24T06:30:29","guid":{"rendered":"http:\/\/wp.elmasove.com\/product\/pack-6-ampolles-25cl-cervesa-damm-vermella\/"},"modified":"2026-03-06T12:08:22","modified_gmt":"2026-03-06T11:08:22","slug":"cervesa-damm-25cl-2","status":"publish","type":"product","link":"https:\/\/tenda.elmasove.com\/es\/tienda\/begudes\/cerveses\/cervesa-damm-25cl-2\/","title":{"rendered":"Cerveza \u201cEstrella Damm\u201d (6x25cl)"},"content":{"rendered":"<p>Cerveza Estrella Damm, botella de 25 cl. pack 6 unidades no retornables. Es la culminaci\u00f3n de la experiencia centenaria de Damm en la elaboraci\u00f3n de cervezas. Cerveza lager de gusto y car\u00e1cter universal, ideal para beber en cualquier momento del d\u00eda. De cuidada elaboraci\u00f3n y gran calidad, fruto de la selecci\u00f3n de sus materias primas. Destaca su cremosa espuma aromatizada por el l\u00fapulo y su refrescante sabor. Grado alcoh\u00f3lico: 5,4\u00ba.<\/p>","protected":false},"excerpt":{"rendered":"<p>Cerveza Estrella Damm, botella de 25 cl. pack 6 unidades no retornables. Es la culminaci\u00f3n de la experiencia centenaria de Damm en la elaboraci\u00f3n de cervezas. Cerveza lager de gusto y car\u00e1cter universal, ideal para beber en cualquier momento del d\u00eda. De cuidada elaboraci\u00f3n y gran calidad, fruto de la selecci\u00f3n de sus materias primas. Destaca su cremosa espuma aromatizada por el l\u00fapulo y su refrescante sabor. Grado alcoh\u00f3lico: 5,4\u00ba.<\/p>","protected":false},"featured_media":555,"template":"","meta":[],"pwb-brand":[227],"product_brand":[],"product_cat":[38,17],"product_tag":[],"class_list":{"0":"post-556","1":"product","2":"type-product","3":"status-publish","4":"has-post-thumbnail","6":"pwb-brand-estrella-damm","7":"product_cat-cerveses","8":"product_cat-begudes","10":"first","11":"instock","12":"taxable","13":"shipping-taxable","14":"purchasable","15":"product-type-simple"},"brands":[{"id":227,"name":"Estrella Damm","slug":"estrella-damm"}],"_links":{"self":[{"href":"https:\/\/tenda.elmasove.com\/es\/wp-json\/wp\/v2\/product\/556","targetHints":{"allow":["GET"]}}],"collection":[{"href":"https:\/\/tenda.elmasove.com\/es\/wp-json\/wp\/v2\/product"}],"about":[{"href":"https:\/\/tenda.elmasove.com\/es\/wp-json\/wp\/v2\/types\/product"}],"wp:featuredmedia":[{"embeddable":true,"href":"https:\/\/tenda.elmasove.com\/es\/wp-json\/wp\/v2\/media\/555"}],"wp:attachment":[{"href":"https:\/\/tenda.elmasove.com\/es\/wp-json\/wp\/v2\/media?parent=556"}],"wp:term":[{"taxonomy":"pwb-brand","embeddable":true,"href":"https:\/\/tenda.elmasove.com\/es\/wp-json\/wp\/v2\/pwb-brand?post=556"},{"taxonomy":"product_brand","embeddable":true,"href":"https:\/\/tenda.elmasove.com\/es\/wp-json\/wp\/v2\/product_brand?post=556"},{"taxonomy":"product_cat","embeddable":true,"href":"https:\/\/tenda.elmasove.com\/es\/wp-json\/wp\/v2\/product_cat?post=556"},{"taxonomy":"product_tag","embeddable":true,"href":"https:\/\/tenda.elmasove.com\/es\/wp-json\/wp\/v2\/product_tag?post=556"}],"curies":[{"name":"wp","href":"https:\/\/api.w.org\/{rel}","templated":true}]}}