{"id":550,"date":"2014-11-24T07:30:29","date_gmt":"2014-11-24T06:30:29","guid":{"rendered":"http:\/\/wp.elmasove.com\/product\/caixa-30-ampolles-quintos-free-damm-lemon-devoluci-3-90-al-retornar-l-env-s\/"},"modified":"2026-03-06T11:44:19","modified_gmt":"2026-03-06T10:44:19","slug":"cervesa-quinto-free-damm-lemon-30u-x-20-cl-inclos-4e-envas-retornable","status":"publish","type":"product","link":"https:\/\/tenda.elmasove.com\/es\/tienda\/begudes\/cerveses\/cervesa-quinto-free-damm-lemon-30u-x-20-cl-inclos-4e-envas-retornable\/","title":{"rendered":"Cerveza Quinto \u201cFree Damm\u201d Lemon (30u x 20 cl) \u2013 incluido 4\u20ac envase retornable."},"content":{"rendered":"<p>Cerveza con lim\u00f3n sin alcohol, botella de 20 cl. caja 30 unidades retornables. Cerveza sin alcohol que ha reducido hasta la m\u00ednima expresi\u00f3n su contenido cal\u00f3rico. Producto de gran calidad, aut\u00e9ntico y con todo su gusto, pero con menos calor\u00edas (s\u00f3lo 10 kcal por cada 100 ml.). Sabor a lim\u00f3n con un toque frutal. Grado alcoh\u00f3lico 0,0\u00ba. Envase incluido en el precio.<\/p>","protected":false},"excerpt":{"rendered":"<p>Cerveza con lim\u00f3n sin alcohol, botella de 20 cl. caja 30 unidades retornables. Cerveza sin alcohol que ha reducido hasta la m\u00ednima expresi\u00f3n su contenido cal\u00f3rico. Producto de gran calidad, aut\u00e9ntico y con todo su gusto, pero con menos calor\u00edas (s\u00f3lo 10 kcal por cada 100 ml.). Sabor a lim\u00f3n con un toque frutal. Grado alcoh\u00f3lico 0,0\u00ba. Envase incluido en el precio.<\/p>","protected":false},"featured_media":549,"template":"","meta":[],"pwb-brand":[234],"product_brand":[],"product_cat":[172,38,17],"product_tag":[],"class_list":{"0":"post-550","1":"product","2":"type-product","3":"status-publish","4":"has-post-thumbnail","6":"pwb-brand-free-damm","7":"product_cat-retornables","8":"product_cat-cerveses","9":"product_cat-begudes","11":"first","12":"instock","13":"taxable","14":"shipping-taxable","15":"purchasable","16":"product-type-simple"},"brands":[{"id":234,"name":"Free Damm","slug":"free-damm"}],"_links":{"self":[{"href":"https:\/\/tenda.elmasove.com\/es\/wp-json\/wp\/v2\/product\/550","targetHints":{"allow":["GET"]}}],"collection":[{"href":"https:\/\/tenda.elmasove.com\/es\/wp-json\/wp\/v2\/product"}],"about":[{"href":"https:\/\/tenda.elmasove.com\/es\/wp-json\/wp\/v2\/types\/product"}],"wp:featuredmedia":[{"embeddable":true,"href":"https:\/\/tenda.elmasove.com\/es\/wp-json\/wp\/v2\/media\/549"}],"wp:attachment":[{"href":"https:\/\/tenda.elmasove.com\/es\/wp-json\/wp\/v2\/media?parent=550"}],"wp:term":[{"taxonomy":"pwb-brand","embeddable":true,"href":"https:\/\/tenda.elmasove.com\/es\/wp-json\/wp\/v2\/pwb-brand?post=550"},{"taxonomy":"product_brand","embeddable":true,"href":"https:\/\/tenda.elmasove.com\/es\/wp-json\/wp\/v2\/product_brand?post=550"},{"taxonomy":"product_cat","embeddable":true,"href":"https:\/\/tenda.elmasove.com\/es\/wp-json\/wp\/v2\/product_cat?post=550"},{"taxonomy":"product_tag","embeddable":true,"href":"https:\/\/tenda.elmasove.com\/es\/wp-json\/wp\/v2\/product_tag?post=550"}],"curies":[{"name":"wp","href":"https:\/\/api.w.org\/{rel}","templated":true}]}}